{"id":3915,"date":"2020-09-30T23:56:27","date_gmt":"2020-09-30T23:56:27","guid":{"rendered":"https:\/\/stunet.com.au\/ES\/?page_id=3915"},"modified":"2020-11-11T23:14:44","modified_gmt":"2020-11-11T23:14:44","slug":"politicas-de-calidad","status":"publish","type":"page","link":"https:\/\/stunet.com.au\/ES\/politicas-de-calidad\/","title":{"rendered":"Pol\u00edticas de calidad"},"content":{"rendered":"\t\t<div data-elementor-type=\"wp-page\" data-elementor-id=\"3915\" class=\"elementor elementor-3915\">\n\t\t\t\t\t\t<section class=\"elementor-section elementor-top-section elementor-element elementor-element-7b12f6d elementor-section-height-min-height elementor-section-stretched elementor-section-boxed elementor-section-height-default elementor-section-items-middle\" data-id=\"7b12f6d\" data-element_type=\"section\" data-settings=\"{&quot;stretch_section&quot;:&quot;section-stretched&quot;,&quot;background_background&quot;:&quot;classic&quot;,&quot;shape_divider_bottom&quot;:&quot;tilt&quot;}\">\n\t\t\t\t\t\t\t<div class=\"elementor-background-overlay\"><\/div>\n\t\t\t\t\t\t<div class=\"elementor-shape elementor-shape-bottom\" data-negative=\"false\">\n\t\t\t<svg xmlns=\"http:\/\/www.w3.org\/2000\/svg\" viewBox=\"0 0 1000 100\" preserveAspectRatio=\"none\">\n\t<path class=\"elementor-shape-fill\" d=\"M0,6V0h1000v100L0,6z\"\/>\n<\/svg>\t\t<\/div>\n\t\t\t\t\t<div class=\"elementor-container elementor-column-gap-default\">\n\t\t\t\t\t<div class=\"elementor-column elementor-col-50 elementor-top-column elementor-element elementor-element-278b1c8\" data-id=\"278b1c8\" data-element_type=\"column\">\n\t\t\t<div class=\"elementor-widget-wrap\">\n\t\t\t\t\t\t\t<\/div>\n\t\t<\/div>\n\t\t\t\t<div class=\"elementor-column elementor-col-50 elementor-top-column elementor-element elementor-element-e785257\" data-id=\"e785257\" data-element_type=\"column\">\n\t\t\t<div class=\"elementor-widget-wrap elementor-element-populated\">\n\t\t\t\t\t\t<div class=\"elementor-element elementor-element-9c9d7eb elementor-widget elementor-widget-heading\" data-id=\"9c9d7eb\" data-element_type=\"widget\" data-widget_type=\"heading.default\">\n\t\t\t\t<div class=\"elementor-widget-container\">\n\t\t\t<h1 class=\"elementor-heading-title elementor-size-default\">Pol\u00edticas de calidad<\/h1>\t\t<\/div>\n\t\t\t\t<\/div>\n\t\t\t\t\t<\/div>\n\t\t<\/div>\n\t\t\t\t\t<\/div>\n\t\t<\/section>\n\t\t\t\t<section class=\"elementor-section elementor-top-section elementor-element elementor-element-1849319 elementor-section-boxed elementor-section-height-default elementor-section-height-default\" data-id=\"1849319\" data-element_type=\"section\">\n\t\t\t\t\t\t<div class=\"elementor-container elementor-column-gap-default\">\n\t\t\t\t\t<div class=\"elementor-column elementor-col-100 elementor-top-column elementor-element elementor-element-0a5fcd6\" data-id=\"0a5fcd6\" data-element_type=\"column\">\n\t\t\t<div class=\"elementor-widget-wrap elementor-element-populated\">\n\t\t\t\t\t\t<div class=\"elementor-element elementor-element-620af47 elementor-widget elementor-widget-spacer\" data-id=\"620af47\" data-element_type=\"widget\" data-widget_type=\"spacer.default\">\n\t\t\t\t<div class=\"elementor-widget-container\">\n\t\t\t\t\t<div class=\"elementor-spacer\">\n\t\t\t<div class=\"elementor-spacer-inner\"><\/div>\n\t\t<\/div>\n\t\t\t\t<\/div>\n\t\t\t\t<\/div>\n\t\t\t\t<div class=\"elementor-element elementor-element-f4b30bc elementor-widget elementor-widget-text-editor\" data-id=\"f4b30bc\" data-element_type=\"widget\" data-widget_type=\"text-editor.default\">\n\t\t\t\t<div class=\"elementor-widget-container\">\n\t\t\t\t\t\t\t<p><strong>STUNET<\/strong> se especializa en brindar servicios de asesor\u00eda en educaci\u00f3n internacional, entendiendo que la calidad del servicio es un derecho de todos sus clientes. Es por ello que se compromete a mantener un sistema de gesti\u00f3n de la calidad orientado a lograr los siguientes objetivos:<\/p><p>\u2022 Lograr la satisfacci\u00f3n de nuestros clientes en relaci\u00f3n a sus expectativas y requerimientos.<br \/>\u2022 Promover la mejora continua de nuestros servicios y procesos.<br \/>\u2022 Mantener la competencia de los recursos humanos y la disponibilidad de las herramientas y equipos adecuados para la prestaci\u00f3n de nuestros servicios.<\/p><div class=\"tlid-results-container results-container\"><div class=\"tlid-result result-dict-wrapper\"><div class=\"result tlid-copy-target\"><div class=\"text-wrap tlid-copy-target\"><div class=\"result-shield-container tlid-copy-target\" tabindex=\"0\"><span class=\"tlid-translation translation\" lang=\"es\"><span class=\"\" title=\"\">Esta pol\u00edtica de calidad forma parte de la cultura organizacional de la empresa y por ello la empresa se compromete a liderarla, difundirla, cumplirla y mantenerla.<\/span><\/span><\/div><\/div><\/div><\/div><\/div>\t\t\t\t\t\t<\/div>\n\t\t\t\t<\/div>\n\t\t\t\t<div class=\"elementor-element elementor-element-93aaf8d elementor-widget elementor-widget-spacer\" data-id=\"93aaf8d\" data-element_type=\"widget\" data-widget_type=\"spacer.default\">\n\t\t\t\t<div class=\"elementor-widget-container\">\n\t\t\t\t\t<div class=\"elementor-spacer\">\n\t\t\t<div class=\"elementor-spacer-inner\"><\/div>\n\t\t<\/div>\n\t\t\t\t<\/div>\n\t\t\t\t<\/div>\n\t\t\t\t\t<\/div>\n\t\t<\/div>\n\t\t\t\t\t<\/div>\n\t\t<\/section>\n\t\t\t\t<\/div>\n\t\t","protected":false},"excerpt":{"rendered":"<p>Pol\u00edticas de calidad STUNET se especializa en brindar servicios de asesor\u00eda en educaci\u00f3n internacional, entendiendo que la calidad del servicio es un derecho de todos sus clientes. Es por ello que se compromete a mantener un sistema de gesti\u00f3n de la calidad orientado a lograr los siguientes objetivos: \u2022 Lograr la satisfacci\u00f3n de nuestros clientes &hellip;<\/p>\n<p class=\"read-more\"> <a class=\"\" href=\"https:\/\/stunet.com.au\/ES\/politicas-de-calidad\/\"> <span class=\"screen-reader-text\">Pol\u00edticas de calidad<\/span> Leer m\u00e1s &raquo;<\/a><\/p>\n","protected":false},"author":1,"featured_media":0,"parent":0,"menu_order":0,"comment_status":"closed","ping_status":"closed","template":"","meta":{"site-sidebar-layout":"no-sidebar","site-content-layout":"page-builder","ast-global-header-display":"","ast-main-header-display":"","ast-hfb-above-header-display":"","ast-hfb-below-header-display":"","ast-hfb-mobile-header-display":"","site-post-title":"disabled","ast-breadcrumbs-content":"","ast-featured-img":"disabled","footer-sml-layout":"","theme-transparent-header-meta":"default","adv-header-id-meta":"","stick-header-meta":"","header-above-stick-meta":"","header-main-stick-meta":"","header-below-stick-meta":"","footnotes":""},"class_list":["post-3915","page","type-page","status-publish","hentry"],"yoast_head":"<!-- This site is optimized with the Yoast SEO plugin v23.1 - https:\/\/yoast.com\/wordpress\/plugins\/seo\/ -->\n<title>Pol\u00edticas de calidad - Stunet<\/title>\n<meta name=\"robots\" content=\"index, follow, max-snippet:-1, max-image-preview:large, max-video-preview:-1\" \/>\n<link rel=\"canonical\" href=\"https:\/\/stunet.com.au\/ES\/politicas-de-calidad\/\" \/>\n<meta property=\"og:locale\" content=\"es_ES\" \/>\n<meta property=\"og:type\" content=\"article\" \/>\n<meta property=\"og:title\" content=\"Pol\u00edticas de calidad - Stunet\" \/>\n<meta property=\"og:description\" content=\"Pol\u00edticas de calidad STUNET se especializa en brindar servicios de asesor\u00eda en educaci\u00f3n internacional, entendiendo que la calidad del servicio es un derecho de todos sus clientes. Es por ello que se compromete a mantener un sistema de gesti\u00f3n de la calidad orientado a lograr los siguientes objetivos: \u2022 Lograr la satisfacci\u00f3n de nuestros clientes &hellip; Pol\u00edticas de calidad Leer m\u00e1s &raquo;\" \/>\n<meta property=\"og:url\" content=\"https:\/\/stunet.com.au\/ES\/politicas-de-calidad\/\" \/>\n<meta property=\"og:site_name\" content=\"Stunet\" \/>\n<meta property=\"article:publisher\" content=\"https:\/\/www.facebook.com\/stuneteducation\" \/>\n<meta property=\"article:modified_time\" content=\"2020-11-11T23:14:44+00:00\" \/>\n<meta name=\"twitter:card\" content=\"summary_large_image\" \/>\n<meta name=\"twitter:label1\" content=\"Tiempo de lectura\" \/>\n\t<meta name=\"twitter:data1\" content=\"1 minuto\" \/>\n<script type=\"application\/ld+json\" class=\"yoast-schema-graph\">{\"@context\":\"https:\/\/schema.org\",\"@graph\":[{\"@type\":\"WebPage\",\"@id\":\"https:\/\/stunet.com.au\/ES\/politicas-de-calidad\/\",\"url\":\"https:\/\/stunet.com.au\/ES\/politicas-de-calidad\/\",\"name\":\"Pol\u00edticas de calidad - Stunet\",\"isPartOf\":{\"@id\":\"https:\/\/stunet.com.au\/ES\/#website\"},\"datePublished\":\"2020-09-30T23:56:27+00:00\",\"dateModified\":\"2020-11-11T23:14:44+00:00\",\"breadcrumb\":{\"@id\":\"https:\/\/stunet.com.au\/ES\/politicas-de-calidad\/#breadcrumb\"},\"inLanguage\":\"es\",\"potentialAction\":[{\"@type\":\"ReadAction\",\"target\":[\"https:\/\/stunet.com.au\/ES\/politicas-de-calidad\/\"]}]},{\"@type\":\"BreadcrumbList\",\"@id\":\"https:\/\/stunet.com.au\/ES\/politicas-de-calidad\/#breadcrumb\",\"itemListElement\":[{\"@type\":\"ListItem\",\"position\":1,\"name\":\"Portada\",\"item\":\"https:\/\/stunet.com.au\/ES\/\"},{\"@type\":\"ListItem\",\"position\":2,\"name\":\"Pol\u00edticas de calidad\"}]},{\"@type\":\"WebSite\",\"@id\":\"https:\/\/stunet.com.au\/ES\/#website\",\"url\":\"https:\/\/stunet.com.au\/ES\/\",\"name\":\"Stunet\",\"description\":\"\",\"publisher\":{\"@id\":\"https:\/\/stunet.com.au\/ES\/#organization\"},\"potentialAction\":[{\"@type\":\"SearchAction\",\"target\":{\"@type\":\"EntryPoint\",\"urlTemplate\":\"https:\/\/stunet.com.au\/ES\/?s={search_term_string}\"},\"query-input\":\"required name=search_term_string\"}],\"inLanguage\":\"es\"},{\"@type\":\"Organization\",\"@id\":\"https:\/\/stunet.com.au\/ES\/#organization\",\"name\":\"Stunet\",\"url\":\"https:\/\/stunet.com.au\/ES\/\",\"logo\":{\"@type\":\"ImageObject\",\"inLanguage\":\"es\",\"@id\":\"https:\/\/stunet.com.au\/ES\/#\/schema\/logo\/image\/\",\"url\":\"https:\/\/stunet.com.au\/ES\/wp-content\/uploads\/2019\/04\/logo_transparent_background-1.png\",\"contentUrl\":\"https:\/\/stunet.com.au\/ES\/wp-content\/uploads\/2019\/04\/logo_transparent_background-1.png\",\"width\":3400,\"height\":912,\"caption\":\"Stunet\"},\"image\":{\"@id\":\"https:\/\/stunet.com.au\/ES\/#\/schema\/logo\/image\/\"},\"sameAs\":[\"https:\/\/www.facebook.com\/stuneteducation\",\"https:\/\/www.instagram.com\/stuneteducation\"]}]}<\/script>\n<!-- \/ Yoast SEO plugin. -->","yoast_head_json":{"title":"Pol\u00edticas de calidad - Stunet","robots":{"index":"index","follow":"follow","max-snippet":"max-snippet:-1","max-image-preview":"max-image-preview:large","max-video-preview":"max-video-preview:-1"},"canonical":"https:\/\/stunet.com.au\/ES\/politicas-de-calidad\/","og_locale":"es_ES","og_type":"article","og_title":"Pol\u00edticas de calidad - Stunet","og_description":"Pol\u00edticas de calidad STUNET se especializa en brindar servicios de asesor\u00eda en educaci\u00f3n internacional, entendiendo que la calidad del servicio es un derecho de todos sus clientes. Es por ello que se compromete a mantener un sistema de gesti\u00f3n de la calidad orientado a lograr los siguientes objetivos: \u2022 Lograr la satisfacci\u00f3n de nuestros clientes &hellip; Pol\u00edticas de calidad Leer m\u00e1s &raquo;","og_url":"https:\/\/stunet.com.au\/ES\/politicas-de-calidad\/","og_site_name":"Stunet","article_publisher":"https:\/\/www.facebook.com\/stuneteducation","article_modified_time":"2020-11-11T23:14:44+00:00","twitter_card":"summary_large_image","twitter_misc":{"Tiempo de lectura":"1 minuto"},"schema":{"@context":"https:\/\/schema.org","@graph":[{"@type":"WebPage","@id":"https:\/\/stunet.com.au\/ES\/politicas-de-calidad\/","url":"https:\/\/stunet.com.au\/ES\/politicas-de-calidad\/","name":"Pol\u00edticas de calidad - Stunet","isPartOf":{"@id":"https:\/\/stunet.com.au\/ES\/#website"},"datePublished":"2020-09-30T23:56:27+00:00","dateModified":"2020-11-11T23:14:44+00:00","breadcrumb":{"@id":"https:\/\/stunet.com.au\/ES\/politicas-de-calidad\/#breadcrumb"},"inLanguage":"es","potentialAction":[{"@type":"ReadAction","target":["https:\/\/stunet.com.au\/ES\/politicas-de-calidad\/"]}]},{"@type":"BreadcrumbList","@id":"https:\/\/stunet.com.au\/ES\/politicas-de-calidad\/#breadcrumb","itemListElement":[{"@type":"ListItem","position":1,"name":"Portada","item":"https:\/\/stunet.com.au\/ES\/"},{"@type":"ListItem","position":2,"name":"Pol\u00edticas de calidad"}]},{"@type":"WebSite","@id":"https:\/\/stunet.com.au\/ES\/#website","url":"https:\/\/stunet.com.au\/ES\/","name":"Stunet","description":"","publisher":{"@id":"https:\/\/stunet.com.au\/ES\/#organization"},"potentialAction":[{"@type":"SearchAction","target":{"@type":"EntryPoint","urlTemplate":"https:\/\/stunet.com.au\/ES\/?s={search_term_string}"},"query-input":"required name=search_term_string"}],"inLanguage":"es"},{"@type":"Organization","@id":"https:\/\/stunet.com.au\/ES\/#organization","name":"Stunet","url":"https:\/\/stunet.com.au\/ES\/","logo":{"@type":"ImageObject","inLanguage":"es","@id":"https:\/\/stunet.com.au\/ES\/#\/schema\/logo\/image\/","url":"https:\/\/stunet.com.au\/ES\/wp-content\/uploads\/2019\/04\/logo_transparent_background-1.png","contentUrl":"https:\/\/stunet.com.au\/ES\/wp-content\/uploads\/2019\/04\/logo_transparent_background-1.png","width":3400,"height":912,"caption":"Stunet"},"image":{"@id":"https:\/\/stunet.com.au\/ES\/#\/schema\/logo\/image\/"},"sameAs":["https:\/\/www.facebook.com\/stuneteducation","https:\/\/www.instagram.com\/stuneteducation"]}]}},"_links":{"self":[{"href":"https:\/\/stunet.com.au\/ES\/wp-json\/wp\/v2\/pages\/3915"}],"collection":[{"href":"https:\/\/stunet.com.au\/ES\/wp-json\/wp\/v2\/pages"}],"about":[{"href":"https:\/\/stunet.com.au\/ES\/wp-json\/wp\/v2\/types\/page"}],"author":[{"embeddable":true,"href":"https:\/\/stunet.com.au\/ES\/wp-json\/wp\/v2\/users\/1"}],"replies":[{"embeddable":true,"href":"https:\/\/stunet.com.au\/ES\/wp-json\/wp\/v2\/comments?post=3915"}],"version-history":[{"count":13,"href":"https:\/\/stunet.com.au\/ES\/wp-json\/wp\/v2\/pages\/3915\/revisions"}],"predecessor-version":[{"id":4421,"href":"https:\/\/stunet.com.au\/ES\/wp-json\/wp\/v2\/pages\/3915\/revisions\/4421"}],"wp:attachment":[{"href":"https:\/\/stunet.com.au\/ES\/wp-json\/wp\/v2\/media?parent=3915"}],"curies":[{"name":"wp","href":"https:\/\/api.w.org\/{rel}","templated":true}]}}