{"id":3898,"date":"2020-09-29T01:54:47","date_gmt":"2020-09-29T01:54:47","guid":{"rendered":"https:\/\/stunet.com.au\/ES\/?page_id=3898"},"modified":"2023-10-27T16:12:09","modified_gmt":"2023-10-27T16:12:09","slug":"apoyo-a-la-busqueda-de-empleo","status":"publish","type":"page","link":"https:\/\/stunet.com.au\/ES\/apoyo-a-la-busqueda-de-empleo\/","title":{"rendered":"Apoyo a la b\u00fasqueda de empleo"},"content":{"rendered":"\t\t<div data-elementor-type=\"wp-page\" data-elementor-id=\"3898\" class=\"elementor elementor-3898\">\n\t\t\t\t\t\t<section class=\"elementor-section elementor-top-section elementor-element elementor-element-2103fd9 elementor-section-height-min-height elementor-section-stretched elementor-section-boxed elementor-section-height-default elementor-section-items-middle\" data-id=\"2103fd9\" data-element_type=\"section\" data-settings=\"{&quot;stretch_section&quot;:&quot;section-stretched&quot;,&quot;background_background&quot;:&quot;classic&quot;,&quot;shape_divider_top&quot;:&quot;tilt&quot;,&quot;shape_divider_bottom&quot;:&quot;tilt&quot;}\">\n\t\t\t\t\t\t\t<div class=\"elementor-background-overlay\"><\/div>\n\t\t\t\t\t\t<div class=\"elementor-shape elementor-shape-top\" data-negative=\"false\">\n\t\t\t<svg xmlns=\"http:\/\/www.w3.org\/2000\/svg\" viewBox=\"0 0 1000 100\" preserveAspectRatio=\"none\">\n\t<path class=\"elementor-shape-fill\" d=\"M0,6V0h1000v100L0,6z\"\/>\n<\/svg>\t\t<\/div>\n\t\t\t\t<div class=\"elementor-shape elementor-shape-bottom\" data-negative=\"false\">\n\t\t\t<svg xmlns=\"http:\/\/www.w3.org\/2000\/svg\" viewBox=\"0 0 1000 100\" preserveAspectRatio=\"none\">\n\t<path class=\"elementor-shape-fill\" d=\"M0,6V0h1000v100L0,6z\"\/>\n<\/svg>\t\t<\/div>\n\t\t\t\t\t<div class=\"elementor-container elementor-column-gap-default\">\n\t\t\t\t\t<div class=\"elementor-column elementor-col-50 elementor-top-column elementor-element elementor-element-46dc14b\" data-id=\"46dc14b\" data-element_type=\"column\">\n\t\t\t<div class=\"elementor-widget-wrap\">\n\t\t\t\t\t\t\t<\/div>\n\t\t<\/div>\n\t\t\t\t<div class=\"elementor-column elementor-col-50 elementor-top-column elementor-element elementor-element-7e8dc03\" data-id=\"7e8dc03\" data-element_type=\"column\">\n\t\t\t<div class=\"elementor-widget-wrap elementor-element-populated\">\n\t\t\t\t\t\t<div class=\"elementor-element elementor-element-5b8cf8c elementor-widget elementor-widget-heading\" data-id=\"5b8cf8c\" data-element_type=\"widget\" data-widget_type=\"heading.default\">\n\t\t\t\t<div class=\"elementor-widget-container\">\n\t\t\t<h1 class=\"elementor-heading-title elementor-size-default\">Apoyo a la b\u00fasqueda de empleo<\/h1>\t\t<\/div>\n\t\t\t\t<\/div>\n\t\t\t\t\t<\/div>\n\t\t<\/div>\n\t\t\t\t\t<\/div>\n\t\t<\/section>\n\t\t\t\t<section class=\"elementor-section elementor-top-section elementor-element elementor-element-b5dd806 elementor-section-boxed elementor-section-height-default elementor-section-height-default\" data-id=\"b5dd806\" data-element_type=\"section\">\n\t\t\t\t\t\t<div class=\"elementor-container elementor-column-gap-default\">\n\t\t\t\t\t<div class=\"elementor-column elementor-col-100 elementor-top-column elementor-element elementor-element-382a4c0\" data-id=\"382a4c0\" data-element_type=\"column\">\n\t\t\t<div class=\"elementor-widget-wrap elementor-element-populated\">\n\t\t\t\t\t\t<div class=\"elementor-element elementor-element-d4ca80b elementor-widget elementor-widget-spacer\" data-id=\"d4ca80b\" data-element_type=\"widget\" data-widget_type=\"spacer.default\">\n\t\t\t\t<div class=\"elementor-widget-container\">\n\t\t\t\t\t<div class=\"elementor-spacer\">\n\t\t\t<div class=\"elementor-spacer-inner\"><\/div>\n\t\t<\/div>\n\t\t\t\t<\/div>\n\t\t\t\t<\/div>\n\t\t\t\t\t<\/div>\n\t\t<\/div>\n\t\t\t\t\t<\/div>\n\t\t<\/section>\n\t\t\t\t<section class=\"elementor-section elementor-top-section elementor-element elementor-element-12ffa15 elementor-section-boxed elementor-section-height-default elementor-section-height-default\" data-id=\"12ffa15\" data-element_type=\"section\">\n\t\t\t\t\t\t<div class=\"elementor-container elementor-column-gap-default\">\n\t\t\t\t\t<div class=\"elementor-column elementor-col-100 elementor-top-column elementor-element elementor-element-7fccf91\" data-id=\"7fccf91\" data-element_type=\"column\">\n\t\t\t<div class=\"elementor-widget-wrap elementor-element-populated\">\n\t\t\t\t\t\t<div class=\"elementor-element elementor-element-407c5bc elementor-widget elementor-widget-heading\" data-id=\"407c5bc\" data-element_type=\"widget\" data-widget_type=\"heading.default\">\n\t\t\t\t<div class=\"elementor-widget-container\">\n\t\t\t<h2 class=\"elementor-heading-title elementor-size-default\">El apoyo para la b\u00fasqueda de empleo es una parte central de nuestros servicios de asistencia en Australia.<\/h2>\t\t<\/div>\n\t\t\t\t<\/div>\n\t\t\t\t<div class=\"elementor-element elementor-element-4930fe8 elementor-widget elementor-widget-text-editor\" data-id=\"4930fe8\" data-element_type=\"widget\" data-widget_type=\"text-editor.default\">\n\t\t\t\t<div class=\"elementor-widget-container\">\n\t\t\t\t\t\t\t<p>Sabemos que trabajar ser\u00e1 una de tus mayores prioridades, proporcionamos a nuestros estudiantes las mejores herramientas para encontrar un puesto adecuado. Tenga en cuenta que su actitud, determinaci\u00f3n y habilidades en ingl\u00e9s son factores clave en los procesos de contrataci\u00f3n. Te orientaremos sobre c\u00f3mo encontrar, postularte y buscar los mejores trabajos del pa\u00eds.<\/p><h5><strong>TE APOYAREMOS EN EL PROCESO &#8230;<\/strong><\/h5><div><p>Aumente sus oportunidades laborales en Australia!<\/p><\/div>\t\t\t\t\t\t<\/div>\n\t\t\t\t<\/div>\n\t\t\t\t\t<\/div>\n\t\t<\/div>\n\t\t\t\t\t<\/div>\n\t\t<\/section>\n\t\t\t\t<section class=\"elementor-section elementor-top-section elementor-element elementor-element-d7b349b elementor-section-stretched elementor-section-boxed elementor-section-height-default elementor-section-height-default\" data-id=\"d7b349b\" data-element_type=\"section\" data-settings=\"{&quot;shape_divider_bottom&quot;:&quot;triangle-asymmetrical&quot;,&quot;shape_divider_bottom_negative&quot;:&quot;yes&quot;,&quot;stretch_section&quot;:&quot;section-stretched&quot;}\">\n\t\t\t\t\t<div class=\"elementor-shape elementor-shape-bottom\" data-negative=\"true\">\n\t\t\t<svg xmlns=\"http:\/\/www.w3.org\/2000\/svg\" viewBox=\"0 0 1000 100\" preserveAspectRatio=\"none\">\n\t<path class=\"elementor-shape-fill\" d=\"M737.9,94.7L0,0v100h1000V0L737.9,94.7z\"\/>\n<\/svg>\t\t<\/div>\n\t\t\t\t\t<div class=\"elementor-container elementor-column-gap-default\">\n\t\t\t\t\t<div class=\"elementor-column elementor-col-50 elementor-top-column elementor-element elementor-element-148bb6e\" data-id=\"148bb6e\" data-element_type=\"column\">\n\t\t\t<div class=\"elementor-widget-wrap elementor-element-populated\">\n\t\t\t\t\t\t<div class=\"elementor-element elementor-element-734bd36 elementor-widget elementor-widget-image\" data-id=\"734bd36\" data-element_type=\"widget\" data-widget_type=\"image.default\">\n\t\t\t\t<div class=\"elementor-widget-container\">\n\t\t\t\t\t\t\t\t\t\t\t\t\t<img fetchpriority=\"high\" decoding=\"async\" width=\"1000\" height=\"667\" src=\"https:\/\/stunet.com.au\/ES\/wp-content\/uploads\/2020\/09\/tourist-couple-traveling-travel-walking-on-street-small.jpg\" class=\"attachment-large size-large wp-image-3399\" alt=\"\" srcset=\"https:\/\/stunet.com.au\/ES\/wp-content\/uploads\/2020\/09\/tourist-couple-traveling-travel-walking-on-street-small.jpg 1000w, https:\/\/stunet.com.au\/ES\/wp-content\/uploads\/2020\/09\/tourist-couple-traveling-travel-walking-on-street-small-300x200.jpg 300w, https:\/\/stunet.com.au\/ES\/wp-content\/uploads\/2020\/09\/tourist-couple-traveling-travel-walking-on-street-small-768x512.jpg 768w\" sizes=\"(max-width: 1000px) 100vw, 1000px\" \/>\t\t\t\t\t\t\t\t\t\t\t\t\t<\/div>\n\t\t\t\t<\/div>\n\t\t\t\t\t<\/div>\n\t\t<\/div>\n\t\t\t\t<div class=\"elementor-column elementor-col-50 elementor-top-column elementor-element elementor-element-6a9f5a1\" data-id=\"6a9f5a1\" data-element_type=\"column\">\n\t\t\t<div class=\"elementor-widget-wrap elementor-element-populated\">\n\t\t\t\t\t\t<div class=\"elementor-element elementor-element-cf60cda elementor-widget elementor-widget-heading\" data-id=\"cf60cda\" data-element_type=\"widget\" data-widget_type=\"heading.default\">\n\t\t\t\t<div class=\"elementor-widget-container\">\n\t\t\t<h1 class=\"elementor-heading-title elementor-size-default\">DEJANOS TUS DATOS ...\n<\/h1>\t\t<\/div>\n\t\t\t\t<\/div>\n\t\t\t\t<div class=\"elementor-element elementor-element-2706406 elementor-button-align-stretch elementor-widget elementor-widget-form\" data-id=\"2706406\" data-element_type=\"widget\" data-settings=\"{&quot;step_next_label&quot;:&quot;Next&quot;,&quot;step_previous_label&quot;:&quot;Previous&quot;,&quot;button_width&quot;:&quot;100&quot;,&quot;step_type&quot;:&quot;number_text&quot;,&quot;step_icon_shape&quot;:&quot;circle&quot;}\" data-widget_type=\"form.default\">\n\t\t\t\t<div class=\"elementor-widget-container\">\n\t\t\t\t\t<form class=\"elementor-form\" method=\"post\" name=\"New Form\">\n\t\t\t<input type=\"hidden\" name=\"post_id\" value=\"3898\"\/>\n\t\t\t<input type=\"hidden\" name=\"form_id\" value=\"2706406\"\/>\n\t\t\t<input type=\"hidden\" name=\"referer_title\" value=\"Stunet\" \/>\n\n\t\t\t\n\t\t\t<div class=\"elementor-form-fields-wrapper elementor-labels-above\">\n\t\t\t\t\t\t\t\t<div class=\"elementor-field-type-text elementor-field-group elementor-column elementor-field-group-name elementor-col-100 elementor-field-required elementor-mark-required\">\n\t\t\t\t\t\t\t\t\t\t\t\t<label for=\"form-field-name\" class=\"elementor-field-label\">\n\t\t\t\t\t\t\t\tNombre\t\t\t\t\t\t\t<\/label>\n\t\t\t\t\t\t\t\t\t\t\t\t\t\t<input size=\"1\" type=\"text\" name=\"form_fields[name]\" id=\"form-field-name\" class=\"elementor-field elementor-size-sm  elementor-field-textual\" placeholder=\"Name\" required=\"required\" aria-required=\"true\">\n\t\t\t\t\t\t\t\t\t\t\t<\/div>\n\t\t\t\t\t\t\t\t<div class=\"elementor-field-type-number elementor-field-group elementor-column elementor-field-group-field_0a92364 elementor-col-100\">\n\t\t\t\t\t\t\t\t\t\t\t\t<label for=\"form-field-field_0a92364\" class=\"elementor-field-label\">\n\t\t\t\t\t\t\t\tEdad\t\t\t\t\t\t\t<\/label>\n\t\t\t\t\t\t\t\t\t<input type=\"number\" name=\"form_fields[field_0a92364]\" id=\"form-field-field_0a92364\" class=\"elementor-field elementor-size-sm  elementor-field-textual\" placeholder=\"Name\" min=\"18\" max=\"26\" >\n\t\t\t\t\t\t<\/div>\n\t\t\t\t\t\t\t\t<div class=\"elementor-field-type-email elementor-field-group elementor-column elementor-field-group-email elementor-col-100 elementor-field-required elementor-mark-required\">\n\t\t\t\t\t\t\t\t\t\t\t\t<label for=\"form-field-email\" class=\"elementor-field-label\">\n\t\t\t\t\t\t\t\tCorreo\t\t\t\t\t\t\t<\/label>\n\t\t\t\t\t\t\t\t\t\t\t\t\t\t<input size=\"1\" type=\"email\" name=\"form_fields[email]\" id=\"form-field-email\" class=\"elementor-field elementor-size-sm  elementor-field-textual\" placeholder=\"Email\" required=\"required\" aria-required=\"true\">\n\t\t\t\t\t\t\t\t\t\t\t<\/div>\n\t\t\t\t\t\t\t\t<div class=\"elementor-field-type-textarea elementor-field-group elementor-column elementor-field-group-message elementor-col-100\">\n\t\t\t\t\t\t\t\t\t\t\t\t<label for=\"form-field-message\" class=\"elementor-field-label\">\n\t\t\t\t\t\t\t\tWhatsApp\t\t\t\t\t\t\t<\/label>\n\t\t\t\t\t\t<textarea class=\"elementor-field-textual elementor-field  elementor-size-sm\" name=\"form_fields[message]\" id=\"form-field-message\" rows=\"4\" placeholder=\"Message\"><\/textarea>\t\t\t\t<\/div>\n\t\t\t\t\t\t\t\t<div class=\"elementor-field-group elementor-column elementor-field-type-submit elementor-col-100 e-form__buttons\">\n\t\t\t\t\t<button type=\"submit\" class=\"elementor-button elementor-size-sm elementor-animation-pulse-grow\">\n\t\t\t\t\t\t<span >\n\t\t\t\t\t\t\t\t\t\t\t\t\t\t\t<span class=\" elementor-button-icon\">\n\t\t\t\t\t\t\t\t\t\t\t\t\t\t\t\t\t\t\t\t\t\t\t\t\t\t<\/span>\n\t\t\t\t\t\t\t\t\t\t\t\t\t\t\t\t\t\t\t\t\t\t<span class=\"elementor-button-text\">Enviar<\/span>\n\t\t\t\t\t\t\t\t\t\t\t\t\t<\/span>\n\t\t\t\t\t<\/button>\n\t\t\t\t<\/div>\n\t\t\t<\/div>\n\t\t<\/form>\n\t\t\t\t<\/div>\n\t\t\t\t<\/div>\n\t\t\t\t<div class=\"elementor-element elementor-element-f944df5 elementor-widget elementor-widget-spacer\" data-id=\"f944df5\" data-element_type=\"widget\" data-widget_type=\"spacer.default\">\n\t\t\t\t<div class=\"elementor-widget-container\">\n\t\t\t\t\t<div class=\"elementor-spacer\">\n\t\t\t<div class=\"elementor-spacer-inner\"><\/div>\n\t\t<\/div>\n\t\t\t\t<\/div>\n\t\t\t\t<\/div>\n\t\t\t\t\t<\/div>\n\t\t<\/div>\n\t\t\t\t\t<\/div>\n\t\t<\/section>\n\t\t\t\t<\/div>\n\t\t","protected":false},"excerpt":{"rendered":"<p>Apoyo a la b\u00fasqueda de empleo El apoyo para la b\u00fasqueda de empleo es una parte central de nuestros servicios de asistencia en Australia. Sabemos que trabajar ser\u00e1 una de tus mayores prioridades, proporcionamos a nuestros estudiantes las mejores herramientas para encontrar un puesto adecuado. Tenga en cuenta que su actitud, determinaci\u00f3n y habilidades en &hellip;<\/p>\n<p class=\"read-more\"> <a class=\"\" href=\"https:\/\/stunet.com.au\/ES\/apoyo-a-la-busqueda-de-empleo\/\"> <span class=\"screen-reader-text\">Apoyo a la b\u00fasqueda de empleo<\/span> Leer m\u00e1s &raquo;<\/a><\/p>\n","protected":false},"author":1,"featured_media":0,"parent":0,"menu_order":0,"comment_status":"closed","ping_status":"closed","template":"","meta":{"site-sidebar-layout":"no-sidebar","site-content-layout":"page-builder","ast-global-header-display":"","ast-main-header-display":"","ast-hfb-above-header-display":"","ast-hfb-below-header-display":"","ast-hfb-mobile-header-display":"","site-post-title":"disabled","ast-breadcrumbs-content":"","ast-featured-img":"","footer-sml-layout":"","theme-transparent-header-meta":"default","adv-header-id-meta":"","stick-header-meta":"","header-above-stick-meta":"","header-main-stick-meta":"","header-below-stick-meta":"","footnotes":""},"class_list":["post-3898","page","type-page","status-publish","hentry"],"yoast_head":"<!-- This site is optimized with the Yoast SEO plugin v23.1 - https:\/\/yoast.com\/wordpress\/plugins\/seo\/ -->\n<title>Apoyo a la b\u00fasqueda de empleo - Stunet<\/title>\n<meta name=\"robots\" content=\"index, follow, max-snippet:-1, max-image-preview:large, max-video-preview:-1\" \/>\n<link rel=\"canonical\" href=\"https:\/\/stunet.com.au\/ES\/apoyo-a-la-busqueda-de-empleo\/\" \/>\n<meta property=\"og:locale\" content=\"es_ES\" \/>\n<meta property=\"og:type\" content=\"article\" \/>\n<meta property=\"og:title\" content=\"Apoyo a la b\u00fasqueda de empleo - Stunet\" \/>\n<meta property=\"og:description\" content=\"Apoyo a la b\u00fasqueda de empleo El apoyo para la b\u00fasqueda de empleo es una parte central de nuestros servicios de asistencia en Australia. Sabemos que trabajar ser\u00e1 una de tus mayores prioridades, proporcionamos a nuestros estudiantes las mejores herramientas para encontrar un puesto adecuado. Tenga en cuenta que su actitud, determinaci\u00f3n y habilidades en &hellip; Apoyo a la b\u00fasqueda de empleo Leer m\u00e1s &raquo;\" \/>\n<meta property=\"og:url\" content=\"https:\/\/stunet.com.au\/ES\/apoyo-a-la-busqueda-de-empleo\/\" \/>\n<meta property=\"og:site_name\" content=\"Stunet\" \/>\n<meta property=\"article:publisher\" content=\"https:\/\/www.facebook.com\/stuneteducation\" \/>\n<meta property=\"article:modified_time\" content=\"2023-10-27T16:12:09+00:00\" \/>\n<meta property=\"og:image\" content=\"https:\/\/stunet.com.au\/ES\/wp-content\/uploads\/2020\/09\/tourist-couple-traveling-travel-walking-on-street-small.jpg\" \/>\n<meta name=\"twitter:card\" content=\"summary_large_image\" \/>\n<meta name=\"twitter:label1\" content=\"Tiempo de lectura\" \/>\n\t<meta name=\"twitter:data1\" content=\"1 minuto\" \/>\n<script type=\"application\/ld+json\" class=\"yoast-schema-graph\">{\"@context\":\"https:\/\/schema.org\",\"@graph\":[{\"@type\":\"WebPage\",\"@id\":\"https:\/\/stunet.com.au\/ES\/apoyo-a-la-busqueda-de-empleo\/\",\"url\":\"https:\/\/stunet.com.au\/ES\/apoyo-a-la-busqueda-de-empleo\/\",\"name\":\"Apoyo a la b\u00fasqueda de empleo - Stunet\",\"isPartOf\":{\"@id\":\"https:\/\/stunet.com.au\/ES\/#website\"},\"primaryImageOfPage\":{\"@id\":\"https:\/\/stunet.com.au\/ES\/apoyo-a-la-busqueda-de-empleo\/#primaryimage\"},\"image\":{\"@id\":\"https:\/\/stunet.com.au\/ES\/apoyo-a-la-busqueda-de-empleo\/#primaryimage\"},\"thumbnailUrl\":\"https:\/\/stunet.com.au\/ES\/wp-content\/uploads\/2020\/09\/tourist-couple-traveling-travel-walking-on-street-small.jpg\",\"datePublished\":\"2020-09-29T01:54:47+00:00\",\"dateModified\":\"2023-10-27T16:12:09+00:00\",\"breadcrumb\":{\"@id\":\"https:\/\/stunet.com.au\/ES\/apoyo-a-la-busqueda-de-empleo\/#breadcrumb\"},\"inLanguage\":\"es\",\"potentialAction\":[{\"@type\":\"ReadAction\",\"target\":[\"https:\/\/stunet.com.au\/ES\/apoyo-a-la-busqueda-de-empleo\/\"]}]},{\"@type\":\"ImageObject\",\"inLanguage\":\"es\",\"@id\":\"https:\/\/stunet.com.au\/ES\/apoyo-a-la-busqueda-de-empleo\/#primaryimage\",\"url\":\"https:\/\/stunet.com.au\/ES\/wp-content\/uploads\/2020\/09\/tourist-couple-traveling-travel-walking-on-street-small.jpg\",\"contentUrl\":\"https:\/\/stunet.com.au\/ES\/wp-content\/uploads\/2020\/09\/tourist-couple-traveling-travel-walking-on-street-small.jpg\",\"width\":1000,\"height\":667},{\"@type\":\"BreadcrumbList\",\"@id\":\"https:\/\/stunet.com.au\/ES\/apoyo-a-la-busqueda-de-empleo\/#breadcrumb\",\"itemListElement\":[{\"@type\":\"ListItem\",\"position\":1,\"name\":\"Portada\",\"item\":\"https:\/\/stunet.com.au\/ES\/\"},{\"@type\":\"ListItem\",\"position\":2,\"name\":\"Apoyo a la b\u00fasqueda de empleo\"}]},{\"@type\":\"WebSite\",\"@id\":\"https:\/\/stunet.com.au\/ES\/#website\",\"url\":\"https:\/\/stunet.com.au\/ES\/\",\"name\":\"Stunet\",\"description\":\"\",\"publisher\":{\"@id\":\"https:\/\/stunet.com.au\/ES\/#organization\"},\"potentialAction\":[{\"@type\":\"SearchAction\",\"target\":{\"@type\":\"EntryPoint\",\"urlTemplate\":\"https:\/\/stunet.com.au\/ES\/?s={search_term_string}\"},\"query-input\":\"required name=search_term_string\"}],\"inLanguage\":\"es\"},{\"@type\":\"Organization\",\"@id\":\"https:\/\/stunet.com.au\/ES\/#organization\",\"name\":\"Stunet\",\"url\":\"https:\/\/stunet.com.au\/ES\/\",\"logo\":{\"@type\":\"ImageObject\",\"inLanguage\":\"es\",\"@id\":\"https:\/\/stunet.com.au\/ES\/#\/schema\/logo\/image\/\",\"url\":\"https:\/\/stunet.com.au\/ES\/wp-content\/uploads\/2019\/04\/logo_transparent_background-1.png\",\"contentUrl\":\"https:\/\/stunet.com.au\/ES\/wp-content\/uploads\/2019\/04\/logo_transparent_background-1.png\",\"width\":3400,\"height\":912,\"caption\":\"Stunet\"},\"image\":{\"@id\":\"https:\/\/stunet.com.au\/ES\/#\/schema\/logo\/image\/\"},\"sameAs\":[\"https:\/\/www.facebook.com\/stuneteducation\",\"https:\/\/www.instagram.com\/stuneteducation\"]}]}<\/script>\n<!-- \/ Yoast SEO plugin. -->","yoast_head_json":{"title":"Apoyo a la b\u00fasqueda de empleo - Stunet","robots":{"index":"index","follow":"follow","max-snippet":"max-snippet:-1","max-image-preview":"max-image-preview:large","max-video-preview":"max-video-preview:-1"},"canonical":"https:\/\/stunet.com.au\/ES\/apoyo-a-la-busqueda-de-empleo\/","og_locale":"es_ES","og_type":"article","og_title":"Apoyo a la b\u00fasqueda de empleo - Stunet","og_description":"Apoyo a la b\u00fasqueda de empleo El apoyo para la b\u00fasqueda de empleo es una parte central de nuestros servicios de asistencia en Australia. Sabemos que trabajar ser\u00e1 una de tus mayores prioridades, proporcionamos a nuestros estudiantes las mejores herramientas para encontrar un puesto adecuado. Tenga en cuenta que su actitud, determinaci\u00f3n y habilidades en &hellip; Apoyo a la b\u00fasqueda de empleo Leer m\u00e1s &raquo;","og_url":"https:\/\/stunet.com.au\/ES\/apoyo-a-la-busqueda-de-empleo\/","og_site_name":"Stunet","article_publisher":"https:\/\/www.facebook.com\/stuneteducation","article_modified_time":"2023-10-27T16:12:09+00:00","og_image":[{"url":"https:\/\/stunet.com.au\/ES\/wp-content\/uploads\/2020\/09\/tourist-couple-traveling-travel-walking-on-street-small.jpg"}],"twitter_card":"summary_large_image","twitter_misc":{"Tiempo de lectura":"1 minuto"},"schema":{"@context":"https:\/\/schema.org","@graph":[{"@type":"WebPage","@id":"https:\/\/stunet.com.au\/ES\/apoyo-a-la-busqueda-de-empleo\/","url":"https:\/\/stunet.com.au\/ES\/apoyo-a-la-busqueda-de-empleo\/","name":"Apoyo a la b\u00fasqueda de empleo - Stunet","isPartOf":{"@id":"https:\/\/stunet.com.au\/ES\/#website"},"primaryImageOfPage":{"@id":"https:\/\/stunet.com.au\/ES\/apoyo-a-la-busqueda-de-empleo\/#primaryimage"},"image":{"@id":"https:\/\/stunet.com.au\/ES\/apoyo-a-la-busqueda-de-empleo\/#primaryimage"},"thumbnailUrl":"https:\/\/stunet.com.au\/ES\/wp-content\/uploads\/2020\/09\/tourist-couple-traveling-travel-walking-on-street-small.jpg","datePublished":"2020-09-29T01:54:47+00:00","dateModified":"2023-10-27T16:12:09+00:00","breadcrumb":{"@id":"https:\/\/stunet.com.au\/ES\/apoyo-a-la-busqueda-de-empleo\/#breadcrumb"},"inLanguage":"es","potentialAction":[{"@type":"ReadAction","target":["https:\/\/stunet.com.au\/ES\/apoyo-a-la-busqueda-de-empleo\/"]}]},{"@type":"ImageObject","inLanguage":"es","@id":"https:\/\/stunet.com.au\/ES\/apoyo-a-la-busqueda-de-empleo\/#primaryimage","url":"https:\/\/stunet.com.au\/ES\/wp-content\/uploads\/2020\/09\/tourist-couple-traveling-travel-walking-on-street-small.jpg","contentUrl":"https:\/\/stunet.com.au\/ES\/wp-content\/uploads\/2020\/09\/tourist-couple-traveling-travel-walking-on-street-small.jpg","width":1000,"height":667},{"@type":"BreadcrumbList","@id":"https:\/\/stunet.com.au\/ES\/apoyo-a-la-busqueda-de-empleo\/#breadcrumb","itemListElement":[{"@type":"ListItem","position":1,"name":"Portada","item":"https:\/\/stunet.com.au\/ES\/"},{"@type":"ListItem","position":2,"name":"Apoyo a la b\u00fasqueda de empleo"}]},{"@type":"WebSite","@id":"https:\/\/stunet.com.au\/ES\/#website","url":"https:\/\/stunet.com.au\/ES\/","name":"Stunet","description":"","publisher":{"@id":"https:\/\/stunet.com.au\/ES\/#organization"},"potentialAction":[{"@type":"SearchAction","target":{"@type":"EntryPoint","urlTemplate":"https:\/\/stunet.com.au\/ES\/?s={search_term_string}"},"query-input":"required name=search_term_string"}],"inLanguage":"es"},{"@type":"Organization","@id":"https:\/\/stunet.com.au\/ES\/#organization","name":"Stunet","url":"https:\/\/stunet.com.au\/ES\/","logo":{"@type":"ImageObject","inLanguage":"es","@id":"https:\/\/stunet.com.au\/ES\/#\/schema\/logo\/image\/","url":"https:\/\/stunet.com.au\/ES\/wp-content\/uploads\/2019\/04\/logo_transparent_background-1.png","contentUrl":"https:\/\/stunet.com.au\/ES\/wp-content\/uploads\/2019\/04\/logo_transparent_background-1.png","width":3400,"height":912,"caption":"Stunet"},"image":{"@id":"https:\/\/stunet.com.au\/ES\/#\/schema\/logo\/image\/"},"sameAs":["https:\/\/www.facebook.com\/stuneteducation","https:\/\/www.instagram.com\/stuneteducation"]}]}},"_links":{"self":[{"href":"https:\/\/stunet.com.au\/ES\/wp-json\/wp\/v2\/pages\/3898"}],"collection":[{"href":"https:\/\/stunet.com.au\/ES\/wp-json\/wp\/v2\/pages"}],"about":[{"href":"https:\/\/stunet.com.au\/ES\/wp-json\/wp\/v2\/types\/page"}],"author":[{"embeddable":true,"href":"https:\/\/stunet.com.au\/ES\/wp-json\/wp\/v2\/users\/1"}],"replies":[{"embeddable":true,"href":"https:\/\/stunet.com.au\/ES\/wp-json\/wp\/v2\/comments?post=3898"}],"version-history":[{"count":25,"href":"https:\/\/stunet.com.au\/ES\/wp-json\/wp\/v2\/pages\/3898\/revisions"}],"predecessor-version":[{"id":6152,"href":"https:\/\/stunet.com.au\/ES\/wp-json\/wp\/v2\/pages\/3898\/revisions\/6152"}],"wp:attachment":[{"href":"https:\/\/stunet.com.au\/ES\/wp-json\/wp\/v2\/media?parent=3898"}],"curies":[{"name":"wp","href":"https:\/\/api.w.org\/{rel}","templated":true}]}}