{"id":3895,"date":"2020-09-29T01:53:25","date_gmt":"2020-09-29T01:53:25","guid":{"rendered":"https:\/\/stunet.com.au\/ES\/?page_id=3895"},"modified":"2023-10-27T16:15:42","modified_gmt":"2023-10-27T16:15:42","slug":"extender-la-visa","status":"publish","type":"page","link":"https:\/\/stunet.com.au\/ES\/extender-la-visa\/","title":{"rendered":"Extender la Visa"},"content":{"rendered":"\t\t<div data-elementor-type=\"wp-page\" data-elementor-id=\"3895\" class=\"elementor elementor-3895\">\n\t\t\t\t\t\t<section class=\"elementor-section elementor-top-section elementor-element elementor-element-549f586 elementor-section-height-min-height elementor-section-stretched elementor-section-boxed elementor-section-height-default elementor-section-items-middle\" data-id=\"549f586\" data-element_type=\"section\" data-settings=\"{&quot;stretch_section&quot;:&quot;section-stretched&quot;,&quot;background_background&quot;:&quot;classic&quot;,&quot;shape_divider_top&quot;:&quot;tilt&quot;,&quot;shape_divider_bottom&quot;:&quot;tilt&quot;}\">\n\t\t\t\t\t\t\t<div class=\"elementor-background-overlay\"><\/div>\n\t\t\t\t\t\t<div class=\"elementor-shape elementor-shape-top\" data-negative=\"false\">\n\t\t\t<svg xmlns=\"http:\/\/www.w3.org\/2000\/svg\" viewBox=\"0 0 1000 100\" preserveAspectRatio=\"none\">\n\t<path class=\"elementor-shape-fill\" d=\"M0,6V0h1000v100L0,6z\"\/>\n<\/svg>\t\t<\/div>\n\t\t\t\t<div class=\"elementor-shape elementor-shape-bottom\" data-negative=\"false\">\n\t\t\t<svg xmlns=\"http:\/\/www.w3.org\/2000\/svg\" viewBox=\"0 0 1000 100\" preserveAspectRatio=\"none\">\n\t<path class=\"elementor-shape-fill\" d=\"M0,6V0h1000v100L0,6z\"\/>\n<\/svg>\t\t<\/div>\n\t\t\t\t\t<div class=\"elementor-container elementor-column-gap-default\">\n\t\t\t\t\t<div class=\"elementor-column elementor-col-50 elementor-top-column elementor-element elementor-element-e0ec95d\" data-id=\"e0ec95d\" data-element_type=\"column\">\n\t\t\t<div class=\"elementor-widget-wrap\">\n\t\t\t\t\t\t\t<\/div>\n\t\t<\/div>\n\t\t\t\t<div class=\"elementor-column elementor-col-50 elementor-top-column elementor-element elementor-element-008c8d6\" data-id=\"008c8d6\" data-element_type=\"column\">\n\t\t\t<div class=\"elementor-widget-wrap elementor-element-populated\">\n\t\t\t\t\t\t<div class=\"elementor-element elementor-element-91bec6e elementor-widget elementor-widget-heading\" data-id=\"91bec6e\" data-element_type=\"widget\" data-widget_type=\"heading.default\">\n\t\t\t\t<div class=\"elementor-widget-container\">\n\t\t\t<h1 class=\"elementor-heading-title elementor-size-default\">Extiende tu Visa<\/h1>\t\t<\/div>\n\t\t\t\t<\/div>\n\t\t\t\t\t<\/div>\n\t\t<\/div>\n\t\t\t\t\t<\/div>\n\t\t<\/section>\n\t\t\t\t<section class=\"elementor-section elementor-top-section elementor-element elementor-element-1eeecea elementor-section-boxed elementor-section-height-default elementor-section-height-default\" data-id=\"1eeecea\" data-element_type=\"section\">\n\t\t\t\t\t\t<div class=\"elementor-container elementor-column-gap-default\">\n\t\t\t\t\t<div class=\"elementor-column elementor-col-50 elementor-top-column elementor-element elementor-element-9097a43\" data-id=\"9097a43\" data-element_type=\"column\">\n\t\t\t<div class=\"elementor-widget-wrap elementor-element-populated\">\n\t\t\t\t\t\t<div class=\"elementor-element elementor-element-c81fc68 elementor-widget elementor-widget-text-editor\" data-id=\"c81fc68\" data-element_type=\"widget\" data-widget_type=\"text-editor.default\">\n\t\t\t\t<div class=\"elementor-widget-container\">\n\t\t\t\t\t\t\t<div class=\"adM\">\u00a0<\/div><div class=\"adM\">\u00a0<\/div><div><p>Stunet ser\u00e1 su gu\u00eda en la renovaci\u00f3n de su visa, brind\u00e1ndole opciones de educaci\u00f3n personalizadas. Nuestros expertos en visas te ayudar\u00e1n con el proceso de solicitud para que puedas quedarte en Australia y seguir estudiando y disfrutando todo el tiempo que quieras.<\/p><p>No pierdas m\u00e1s tiempo pensando en tr\u00e1mites para extender tu visa, solo ll\u00e1manos, rel\u00e1jate, sigue estudiando y disfrutando de Australia mientras hacemos todo por ti.<\/p><p>Cont\u00e1ctanos y te brindaremos las mejores ofertas para que puedas renovar tu visa de estudiante.<strong> Tenemos las mejores ofertas para ti&#8230;<\/strong><\/p><\/div>\t\t\t\t\t\t<\/div>\n\t\t\t\t<\/div>\n\t\t\t\t\t<\/div>\n\t\t<\/div>\n\t\t\t\t<div class=\"elementor-column elementor-col-50 elementor-top-column elementor-element elementor-element-0337aac\" data-id=\"0337aac\" data-element_type=\"column\">\n\t\t\t<div class=\"elementor-widget-wrap elementor-element-populated\">\n\t\t\t\t\t\t<div class=\"elementor-element elementor-element-1c1da2f elementor-widget elementor-widget-heading\" data-id=\"1c1da2f\" data-element_type=\"widget\" data-widget_type=\"heading.default\">\n\t\t\t\t<div class=\"elementor-widget-container\">\n\t\t\t<h2 class=\"elementor-heading-title elementor-size-default\">\n\u00a1\u00a1RENUEVA TU VISA AHORA !!<\/h2>\t\t<\/div>\n\t\t\t\t<\/div>\n\t\t\t\t<div class=\"elementor-element elementor-element-420b3ae elementor-button-align-stretch elementor-widget elementor-widget-form\" data-id=\"420b3ae\" data-element_type=\"widget\" data-settings=\"{&quot;step_next_label&quot;:&quot;Next&quot;,&quot;step_previous_label&quot;:&quot;Previous&quot;,&quot;button_width&quot;:&quot;100&quot;,&quot;step_type&quot;:&quot;number_text&quot;,&quot;step_icon_shape&quot;:&quot;circle&quot;}\" data-widget_type=\"form.default\">\n\t\t\t\t<div class=\"elementor-widget-container\">\n\t\t\t\t\t<form class=\"elementor-form\" method=\"post\" name=\"New Form\">\n\t\t\t<input type=\"hidden\" name=\"post_id\" value=\"3895\"\/>\n\t\t\t<input type=\"hidden\" name=\"form_id\" value=\"420b3ae\"\/>\n\t\t\t<input type=\"hidden\" name=\"referer_title\" value=\"Stunet\" \/>\n\n\t\t\t\n\t\t\t<div class=\"elementor-form-fields-wrapper elementor-labels-above\">\n\t\t\t\t\t\t\t\t<div class=\"elementor-field-type-text elementor-field-group elementor-column elementor-field-group-name elementor-col-100\">\n\t\t\t\t\t\t\t\t\t\t\t\t<label for=\"form-field-name\" class=\"elementor-field-label\">\n\t\t\t\t\t\t\t\tNombre\t\t\t\t\t\t\t<\/label>\n\t\t\t\t\t\t\t\t\t\t\t\t\t\t<input size=\"1\" type=\"text\" name=\"form_fields[name]\" id=\"form-field-name\" class=\"elementor-field elementor-size-sm  elementor-field-textual\" placeholder=\"Name\">\n\t\t\t\t\t\t\t\t\t\t\t<\/div>\n\t\t\t\t\t\t\t\t<div class=\"elementor-field-type-email elementor-field-group elementor-column elementor-field-group-email elementor-col-100 elementor-field-required\">\n\t\t\t\t\t\t\t\t\t\t\t\t<label for=\"form-field-email\" class=\"elementor-field-label\">\n\t\t\t\t\t\t\t\tCorreo\t\t\t\t\t\t\t<\/label>\n\t\t\t\t\t\t\t\t\t\t\t\t\t\t<input size=\"1\" type=\"email\" name=\"form_fields[email]\" id=\"form-field-email\" class=\"elementor-field elementor-size-sm  elementor-field-textual\" placeholder=\"Email\" required=\"required\" aria-required=\"true\">\n\t\t\t\t\t\t\t\t\t\t\t<\/div>\n\t\t\t\t\t\t\t\t<div class=\"elementor-field-type-textarea elementor-field-group elementor-column elementor-field-group-message elementor-col-100\">\n\t\t\t\t\t\t\t\t\t\t\t\t<label for=\"form-field-message\" class=\"elementor-field-label\">\n\t\t\t\t\t\t\t\tTipo de visa actual\t\t\t\t\t\t\t<\/label>\n\t\t\t\t\t\t<textarea class=\"elementor-field-textual elementor-field  elementor-size-sm\" name=\"form_fields[message]\" id=\"form-field-message\" rows=\"4\" placeholder=\"Message\"><\/textarea>\t\t\t\t<\/div>\n\t\t\t\t\t\t\t\t<div class=\"elementor-field-group elementor-column elementor-field-type-submit elementor-col-100 e-form__buttons\">\n\t\t\t\t\t<button type=\"submit\" class=\"elementor-button elementor-size-sm elementor-animation-bounce-out\">\n\t\t\t\t\t\t<span >\n\t\t\t\t\t\t\t\t\t\t\t\t\t\t\t<span class=\" elementor-button-icon\">\n\t\t\t\t\t\t\t\t\t\t\t\t\t\t\t\t\t\t\t\t\t\t\t\t\t\t<\/span>\n\t\t\t\t\t\t\t\t\t\t\t\t\t\t\t\t\t\t\t\t\t\t<span class=\"elementor-button-text\">Enviar<\/span>\n\t\t\t\t\t\t\t\t\t\t\t\t\t<\/span>\n\t\t\t\t\t<\/button>\n\t\t\t\t<\/div>\n\t\t\t<\/div>\n\t\t<\/form>\n\t\t\t\t<\/div>\n\t\t\t\t<\/div>\n\t\t\t\t\t<\/div>\n\t\t<\/div>\n\t\t\t\t\t<\/div>\n\t\t<\/section>\n\t\t\t\t<\/div>\n\t\t","protected":false},"excerpt":{"rendered":"<p>Extiende tu Visa \u00a0\u00a0 Stunet ser\u00e1 su gu\u00eda en la renovaci\u00f3n de su visa, brind\u00e1ndole opciones de educaci\u00f3n personalizadas. Nuestros expertos en visas te ayudar\u00e1n con el proceso de solicitud para que puedas quedarte en Australia y seguir estudiando y disfrutando todo el tiempo que quieras. No pierdas m\u00e1s tiempo pensando en tr\u00e1mites para extender &hellip;<\/p>\n<p class=\"read-more\"> <a class=\"\" href=\"https:\/\/stunet.com.au\/ES\/extender-la-visa\/\"> <span class=\"screen-reader-text\">Extender la Visa<\/span> Leer m\u00e1s &raquo;<\/a><\/p>\n","protected":false},"author":1,"featured_media":0,"parent":0,"menu_order":0,"comment_status":"closed","ping_status":"closed","template":"","meta":{"site-sidebar-layout":"no-sidebar","site-content-layout":"page-builder","ast-global-header-display":"","ast-main-header-display":"","ast-hfb-above-header-display":"","ast-hfb-below-header-display":"","ast-hfb-mobile-header-display":"","site-post-title":"disabled","ast-breadcrumbs-content":"","ast-featured-img":"disabled","footer-sml-layout":"","theme-transparent-header-meta":"default","adv-header-id-meta":"","stick-header-meta":"","header-above-stick-meta":"","header-main-stick-meta":"","header-below-stick-meta":"","footnotes":""},"class_list":["post-3895","page","type-page","status-publish","hentry"],"yoast_head":"<!-- This site is optimized with the Yoast SEO plugin v23.1 - https:\/\/yoast.com\/wordpress\/plugins\/seo\/ -->\n<title>Extender la Visa - Stunet<\/title>\n<meta name=\"robots\" content=\"index, follow, max-snippet:-1, max-image-preview:large, max-video-preview:-1\" \/>\n<link rel=\"canonical\" href=\"https:\/\/stunet.com.au\/ES\/extender-la-visa\/\" \/>\n<meta property=\"og:locale\" content=\"es_ES\" \/>\n<meta property=\"og:type\" content=\"article\" \/>\n<meta property=\"og:title\" content=\"Extender la Visa - Stunet\" \/>\n<meta property=\"og:description\" content=\"Extiende tu Visa \u00a0\u00a0 Stunet ser\u00e1 su gu\u00eda en la renovaci\u00f3n de su visa, brind\u00e1ndole opciones de educaci\u00f3n personalizadas. Nuestros expertos en visas te ayudar\u00e1n con el proceso de solicitud para que puedas quedarte en Australia y seguir estudiando y disfrutando todo el tiempo que quieras. No pierdas m\u00e1s tiempo pensando en tr\u00e1mites para extender &hellip; Extender la Visa Leer m\u00e1s &raquo;\" \/>\n<meta property=\"og:url\" content=\"https:\/\/stunet.com.au\/ES\/extender-la-visa\/\" \/>\n<meta property=\"og:site_name\" content=\"Stunet\" \/>\n<meta property=\"article:publisher\" content=\"https:\/\/www.facebook.com\/stuneteducation\" \/>\n<meta property=\"article:modified_time\" content=\"2023-10-27T16:15:42+00:00\" \/>\n<meta name=\"twitter:card\" content=\"summary_large_image\" \/>\n<meta name=\"twitter:label1\" content=\"Tiempo de lectura\" \/>\n\t<meta name=\"twitter:data1\" content=\"1 minuto\" \/>\n<script type=\"application\/ld+json\" class=\"yoast-schema-graph\">{\"@context\":\"https:\/\/schema.org\",\"@graph\":[{\"@type\":\"WebPage\",\"@id\":\"https:\/\/stunet.com.au\/ES\/extender-la-visa\/\",\"url\":\"https:\/\/stunet.com.au\/ES\/extender-la-visa\/\",\"name\":\"Extender la Visa - Stunet\",\"isPartOf\":{\"@id\":\"https:\/\/stunet.com.au\/ES\/#website\"},\"datePublished\":\"2020-09-29T01:53:25+00:00\",\"dateModified\":\"2023-10-27T16:15:42+00:00\",\"breadcrumb\":{\"@id\":\"https:\/\/stunet.com.au\/ES\/extender-la-visa\/#breadcrumb\"},\"inLanguage\":\"es\",\"potentialAction\":[{\"@type\":\"ReadAction\",\"target\":[\"https:\/\/stunet.com.au\/ES\/extender-la-visa\/\"]}]},{\"@type\":\"BreadcrumbList\",\"@id\":\"https:\/\/stunet.com.au\/ES\/extender-la-visa\/#breadcrumb\",\"itemListElement\":[{\"@type\":\"ListItem\",\"position\":1,\"name\":\"Portada\",\"item\":\"https:\/\/stunet.com.au\/ES\/\"},{\"@type\":\"ListItem\",\"position\":2,\"name\":\"Extender la Visa\"}]},{\"@type\":\"WebSite\",\"@id\":\"https:\/\/stunet.com.au\/ES\/#website\",\"url\":\"https:\/\/stunet.com.au\/ES\/\",\"name\":\"Stunet\",\"description\":\"\",\"publisher\":{\"@id\":\"https:\/\/stunet.com.au\/ES\/#organization\"},\"potentialAction\":[{\"@type\":\"SearchAction\",\"target\":{\"@type\":\"EntryPoint\",\"urlTemplate\":\"https:\/\/stunet.com.au\/ES\/?s={search_term_string}\"},\"query-input\":\"required name=search_term_string\"}],\"inLanguage\":\"es\"},{\"@type\":\"Organization\",\"@id\":\"https:\/\/stunet.com.au\/ES\/#organization\",\"name\":\"Stunet\",\"url\":\"https:\/\/stunet.com.au\/ES\/\",\"logo\":{\"@type\":\"ImageObject\",\"inLanguage\":\"es\",\"@id\":\"https:\/\/stunet.com.au\/ES\/#\/schema\/logo\/image\/\",\"url\":\"https:\/\/stunet.com.au\/ES\/wp-content\/uploads\/2019\/04\/logo_transparent_background-1.png\",\"contentUrl\":\"https:\/\/stunet.com.au\/ES\/wp-content\/uploads\/2019\/04\/logo_transparent_background-1.png\",\"width\":3400,\"height\":912,\"caption\":\"Stunet\"},\"image\":{\"@id\":\"https:\/\/stunet.com.au\/ES\/#\/schema\/logo\/image\/\"},\"sameAs\":[\"https:\/\/www.facebook.com\/stuneteducation\",\"https:\/\/www.instagram.com\/stuneteducation\"]}]}<\/script>\n<!-- \/ Yoast SEO plugin. -->","yoast_head_json":{"title":"Extender la Visa - Stunet","robots":{"index":"index","follow":"follow","max-snippet":"max-snippet:-1","max-image-preview":"max-image-preview:large","max-video-preview":"max-video-preview:-1"},"canonical":"https:\/\/stunet.com.au\/ES\/extender-la-visa\/","og_locale":"es_ES","og_type":"article","og_title":"Extender la Visa - Stunet","og_description":"Extiende tu Visa \u00a0\u00a0 Stunet ser\u00e1 su gu\u00eda en la renovaci\u00f3n de su visa, brind\u00e1ndole opciones de educaci\u00f3n personalizadas. Nuestros expertos en visas te ayudar\u00e1n con el proceso de solicitud para que puedas quedarte en Australia y seguir estudiando y disfrutando todo el tiempo que quieras. No pierdas m\u00e1s tiempo pensando en tr\u00e1mites para extender &hellip; Extender la Visa Leer m\u00e1s &raquo;","og_url":"https:\/\/stunet.com.au\/ES\/extender-la-visa\/","og_site_name":"Stunet","article_publisher":"https:\/\/www.facebook.com\/stuneteducation","article_modified_time":"2023-10-27T16:15:42+00:00","twitter_card":"summary_large_image","twitter_misc":{"Tiempo de lectura":"1 minuto"},"schema":{"@context":"https:\/\/schema.org","@graph":[{"@type":"WebPage","@id":"https:\/\/stunet.com.au\/ES\/extender-la-visa\/","url":"https:\/\/stunet.com.au\/ES\/extender-la-visa\/","name":"Extender la Visa - Stunet","isPartOf":{"@id":"https:\/\/stunet.com.au\/ES\/#website"},"datePublished":"2020-09-29T01:53:25+00:00","dateModified":"2023-10-27T16:15:42+00:00","breadcrumb":{"@id":"https:\/\/stunet.com.au\/ES\/extender-la-visa\/#breadcrumb"},"inLanguage":"es","potentialAction":[{"@type":"ReadAction","target":["https:\/\/stunet.com.au\/ES\/extender-la-visa\/"]}]},{"@type":"BreadcrumbList","@id":"https:\/\/stunet.com.au\/ES\/extender-la-visa\/#breadcrumb","itemListElement":[{"@type":"ListItem","position":1,"name":"Portada","item":"https:\/\/stunet.com.au\/ES\/"},{"@type":"ListItem","position":2,"name":"Extender la Visa"}]},{"@type":"WebSite","@id":"https:\/\/stunet.com.au\/ES\/#website","url":"https:\/\/stunet.com.au\/ES\/","name":"Stunet","description":"","publisher":{"@id":"https:\/\/stunet.com.au\/ES\/#organization"},"potentialAction":[{"@type":"SearchAction","target":{"@type":"EntryPoint","urlTemplate":"https:\/\/stunet.com.au\/ES\/?s={search_term_string}"},"query-input":"required name=search_term_string"}],"inLanguage":"es"},{"@type":"Organization","@id":"https:\/\/stunet.com.au\/ES\/#organization","name":"Stunet","url":"https:\/\/stunet.com.au\/ES\/","logo":{"@type":"ImageObject","inLanguage":"es","@id":"https:\/\/stunet.com.au\/ES\/#\/schema\/logo\/image\/","url":"https:\/\/stunet.com.au\/ES\/wp-content\/uploads\/2019\/04\/logo_transparent_background-1.png","contentUrl":"https:\/\/stunet.com.au\/ES\/wp-content\/uploads\/2019\/04\/logo_transparent_background-1.png","width":3400,"height":912,"caption":"Stunet"},"image":{"@id":"https:\/\/stunet.com.au\/ES\/#\/schema\/logo\/image\/"},"sameAs":["https:\/\/www.facebook.com\/stuneteducation","https:\/\/www.instagram.com\/stuneteducation"]}]}},"_links":{"self":[{"href":"https:\/\/stunet.com.au\/ES\/wp-json\/wp\/v2\/pages\/3895"}],"collection":[{"href":"https:\/\/stunet.com.au\/ES\/wp-json\/wp\/v2\/pages"}],"about":[{"href":"https:\/\/stunet.com.au\/ES\/wp-json\/wp\/v2\/types\/page"}],"author":[{"embeddable":true,"href":"https:\/\/stunet.com.au\/ES\/wp-json\/wp\/v2\/users\/1"}],"replies":[{"embeddable":true,"href":"https:\/\/stunet.com.au\/ES\/wp-json\/wp\/v2\/comments?post=3895"}],"version-history":[{"count":18,"href":"https:\/\/stunet.com.au\/ES\/wp-json\/wp\/v2\/pages\/3895\/revisions"}],"predecessor-version":[{"id":6158,"href":"https:\/\/stunet.com.au\/ES\/wp-json\/wp\/v2\/pages\/3895\/revisions\/6158"}],"wp:attachment":[{"href":"https:\/\/stunet.com.au\/ES\/wp-json\/wp\/v2\/media?parent=3895"}],"curies":[{"name":"wp","href":"https:\/\/api.w.org\/{rel}","templated":true}]}}