{"id":3880,"date":"2020-09-29T01:39:30","date_gmt":"2020-09-29T01:39:30","guid":{"rendered":"https:\/\/stunet.com.au\/ES\/?page_id=3880"},"modified":"2020-11-12T07:11:06","modified_gmt":"2020-11-12T07:11:06","slug":"el-proceso","status":"publish","type":"page","link":"https:\/\/stunet.com.au\/ES\/el-proceso\/","title":{"rendered":"El proceso"},"content":{"rendered":"\t\t<div data-elementor-type=\"wp-page\" data-elementor-id=\"3880\" class=\"elementor elementor-3880\">\n\t\t\t\t\t\t<section class=\"elementor-section elementor-top-section elementor-element elementor-element-af9abaa elementor-section-height-min-height elementor-section-stretched elementor-section-boxed elementor-section-height-default elementor-section-items-middle\" data-id=\"af9abaa\" data-element_type=\"section\" data-settings=\"{&quot;stretch_section&quot;:&quot;section-stretched&quot;,&quot;background_background&quot;:&quot;classic&quot;,&quot;shape_divider_top&quot;:&quot;tilt&quot;,&quot;shape_divider_bottom&quot;:&quot;tilt&quot;}\">\n\t\t\t\t\t\t\t<div class=\"elementor-background-overlay\"><\/div>\n\t\t\t\t\t\t<div class=\"elementor-shape elementor-shape-top\" data-negative=\"false\">\n\t\t\t<svg xmlns=\"http:\/\/www.w3.org\/2000\/svg\" viewBox=\"0 0 1000 100\" preserveAspectRatio=\"none\">\n\t<path class=\"elementor-shape-fill\" d=\"M0,6V0h1000v100L0,6z\"\/>\n<\/svg>\t\t<\/div>\n\t\t\t\t<div class=\"elementor-shape elementor-shape-bottom\" data-negative=\"false\">\n\t\t\t<svg xmlns=\"http:\/\/www.w3.org\/2000\/svg\" viewBox=\"0 0 1000 100\" preserveAspectRatio=\"none\">\n\t<path class=\"elementor-shape-fill\" d=\"M0,6V0h1000v100L0,6z\"\/>\n<\/svg>\t\t<\/div>\n\t\t\t\t\t<div class=\"elementor-container elementor-column-gap-default\">\n\t\t\t\t\t<div class=\"elementor-column elementor-col-50 elementor-top-column elementor-element elementor-element-11da860\" data-id=\"11da860\" data-element_type=\"column\">\n\t\t\t<div class=\"elementor-widget-wrap\">\n\t\t\t\t\t\t\t<\/div>\n\t\t<\/div>\n\t\t\t\t<div class=\"elementor-column elementor-col-50 elementor-top-column elementor-element elementor-element-a45a1e3\" data-id=\"a45a1e3\" data-element_type=\"column\">\n\t\t\t<div class=\"elementor-widget-wrap elementor-element-populated\">\n\t\t\t\t\t\t<div class=\"elementor-element elementor-element-11a6d54 elementor-widget elementor-widget-heading\" data-id=\"11a6d54\" data-element_type=\"widget\" data-widget_type=\"heading.default\">\n\t\t\t\t<div class=\"elementor-widget-container\">\n\t\t\t<h1 class=\"elementor-heading-title elementor-size-default\">El proceso<\/h1>\t\t<\/div>\n\t\t\t\t<\/div>\n\t\t\t\t\t<\/div>\n\t\t<\/div>\n\t\t\t\t\t<\/div>\n\t\t<\/section>\n\t\t\t\t<section class=\"elementor-section elementor-top-section elementor-element elementor-element-285b6df elementor-section-boxed elementor-section-height-default elementor-section-height-default\" data-id=\"285b6df\" data-element_type=\"section\">\n\t\t\t\t\t\t<div class=\"elementor-container elementor-column-gap-default\">\n\t\t\t\t\t<div class=\"elementor-column elementor-col-100 elementor-top-column elementor-element elementor-element-64c4e58\" data-id=\"64c4e58\" data-element_type=\"column\">\n\t\t\t<div class=\"elementor-widget-wrap elementor-element-populated\">\n\t\t\t\t\t\t<div class=\"elementor-element elementor-element-24e73ed elementor-widget elementor-widget-text-editor\" data-id=\"24e73ed\" data-element_type=\"widget\" data-widget_type=\"text-editor.default\">\n\t\t\t\t<div class=\"elementor-widget-container\">\n\t\t\t\t\t\t\tSomos conscientes de que tomar la decisi\u00f3n de estudiar en el extranjero es bastante desafiante, por eso estamos aqu\u00ed para apoyarte en el proceso.<\/span>\n\nTenemos muchos a\u00f1os de experiencia haciendo esto, te guiaremos a trav\u00e9s de todo el proceso, estos son los pasos b\u00e1sicos a seguir:\t\t\t\t\t\t<\/div>\n\t\t\t\t<\/div>\n\t\t\t\t\t<\/div>\n\t\t<\/div>\n\t\t\t\t\t<\/div>\n\t\t<\/section>\n\t\t\t\t<section class=\"elementor-section elementor-top-section elementor-element elementor-element-fdd805a elementor-section-boxed elementor-section-height-default elementor-section-height-default\" data-id=\"fdd805a\" data-element_type=\"section\">\n\t\t\t\t\t\t<div class=\"elementor-container elementor-column-gap-default\">\n\t\t\t\t\t<div class=\"elementor-column elementor-col-100 elementor-top-column elementor-element elementor-element-55c9c8b\" data-id=\"55c9c8b\" data-element_type=\"column\">\n\t\t\t<div class=\"elementor-widget-wrap elementor-element-populated\">\n\t\t\t\t\t\t<div class=\"elementor-element elementor-element-8c853e5 elementor-widget elementor-widget-ctl-addon\" data-id=\"8c853e5\" data-element_type=\"widget\" data-widget_type=\"ctl-addon.default\">\n\t\t\t\t<div class=\"elementor-widget-container\">\n\t\t\t<div class=\"elementor-shortcode cool-timeline-free-addon\">\t\t\t<!-- Cool Timeline Free V2.9.3 -->\r\n\t\t\t<div class=\"ctl-wrapper\" role=\"region\" aria-label=\"Timeline\">\r\n\t\t\t\t<div class=\"ctl-before-content\"><div class=\"timeline-main-title\"><h6>.<\/h6><\/div><\/div>\t\t\t\t<div id=\"cool_timeline_1\" class=\"cool-timeline-wrapper ctl-both-sided ctl-vertical-wrapper\" >\r\n\t\t\t\t\t<div class=\"ctl-start\"><\/div>\r\n\t\t\t\t\t<!-- Timeline Container -->\r\n\t\t\t\t\t<div class=\"ctl-timeline ctl-timeline-container\" data-animation=\"fadeInUp\">\r\n\t\t\t\t\t\t<!-- Center Line -->\r\n\t\t\t\t\t\t<div class=\"ctl-inner-line\" role=\"presentation\"><\/div>\r\n\t\t\t\t\t\t<!-- Timeline Content --><div  id=\"ctl-story-4246\" class=\"ctl-story ctl-story-icon odd ctl-story-right\" data-aos=\"fadeInUp\"   data-story-index=\"1\" role=\"article\"><!-- Story Icon --><div class=\"ctl-icon\"><i class= \"fa fas fa-puzzle-piece\" aria-hidden =\"true\"><\/i><\/div> <!-- Story Arrow --><div class=\"ctl-arrow\"><\/div><!-- Story Content --><div class=\"ctl-content\"><!-- Story Title --><div class=\"ctl-title story-4246\" aria-label=\"2\">Paso 3: haz un plan<\/div><!-- Story Description --><div class=\"ctl-description\"><p>Seleccione el pa\u00eds, la ciudad y el proveedor de educaci\u00f3n.<\/p>\n<\/div><\/div><\/div><!-- Timeline Content --><div  id=\"ctl-story-4247\" class=\"ctl-story ctl-story-icon even ctl-story-left\" data-aos=\"fadeInUp\"   data-story-index=\"2\" role=\"article\"><!-- Story Icon --><div class=\"ctl-icon\"><i class= \"fa fas fa-graduation-cap\" aria-hidden =\"true\"><\/i><\/div> <!-- Story Arrow --><div class=\"ctl-arrow\"><\/div><!-- Story Content --><div class=\"ctl-content\"><!-- Story Title --><div class=\"ctl-title story-4247\" aria-label=\"2\">Paso 4: inscr\u00edbase en un proveedor de educaci\u00f3n<\/div><!-- Story Description --><div class=\"ctl-description\"><p>Procesamos su solicitud de inscripci\u00f3n con una de nuestras 1400 opciones en m\u00e1s de 15 pa\u00edses.<\/p>\n<\/div><\/div><\/div><!-- Timeline Content --><div  id=\"ctl-story-4249\" class=\"ctl-story ctl-story-icon odd ctl-story-right\" data-aos=\"fadeInUp\"   data-story-index=\"3\" role=\"article\"><!-- Story Icon --><div class=\"ctl-icon\"><i class= \"fa fas fa-smile\" aria-hidden =\"true\"><\/i><\/div> <!-- Story Arrow --><div class=\"ctl-arrow\"><\/div><!-- Story Content --><div class=\"ctl-content\"><!-- Story Title --><div class=\"ctl-title story-4249\" aria-label=\"2\">Paso 5 &#8211; Procesar el seguro<\/div><!-- Story Description --><div class=\"ctl-description\"><p>La mayor\u00eda de los pa\u00edses requieren coberturas de seguro espec\u00edficas, las procesamos por usted.<\/p>\n<\/div><\/div><\/div><!-- Timeline Content --><div  id=\"ctl-story-4250\" class=\"ctl-story ctl-story-icon even ctl-story-left\" data-aos=\"fadeInUp\"   data-story-index=\"4\" role=\"article\"><!-- Story Icon --><div class=\"ctl-icon\"><i class= \"fa fa far fa-address-card\" aria-hidden =\"true\"><\/i><\/div> <!-- Story Arrow --><div class=\"ctl-arrow\"><\/div><!-- Story Content --><div class=\"ctl-content\"><!-- Story Title --><div class=\"ctl-title story-4250\" aria-label=\"2\">Paso 6 &#8211; Solicita la visa<\/div><!-- Story Description --><div class=\"ctl-description\"><p>Recopilamos la informaci\u00f3n y procesamos la solicitud de visa por ti<\/p>\n<\/div><\/div><\/div><!-- Timeline Content --><div  id=\"ctl-story-4251\" class=\"ctl-story ctl-story-icon odd ctl-story-right\" data-aos=\"fadeInUp\"   data-story-index=\"5\" role=\"article\"><!-- Story Icon --><div class=\"ctl-icon\"><i class= \"fa fas fa-plane\" aria-hidden =\"true\"><\/i><\/div> <!-- Story Arrow --><div class=\"ctl-arrow\"><\/div><!-- Story Content --><div class=\"ctl-content\"><!-- Story Title --><div class=\"ctl-title story-4251\" aria-label=\"2\">Paso 7 &#8211; Viaja<\/div><!-- Story Description --><div class=\"ctl-description\"><p>Una vez que reciba su visa, viaja a tu destino y comienza a estudiar.<\/p>\n<\/div><\/div><\/div><!-- Timeline Content --><div  id=\"ctl-story-4245\" class=\"ctl-story ctl-story-icon even ctl-story-left\" data-aos=\"fadeInUp\"   data-story-index=\"6\" role=\"article\"><!-- Story Icon --><div class=\"ctl-icon\"><i class= \"fa fas fa-user-edit\" aria-hidden =\"true\"><\/i><\/div> <!-- Story Arrow --><div class=\"ctl-arrow\"><\/div><!-- Story Content --><div class=\"ctl-content\"><!-- Story Title --><div class=\"ctl-title story-4245\" aria-label=\"2\">Paso 2 &#8211; Evaluaci\u00f3n<\/div><!-- Story Description --><div class=\"ctl-description\"><p>Realizamos una evaluaci\u00f3n personalizada para entender su caso y brindarle las mejores opciones, esto se realiza para facilitarle la toma de una decisi\u00f3n inteligente. Siempre estaremos aqu\u00ed para apoyarte y asesorarte en el proceso.<\/p>\n<\/div><\/div><\/div><!-- Timeline Content --><div  id=\"ctl-story-4244\" class=\"ctl-story ctl-story-icon odd ctl-story-right\" data-aos=\"fadeInUp\"   data-story-index=\"7\" role=\"article\"><!-- Story Icon --><div class=\"ctl-icon\"><i class= \"fa fa fa fa far fa-handshake\" aria-hidden =\"true\"><\/i><\/div> <!-- Story Arrow --><div class=\"ctl-arrow\"><\/div><!-- Story Content --><div class=\"ctl-content\"><!-- Story Title --><div class=\"ctl-title story-4244\" aria-label=\"2\">Paso 1 &#8211; Contactanos<\/div><!-- Story Description --><div class=\"ctl-description\"><p>\u00a1H\u00e1ganos saber que est\u00e1 all\u00ed! Te mostraremos el camino hacia un pa\u00eds lleno de oportunidades.<\/p>\n<\/div><\/div><\/div>\t\t\t\t\t<\/div>\r\n\t\t\t\t\t<div class=\"ctl-end\"><\/div>\r\n\t\t\t\t\t\t\t\t\t<\/div>\r\n\t\t\t<\/div>\r\n\t\t\t<\/div>\t\t<\/div>\n\t\t\t\t<\/div>\n\t\t\t\t\t<\/div>\n\t\t<\/div>\n\t\t\t\t\t<\/div>\n\t\t<\/section>\n\t\t\t\t<\/div>\n\t\t","protected":false},"excerpt":{"rendered":"<p>El proceso Somos conscientes de que tomar la decisi\u00f3n de estudiar en el extranjero es bastante desafiante, por eso estamos aqu\u00ed para apoyarte en el proceso. Tenemos muchos a\u00f1os de experiencia haciendo esto, te guiaremos a trav\u00e9s de todo el proceso, estos son los pasos b\u00e1sicos a seguir: It is only a shortcode builder. Kindly &hellip;<\/p>\n<p class=\"read-more\"> <a class=\"\" href=\"https:\/\/stunet.com.au\/ES\/cool_timeline\/step-1-contact-us\/\"> <span class=\"screen-reader-text\">Paso 1 &#8211; Contactanos<\/span> Leer m\u00e1s &raquo;<\/a><\/p>\n","protected":false},"author":1,"featured_media":0,"parent":0,"menu_order":0,"comment_status":"closed","ping_status":"closed","template":"","meta":{"site-sidebar-layout":"no-sidebar","site-content-layout":"page-builder","ast-global-header-display":"","ast-main-header-display":"","ast-hfb-above-header-display":"","ast-hfb-below-header-display":"","ast-hfb-mobile-header-display":"","site-post-title":"disabled","ast-breadcrumbs-content":"","ast-featured-img":"disabled","footer-sml-layout":"","theme-transparent-header-meta":"default","adv-header-id-meta":"","stick-header-meta":"","header-above-stick-meta":"","header-main-stick-meta":"","header-below-stick-meta":"","footnotes":""},"class_list":["post-3880","page","type-page","status-publish","hentry"],"yoast_head":"<!-- This site is optimized with the Yoast SEO plugin v23.1 - https:\/\/yoast.com\/wordpress\/plugins\/seo\/ -->\n<title>El proceso - Stunet<\/title>\n<meta name=\"robots\" content=\"index, follow, max-snippet:-1, max-image-preview:large, max-video-preview:-1\" \/>\n<link rel=\"canonical\" href=\"https:\/\/stunet.com.au\/ES\/el-proceso\/\" \/>\n<meta property=\"og:locale\" content=\"es_ES\" \/>\n<meta property=\"og:type\" content=\"article\" \/>\n<meta property=\"og:title\" content=\"El proceso - Stunet\" \/>\n<meta property=\"og:description\" content=\"El proceso Somos conscientes de que tomar la decisi\u00f3n de estudiar en el extranjero es bastante desafiante, por eso estamos aqu\u00ed para apoyarte en el proceso. Tenemos muchos a\u00f1os de experiencia haciendo esto, te guiaremos a trav\u00e9s de todo el proceso, estos son los pasos b\u00e1sicos a seguir: It is only a shortcode builder. Kindly &hellip; Paso 1 &#8211; Contactanos Leer m\u00e1s &raquo;\" \/>\n<meta property=\"og:url\" content=\"https:\/\/stunet.com.au\/ES\/el-proceso\/\" \/>\n<meta property=\"og:site_name\" content=\"Stunet\" \/>\n<meta property=\"article:publisher\" content=\"https:\/\/www.facebook.com\/stuneteducation\" \/>\n<meta property=\"article:modified_time\" content=\"2020-11-12T07:11:06+00:00\" \/>\n<meta name=\"twitter:card\" content=\"summary_large_image\" \/>\n<script type=\"application\/ld+json\" class=\"yoast-schema-graph\">{\"@context\":\"https:\/\/schema.org\",\"@graph\":[{\"@type\":\"WebPage\",\"@id\":\"https:\/\/stunet.com.au\/ES\/el-proceso\/\",\"url\":\"https:\/\/stunet.com.au\/ES\/el-proceso\/\",\"name\":\"El proceso - Stunet\",\"isPartOf\":{\"@id\":\"https:\/\/stunet.com.au\/ES\/#website\"},\"datePublished\":\"2020-09-29T01:39:30+00:00\",\"dateModified\":\"2020-11-12T07:11:06+00:00\",\"breadcrumb\":{\"@id\":\"https:\/\/stunet.com.au\/ES\/el-proceso\/#breadcrumb\"},\"inLanguage\":\"es\",\"potentialAction\":[{\"@type\":\"ReadAction\",\"target\":[\"https:\/\/stunet.com.au\/ES\/el-proceso\/\"]}]},{\"@type\":\"BreadcrumbList\",\"@id\":\"https:\/\/stunet.com.au\/ES\/el-proceso\/#breadcrumb\",\"itemListElement\":[{\"@type\":\"ListItem\",\"position\":1,\"name\":\"Portada\",\"item\":\"https:\/\/stunet.com.au\/ES\/\"},{\"@type\":\"ListItem\",\"position\":2,\"name\":\"El proceso\"}]},{\"@type\":\"WebSite\",\"@id\":\"https:\/\/stunet.com.au\/ES\/#website\",\"url\":\"https:\/\/stunet.com.au\/ES\/\",\"name\":\"Stunet\",\"description\":\"\",\"publisher\":{\"@id\":\"https:\/\/stunet.com.au\/ES\/#organization\"},\"potentialAction\":[{\"@type\":\"SearchAction\",\"target\":{\"@type\":\"EntryPoint\",\"urlTemplate\":\"https:\/\/stunet.com.au\/ES\/?s={search_term_string}\"},\"query-input\":\"required name=search_term_string\"}],\"inLanguage\":\"es\"},{\"@type\":\"Organization\",\"@id\":\"https:\/\/stunet.com.au\/ES\/#organization\",\"name\":\"Stunet\",\"url\":\"https:\/\/stunet.com.au\/ES\/\",\"logo\":{\"@type\":\"ImageObject\",\"inLanguage\":\"es\",\"@id\":\"https:\/\/stunet.com.au\/ES\/#\/schema\/logo\/image\/\",\"url\":\"https:\/\/stunet.com.au\/ES\/wp-content\/uploads\/2019\/04\/logo_transparent_background-1.png\",\"contentUrl\":\"https:\/\/stunet.com.au\/ES\/wp-content\/uploads\/2019\/04\/logo_transparent_background-1.png\",\"width\":3400,\"height\":912,\"caption\":\"Stunet\"},\"image\":{\"@id\":\"https:\/\/stunet.com.au\/ES\/#\/schema\/logo\/image\/\"},\"sameAs\":[\"https:\/\/www.facebook.com\/stuneteducation\",\"https:\/\/www.instagram.com\/stuneteducation\"]}]}<\/script>\n<!-- \/ Yoast SEO plugin. -->","yoast_head_json":{"title":"El proceso - Stunet","robots":{"index":"index","follow":"follow","max-snippet":"max-snippet:-1","max-image-preview":"max-image-preview:large","max-video-preview":"max-video-preview:-1"},"canonical":"https:\/\/stunet.com.au\/ES\/el-proceso\/","og_locale":"es_ES","og_type":"article","og_title":"El proceso - Stunet","og_description":"El proceso Somos conscientes de que tomar la decisi\u00f3n de estudiar en el extranjero es bastante desafiante, por eso estamos aqu\u00ed para apoyarte en el proceso. Tenemos muchos a\u00f1os de experiencia haciendo esto, te guiaremos a trav\u00e9s de todo el proceso, estos son los pasos b\u00e1sicos a seguir: It is only a shortcode builder. Kindly &hellip; Paso 1 &#8211; Contactanos Leer m\u00e1s &raquo;","og_url":"https:\/\/stunet.com.au\/ES\/el-proceso\/","og_site_name":"Stunet","article_publisher":"https:\/\/www.facebook.com\/stuneteducation","article_modified_time":"2020-11-12T07:11:06+00:00","twitter_card":"summary_large_image","schema":{"@context":"https:\/\/schema.org","@graph":[{"@type":"WebPage","@id":"https:\/\/stunet.com.au\/ES\/el-proceso\/","url":"https:\/\/stunet.com.au\/ES\/el-proceso\/","name":"El proceso - Stunet","isPartOf":{"@id":"https:\/\/stunet.com.au\/ES\/#website"},"datePublished":"2020-09-29T01:39:30+00:00","dateModified":"2020-11-12T07:11:06+00:00","breadcrumb":{"@id":"https:\/\/stunet.com.au\/ES\/el-proceso\/#breadcrumb"},"inLanguage":"es","potentialAction":[{"@type":"ReadAction","target":["https:\/\/stunet.com.au\/ES\/el-proceso\/"]}]},{"@type":"BreadcrumbList","@id":"https:\/\/stunet.com.au\/ES\/el-proceso\/#breadcrumb","itemListElement":[{"@type":"ListItem","position":1,"name":"Portada","item":"https:\/\/stunet.com.au\/ES\/"},{"@type":"ListItem","position":2,"name":"El proceso"}]},{"@type":"WebSite","@id":"https:\/\/stunet.com.au\/ES\/#website","url":"https:\/\/stunet.com.au\/ES\/","name":"Stunet","description":"","publisher":{"@id":"https:\/\/stunet.com.au\/ES\/#organization"},"potentialAction":[{"@type":"SearchAction","target":{"@type":"EntryPoint","urlTemplate":"https:\/\/stunet.com.au\/ES\/?s={search_term_string}"},"query-input":"required name=search_term_string"}],"inLanguage":"es"},{"@type":"Organization","@id":"https:\/\/stunet.com.au\/ES\/#organization","name":"Stunet","url":"https:\/\/stunet.com.au\/ES\/","logo":{"@type":"ImageObject","inLanguage":"es","@id":"https:\/\/stunet.com.au\/ES\/#\/schema\/logo\/image\/","url":"https:\/\/stunet.com.au\/ES\/wp-content\/uploads\/2019\/04\/logo_transparent_background-1.png","contentUrl":"https:\/\/stunet.com.au\/ES\/wp-content\/uploads\/2019\/04\/logo_transparent_background-1.png","width":3400,"height":912,"caption":"Stunet"},"image":{"@id":"https:\/\/stunet.com.au\/ES\/#\/schema\/logo\/image\/"},"sameAs":["https:\/\/www.facebook.com\/stuneteducation","https:\/\/www.instagram.com\/stuneteducation"]}]}},"_links":{"self":[{"href":"https:\/\/stunet.com.au\/ES\/wp-json\/wp\/v2\/pages\/3880"}],"collection":[{"href":"https:\/\/stunet.com.au\/ES\/wp-json\/wp\/v2\/pages"}],"about":[{"href":"https:\/\/stunet.com.au\/ES\/wp-json\/wp\/v2\/types\/page"}],"author":[{"embeddable":true,"href":"https:\/\/stunet.com.au\/ES\/wp-json\/wp\/v2\/users\/1"}],"replies":[{"embeddable":true,"href":"https:\/\/stunet.com.au\/ES\/wp-json\/wp\/v2\/comments?post=3880"}],"version-history":[{"count":17,"href":"https:\/\/stunet.com.au\/ES\/wp-json\/wp\/v2\/pages\/3880\/revisions"}],"predecessor-version":[{"id":4569,"href":"https:\/\/stunet.com.au\/ES\/wp-json\/wp\/v2\/pages\/3880\/revisions\/4569"}],"wp:attachment":[{"href":"https:\/\/stunet.com.au\/ES\/wp-json\/wp\/v2\/media?parent=3880"}],"curies":[{"name":"wp","href":"https:\/\/api.w.org\/{rel}","templated":true}]}}