{"id":34,"date":"2019-04-25T21:31:51","date_gmt":"2019-04-25T21:31:51","guid":{"rendered":"https:\/\/stunet.com.au\/ES\/?page_id=34"},"modified":"2023-07-03T19:12:01","modified_gmt":"2023-07-03T19:12:01","slug":"somos-stunet","status":"publish","type":"page","link":"https:\/\/stunet.com.au\/ES\/somos-stunet\/","title":{"rendered":"Somos StuneT"},"content":{"rendered":"<h1>Somos StuneT<\/h1>\n<p><strong>STUNET<\/strong> es la primera agencia educativa que se enfoca en crear una comunidad estudiantil colaborativa, nos enfocamos en ofrecer los mejores servicios para estudiantes en la industria. Todos hemos empezado como t\u00fa, con el sue\u00f1o de estudiar en el extranjero, despu\u00e9s de muchos a\u00f1os de experiencia podemos transmitir todos estos conocimientos. Nuestra comunidad trabaja como una tribu, cada miembro se enfoca en ayudarse unos a otros, cuanto m\u00e1s nos ayudamos, m\u00e1s crecemos.<\/p>\n<p>Nos diferenciamos de otras agencias educativas porque nos enfocamos en capacitar a nuestros estudiantes para que crezcan personal, social, cultural, educativa, profesional y financieramente. Centramos nuestros esfuerzos en ayudarte a alcanzar tus metas, tus metas son nuestras metas. Somos conscientes de que muchas agencias ofrecen carteras similares entre s\u00ed, nos enfocamos en ofrecer soluciones a medida para sus necesidades educativas. Contamos con m\u00e1s de 8 a\u00f1os de experiencia y lo transmitimos todo a nuestros alumnos, se parte de nuestra comunidad estudiantil.<\/p>\n<p>Nuestra oficina central est\u00e1 en Sydney, Australia, tenemos un plan de expansi\u00f3n agresivo y estamos creciendo a medida que lee esto. Nuestra estrategia de base nos permite crecer con nuestros estudiantes, muchos de los cuales est\u00e1n trabajando arduamente para convertirse en nuestros afiliados, miembros del personal y franquiciados.<\/p>\n<p><img loading=\"lazy\" decoding=\"async\" width=\"242\" height=\"214\" src=\"https:\/\/stunet.com.au\/ES\/wp-content\/uploads\/2020\/09\/dots-green.png\" alt=\"\" loading=\"lazy\"><br \/>\n<img loading=\"lazy\" decoding=\"async\" width=\"242\" height=\"214\" src=\"https:\/\/stunet.com.au\/ES\/wp-content\/uploads\/2020\/09\/dots-green.png\" alt=\"\" loading=\"lazy\"><br \/>\n<img loading=\"lazy\" decoding=\"async\" width=\"242\" height=\"214\" src=\"https:\/\/stunet.com.au\/ES\/wp-content\/uploads\/2020\/09\/dots-green.png\" alt=\"\" loading=\"lazy\"><br \/>\n<img loading=\"lazy\" decoding=\"async\" width=\"932\" height=\"524\" src=\"https:\/\/stunet.com.au\/ES\/wp-content\/uploads\/2020\/09\/59801984_378826862732976_594263198471815168_n.jpg\" alt=\"\" loading=\"lazy\" srcset=\"https:\/\/stunet.com.au\/ES\/wp-content\/uploads\/2020\/09\/59801984_378826862732976_594263198471815168_n.jpg 932w, https:\/\/stunet.com.au\/ES\/wp-content\/uploads\/2020\/09\/59801984_378826862732976_594263198471815168_n-300x169.jpg 300w, https:\/\/stunet.com.au\/ES\/wp-content\/uploads\/2020\/09\/59801984_378826862732976_594263198471815168_n-768x432.jpg 768w\" sizes=\"(max-width: 932px) 100vw, 932px\"><br \/>\n<img loading=\"lazy\" decoding=\"async\" width=\"960\" height=\"720\" src=\"https:\/\/stunet.com.au\/ES\/wp-content\/uploads\/2020\/09\/59760627_378826886066307_6138262372046864384_n.jpg\" alt=\"\" loading=\"lazy\" srcset=\"https:\/\/stunet.com.au\/ES\/wp-content\/uploads\/2020\/09\/59760627_378826886066307_6138262372046864384_n.jpg 960w, https:\/\/stunet.com.au\/ES\/wp-content\/uploads\/2020\/09\/59760627_378826886066307_6138262372046864384_n-300x225.jpg 300w, https:\/\/stunet.com.au\/ES\/wp-content\/uploads\/2020\/09\/59760627_378826886066307_6138262372046864384_n-768x576.jpg 768w\" sizes=\"(max-width: 960px) 100vw, 960px\"><br \/>\n<img loading=\"lazy\" decoding=\"async\" width=\"748\" height=\"472\" src=\"https:\/\/stunet.com.au\/ES\/wp-content\/uploads\/2020\/09\/WhatsApp-Image-2020-09-10-at-2.47.16-AM.png\" alt=\"\" loading=\"lazy\" srcset=\"https:\/\/stunet.com.au\/ES\/wp-content\/uploads\/2020\/09\/WhatsApp-Image-2020-09-10-at-2.47.16-AM.png 748w, https:\/\/stunet.com.au\/ES\/wp-content\/uploads\/2020\/09\/WhatsApp-Image-2020-09-10-at-2.47.16-AM-300x189.png 300w\" sizes=\"(max-width: 748px) 100vw, 748px\"><\/p>\n","protected":false},"excerpt":{"rendered":"<p>Somos StuneT STUNET es la primera agencia educativa que se enfoca en crear una comunidad estudiantil colaborativa, nos enfocamos en ofrecer los mejores servicios para estudiantes en la industria. Todos hemos empezado como t\u00fa, con el sue\u00f1o de estudiar en el extranjero, despu\u00e9s de muchos a\u00f1os de experiencia podemos transmitir todos estos conocimientos. Nuestra comunidad &hellip;<\/p>\n<p class=\"read-more\"> <a class=\"\" href=\"https:\/\/stunet.com.au\/ES\/somos-stunet\/\"> <span class=\"screen-reader-text\">Somos StuneT<\/span> Leer m\u00e1s &raquo;<\/a><\/p>\n","protected":false},"author":1,"featured_media":0,"parent":0,"menu_order":0,"comment_status":"closed","ping_status":"closed","template":"","meta":{"site-sidebar-layout":"default","site-content-layout":"default","ast-global-header-display":"","ast-main-header-display":"","ast-hfb-above-header-display":"","ast-hfb-below-header-display":"","ast-hfb-mobile-header-display":"","site-post-title":"disabled","ast-breadcrumbs-content":"","ast-featured-img":"","footer-sml-layout":"","theme-transparent-header-meta":"default","adv-header-id-meta":"","stick-header-meta":"","header-above-stick-meta":"","header-main-stick-meta":"","header-below-stick-meta":"","footnotes":""},"class_list":["post-34","page","type-page","status-publish","hentry"],"yoast_head":"<!-- This site is optimized with the Yoast SEO plugin v23.1 - https:\/\/yoast.com\/wordpress\/plugins\/seo\/ -->\n<title>Somos StuneT - Stunet<\/title>\n<meta name=\"robots\" content=\"index, follow, max-snippet:-1, max-image-preview:large, max-video-preview:-1\" \/>\n<link rel=\"canonical\" href=\"https:\/\/stunet.com.au\/ES\/somos-stunet\/\" \/>\n<meta property=\"og:locale\" content=\"es_ES\" \/>\n<meta property=\"og:type\" content=\"article\" \/>\n<meta property=\"og:title\" content=\"Somos StuneT - Stunet\" \/>\n<meta property=\"og:description\" content=\"Somos StuneT STUNET es la primera agencia educativa que se enfoca en crear una comunidad estudiantil colaborativa, nos enfocamos en ofrecer los mejores servicios para estudiantes en la industria. Todos hemos empezado como t\u00fa, con el sue\u00f1o de estudiar en el extranjero, despu\u00e9s de muchos a\u00f1os de experiencia podemos transmitir todos estos conocimientos. Nuestra comunidad &hellip; Somos StuneT Leer m\u00e1s &raquo;\" \/>\n<meta property=\"og:url\" content=\"https:\/\/stunet.com.au\/ES\/somos-stunet\/\" \/>\n<meta property=\"og:site_name\" content=\"Stunet\" \/>\n<meta property=\"article:publisher\" content=\"https:\/\/www.facebook.com\/stuneteducation\" \/>\n<meta property=\"article:modified_time\" content=\"2023-07-03T19:12:01+00:00\" \/>\n<meta property=\"og:image\" content=\"https:\/\/stunet.com.au\/ES\/wp-content\/uploads\/2020\/09\/dots-green.png\" \/>\n<meta name=\"twitter:card\" content=\"summary_large_image\" \/>\n<meta name=\"twitter:label1\" content=\"Tiempo de lectura\" \/>\n\t<meta name=\"twitter:data1\" content=\"3 minutos\" \/>\n<script type=\"application\/ld+json\" class=\"yoast-schema-graph\">{\"@context\":\"https:\/\/schema.org\",\"@graph\":[{\"@type\":\"WebPage\",\"@id\":\"https:\/\/stunet.com.au\/ES\/somos-stunet\/\",\"url\":\"https:\/\/stunet.com.au\/ES\/somos-stunet\/\",\"name\":\"Somos StuneT - Stunet\",\"isPartOf\":{\"@id\":\"https:\/\/stunet.com.au\/ES\/#website\"},\"primaryImageOfPage\":{\"@id\":\"https:\/\/stunet.com.au\/ES\/somos-stunet\/#primaryimage\"},\"image\":{\"@id\":\"https:\/\/stunet.com.au\/ES\/somos-stunet\/#primaryimage\"},\"thumbnailUrl\":\"https:\/\/stunet.com.au\/ES\/wp-content\/uploads\/2020\/09\/dots-green.png\",\"datePublished\":\"2019-04-25T21:31:51+00:00\",\"dateModified\":\"2023-07-03T19:12:01+00:00\",\"breadcrumb\":{\"@id\":\"https:\/\/stunet.com.au\/ES\/somos-stunet\/#breadcrumb\"},\"inLanguage\":\"es\",\"potentialAction\":[{\"@type\":\"ReadAction\",\"target\":[\"https:\/\/stunet.com.au\/ES\/somos-stunet\/\"]}]},{\"@type\":\"ImageObject\",\"inLanguage\":\"es\",\"@id\":\"https:\/\/stunet.com.au\/ES\/somos-stunet\/#primaryimage\",\"url\":\"https:\/\/stunet.com.au\/ES\/wp-content\/uploads\/2020\/09\/dots-green.png\",\"contentUrl\":\"https:\/\/stunet.com.au\/ES\/wp-content\/uploads\/2020\/09\/dots-green.png\",\"width\":242,\"height\":214},{\"@type\":\"BreadcrumbList\",\"@id\":\"https:\/\/stunet.com.au\/ES\/somos-stunet\/#breadcrumb\",\"itemListElement\":[{\"@type\":\"ListItem\",\"position\":1,\"name\":\"Portada\",\"item\":\"https:\/\/stunet.com.au\/ES\/\"},{\"@type\":\"ListItem\",\"position\":2,\"name\":\"Somos StuneT\"}]},{\"@type\":\"WebSite\",\"@id\":\"https:\/\/stunet.com.au\/ES\/#website\",\"url\":\"https:\/\/stunet.com.au\/ES\/\",\"name\":\"Stunet\",\"description\":\"\",\"publisher\":{\"@id\":\"https:\/\/stunet.com.au\/ES\/#organization\"},\"potentialAction\":[{\"@type\":\"SearchAction\",\"target\":{\"@type\":\"EntryPoint\",\"urlTemplate\":\"https:\/\/stunet.com.au\/ES\/?s={search_term_string}\"},\"query-input\":\"required name=search_term_string\"}],\"inLanguage\":\"es\"},{\"@type\":\"Organization\",\"@id\":\"https:\/\/stunet.com.au\/ES\/#organization\",\"name\":\"Stunet\",\"url\":\"https:\/\/stunet.com.au\/ES\/\",\"logo\":{\"@type\":\"ImageObject\",\"inLanguage\":\"es\",\"@id\":\"https:\/\/stunet.com.au\/ES\/#\/schema\/logo\/image\/\",\"url\":\"https:\/\/stunet.com.au\/ES\/wp-content\/uploads\/2019\/04\/logo_transparent_background-1.png\",\"contentUrl\":\"https:\/\/stunet.com.au\/ES\/wp-content\/uploads\/2019\/04\/logo_transparent_background-1.png\",\"width\":3400,\"height\":912,\"caption\":\"Stunet\"},\"image\":{\"@id\":\"https:\/\/stunet.com.au\/ES\/#\/schema\/logo\/image\/\"},\"sameAs\":[\"https:\/\/www.facebook.com\/stuneteducation\",\"https:\/\/www.instagram.com\/stuneteducation\"]}]}<\/script>\n<!-- \/ Yoast SEO plugin. -->","yoast_head_json":{"title":"Somos StuneT - Stunet","robots":{"index":"index","follow":"follow","max-snippet":"max-snippet:-1","max-image-preview":"max-image-preview:large","max-video-preview":"max-video-preview:-1"},"canonical":"https:\/\/stunet.com.au\/ES\/somos-stunet\/","og_locale":"es_ES","og_type":"article","og_title":"Somos StuneT - Stunet","og_description":"Somos StuneT STUNET es la primera agencia educativa que se enfoca en crear una comunidad estudiantil colaborativa, nos enfocamos en ofrecer los mejores servicios para estudiantes en la industria. Todos hemos empezado como t\u00fa, con el sue\u00f1o de estudiar en el extranjero, despu\u00e9s de muchos a\u00f1os de experiencia podemos transmitir todos estos conocimientos. Nuestra comunidad &hellip; Somos StuneT Leer m\u00e1s &raquo;","og_url":"https:\/\/stunet.com.au\/ES\/somos-stunet\/","og_site_name":"Stunet","article_publisher":"https:\/\/www.facebook.com\/stuneteducation","article_modified_time":"2023-07-03T19:12:01+00:00","og_image":[{"url":"https:\/\/stunet.com.au\/ES\/wp-content\/uploads\/2020\/09\/dots-green.png"}],"twitter_card":"summary_large_image","twitter_misc":{"Tiempo de lectura":"3 minutos"},"schema":{"@context":"https:\/\/schema.org","@graph":[{"@type":"WebPage","@id":"https:\/\/stunet.com.au\/ES\/somos-stunet\/","url":"https:\/\/stunet.com.au\/ES\/somos-stunet\/","name":"Somos StuneT - Stunet","isPartOf":{"@id":"https:\/\/stunet.com.au\/ES\/#website"},"primaryImageOfPage":{"@id":"https:\/\/stunet.com.au\/ES\/somos-stunet\/#primaryimage"},"image":{"@id":"https:\/\/stunet.com.au\/ES\/somos-stunet\/#primaryimage"},"thumbnailUrl":"https:\/\/stunet.com.au\/ES\/wp-content\/uploads\/2020\/09\/dots-green.png","datePublished":"2019-04-25T21:31:51+00:00","dateModified":"2023-07-03T19:12:01+00:00","breadcrumb":{"@id":"https:\/\/stunet.com.au\/ES\/somos-stunet\/#breadcrumb"},"inLanguage":"es","potentialAction":[{"@type":"ReadAction","target":["https:\/\/stunet.com.au\/ES\/somos-stunet\/"]}]},{"@type":"ImageObject","inLanguage":"es","@id":"https:\/\/stunet.com.au\/ES\/somos-stunet\/#primaryimage","url":"https:\/\/stunet.com.au\/ES\/wp-content\/uploads\/2020\/09\/dots-green.png","contentUrl":"https:\/\/stunet.com.au\/ES\/wp-content\/uploads\/2020\/09\/dots-green.png","width":242,"height":214},{"@type":"BreadcrumbList","@id":"https:\/\/stunet.com.au\/ES\/somos-stunet\/#breadcrumb","itemListElement":[{"@type":"ListItem","position":1,"name":"Portada","item":"https:\/\/stunet.com.au\/ES\/"},{"@type":"ListItem","position":2,"name":"Somos StuneT"}]},{"@type":"WebSite","@id":"https:\/\/stunet.com.au\/ES\/#website","url":"https:\/\/stunet.com.au\/ES\/","name":"Stunet","description":"","publisher":{"@id":"https:\/\/stunet.com.au\/ES\/#organization"},"potentialAction":[{"@type":"SearchAction","target":{"@type":"EntryPoint","urlTemplate":"https:\/\/stunet.com.au\/ES\/?s={search_term_string}"},"query-input":"required name=search_term_string"}],"inLanguage":"es"},{"@type":"Organization","@id":"https:\/\/stunet.com.au\/ES\/#organization","name":"Stunet","url":"https:\/\/stunet.com.au\/ES\/","logo":{"@type":"ImageObject","inLanguage":"es","@id":"https:\/\/stunet.com.au\/ES\/#\/schema\/logo\/image\/","url":"https:\/\/stunet.com.au\/ES\/wp-content\/uploads\/2019\/04\/logo_transparent_background-1.png","contentUrl":"https:\/\/stunet.com.au\/ES\/wp-content\/uploads\/2019\/04\/logo_transparent_background-1.png","width":3400,"height":912,"caption":"Stunet"},"image":{"@id":"https:\/\/stunet.com.au\/ES\/#\/schema\/logo\/image\/"},"sameAs":["https:\/\/www.facebook.com\/stuneteducation","https:\/\/www.instagram.com\/stuneteducation"]}]}},"_links":{"self":[{"href":"https:\/\/stunet.com.au\/ES\/wp-json\/wp\/v2\/pages\/34"}],"collection":[{"href":"https:\/\/stunet.com.au\/ES\/wp-json\/wp\/v2\/pages"}],"about":[{"href":"https:\/\/stunet.com.au\/ES\/wp-json\/wp\/v2\/types\/page"}],"author":[{"embeddable":true,"href":"https:\/\/stunet.com.au\/ES\/wp-json\/wp\/v2\/users\/1"}],"replies":[{"embeddable":true,"href":"https:\/\/stunet.com.au\/ES\/wp-json\/wp\/v2\/comments?post=34"}],"version-history":[{"count":82,"href":"https:\/\/stunet.com.au\/ES\/wp-json\/wp\/v2\/pages\/34\/revisions"}],"predecessor-version":[{"id":5786,"href":"https:\/\/stunet.com.au\/ES\/wp-json\/wp\/v2\/pages\/34\/revisions\/5786"}],"wp:attachment":[{"href":"https:\/\/stunet.com.au\/ES\/wp-json\/wp\/v2\/media?parent=34"}],"curies":[{"name":"wp","href":"https:\/\/api.w.org\/{rel}","templated":true}]}}