{"id":2619,"date":"2019-10-30T07:54:56","date_gmt":"2019-10-30T07:54:56","guid":{"rendered":"https:\/\/stunet.com.au\/ES\/?page_id=2619"},"modified":"2020-11-12T07:16:48","modified_gmt":"2020-11-12T07:16:48","slug":"franquicias","status":"publish","type":"page","link":"https:\/\/stunet.com.au\/ES\/franquicias\/","title":{"rendered":"Franquicias"},"content":{"rendered":"\t\t<div data-elementor-type=\"wp-page\" data-elementor-id=\"2619\" class=\"elementor elementor-2619\">\n\t\t\t\t\t\t<section class=\"elementor-section elementor-top-section elementor-element elementor-element-ad4156f elementor-section-height-min-height elementor-section-stretched elementor-section-boxed elementor-section-height-default elementor-section-items-middle\" data-id=\"ad4156f\" data-element_type=\"section\" data-settings=\"{&quot;stretch_section&quot;:&quot;section-stretched&quot;,&quot;background_background&quot;:&quot;classic&quot;,&quot;shape_divider_top&quot;:&quot;tilt&quot;,&quot;shape_divider_bottom&quot;:&quot;tilt&quot;}\">\n\t\t\t\t\t\t\t<div class=\"elementor-background-overlay\"><\/div>\n\t\t\t\t\t\t<div class=\"elementor-shape elementor-shape-top\" data-negative=\"false\">\n\t\t\t<svg xmlns=\"http:\/\/www.w3.org\/2000\/svg\" viewBox=\"0 0 1000 100\" preserveAspectRatio=\"none\">\n\t<path class=\"elementor-shape-fill\" d=\"M0,6V0h1000v100L0,6z\"\/>\n<\/svg>\t\t<\/div>\n\t\t\t\t<div class=\"elementor-shape elementor-shape-bottom\" data-negative=\"false\">\n\t\t\t<svg xmlns=\"http:\/\/www.w3.org\/2000\/svg\" viewBox=\"0 0 1000 100\" preserveAspectRatio=\"none\">\n\t<path class=\"elementor-shape-fill\" d=\"M0,6V0h1000v100L0,6z\"\/>\n<\/svg>\t\t<\/div>\n\t\t\t\t\t<div class=\"elementor-container elementor-column-gap-default\">\n\t\t\t\t\t<div class=\"elementor-column elementor-col-50 elementor-top-column elementor-element elementor-element-fb9afdc\" data-id=\"fb9afdc\" data-element_type=\"column\">\n\t\t\t<div class=\"elementor-widget-wrap\">\n\t\t\t\t\t\t\t<\/div>\n\t\t<\/div>\n\t\t\t\t<div class=\"elementor-column elementor-col-50 elementor-top-column elementor-element elementor-element-6847707\" data-id=\"6847707\" data-element_type=\"column\">\n\t\t\t<div class=\"elementor-widget-wrap elementor-element-populated\">\n\t\t\t\t\t\t<div class=\"elementor-element elementor-element-9a7ef21 elementor-widget elementor-widget-heading\" data-id=\"9a7ef21\" data-element_type=\"widget\" data-widget_type=\"heading.default\">\n\t\t\t\t<div class=\"elementor-widget-container\">\n\t\t\t<h1 class=\"elementor-heading-title elementor-size-default\">Franquicias<\/h1>\t\t<\/div>\n\t\t\t\t<\/div>\n\t\t\t\t\t<\/div>\n\t\t<\/div>\n\t\t\t\t\t<\/div>\n\t\t<\/section>\n\t\t\t\t<section class=\"elementor-section elementor-top-section elementor-element elementor-element-8db6355 elementor-section-boxed elementor-section-height-default elementor-section-height-default\" data-id=\"8db6355\" data-element_type=\"section\">\n\t\t\t\t\t\t<div class=\"elementor-container elementor-column-gap-default\">\n\t\t\t\t\t<div class=\"elementor-column elementor-col-100 elementor-top-column elementor-element elementor-element-338cd55\" data-id=\"338cd55\" data-element_type=\"column\">\n\t\t\t<div class=\"elementor-widget-wrap elementor-element-populated\">\n\t\t\t\t\t\t<div class=\"elementor-element elementor-element-531fdbd elementor-widget elementor-widget-spacer\" data-id=\"531fdbd\" data-element_type=\"widget\" data-widget_type=\"spacer.default\">\n\t\t\t\t<div class=\"elementor-widget-container\">\n\t\t\t\t\t<div class=\"elementor-spacer\">\n\t\t\t<div class=\"elementor-spacer-inner\"><\/div>\n\t\t<\/div>\n\t\t\t\t<\/div>\n\t\t\t\t<\/div>\n\t\t\t\t\t<\/div>\n\t\t<\/div>\n\t\t\t\t\t<\/div>\n\t\t<\/section>\n\t\t\t\t<section class=\"elementor-section elementor-top-section elementor-element elementor-element-bc9833c elementor-section-boxed elementor-section-height-default elementor-section-height-default\" data-id=\"bc9833c\" data-element_type=\"section\">\n\t\t\t\t\t\t<div class=\"elementor-container elementor-column-gap-default\">\n\t\t\t\t\t<div class=\"elementor-column elementor-col-50 elementor-top-column elementor-element elementor-element-d811657\" data-id=\"d811657\" data-element_type=\"column\">\n\t\t\t<div class=\"elementor-widget-wrap elementor-element-populated\">\n\t\t\t\t\t\t<div class=\"elementor-element elementor-element-25c95a8 elementor-widget elementor-widget-text-editor\" data-id=\"25c95a8\" data-element_type=\"widget\" data-widget_type=\"text-editor.default\">\n\t\t\t\t<div class=\"elementor-widget-container\">\n\t\t\t\t\t\t\t<p><strong>Stunet<\/strong> est\u00e1 creciendo a un ritmo r\u00e1pido, la compa\u00f1\u00eda est\u00e1 recibiendo consultas de inversores de todo el mundo debido a su modelo de crecimiento centralizado. Stunet desarroll\u00f3 modelos de franquicias, licencias y empresas conjuntas para su uso a escala mundial.<\/p><p>La educaci\u00f3n es una gran industria, en Australia vale 32,4 mil millones de d\u00f3lares. m\u00e1s de 800 mil estudiantes est\u00e1n estudiando en Australia, generan millones de d\u00f3lares a la econom\u00eda del pa\u00eds.<\/p><p>Nuestra estrategia de crecimiento es centralizada, la empresa se encarga de los procesos duros (visas, operaciones, matriculaciones, finanzas, administraci\u00f3n, contabilidad, etc\u2026), el operador solo se enfoca en marketing y ventas. Si est\u00e1s interesado en un sistema din\u00e1mico, moderno y confiable, env\u00edanos un mensaje y nos pondremos en contacto contigo.<\/p>\t\t\t\t\t\t<\/div>\n\t\t\t\t<\/div>\n\t\t\t\t<div class=\"elementor-element elementor-element-722248e elementor-align-center elementor-widget elementor-widget-button\" data-id=\"722248e\" data-element_type=\"widget\" data-widget_type=\"button.default\">\n\t\t\t\t<div class=\"elementor-widget-container\">\n\t\t\t\t\t<div class=\"elementor-button-wrapper\">\n\t\t\t<a class=\"elementor-button elementor-button-link elementor-size-lg\" href=\"https:\/\/stunet.com.au\/ES\/contacto\/\">\n\t\t\t\t\t\t<span class=\"elementor-button-content-wrapper\">\n\t\t\t\t\t\t\t\t\t<span class=\"elementor-button-text\">Aplica ya...<\/span>\n\t\t\t\t\t<\/span>\n\t\t\t\t\t<\/a>\n\t\t<\/div>\n\t\t\t\t<\/div>\n\t\t\t\t<\/div>\n\t\t\t\t\t<\/div>\n\t\t<\/div>\n\t\t\t\t<div class=\"elementor-column elementor-col-50 elementor-top-column elementor-element elementor-element-7d1b349\" data-id=\"7d1b349\" data-element_type=\"column\">\n\t\t\t<div class=\"elementor-widget-wrap elementor-element-populated\">\n\t\t\t\t\t\t<div class=\"elementor-element elementor-element-e4b29fb elementor-widget elementor-widget-image\" data-id=\"e4b29fb\" data-element_type=\"widget\" data-widget_type=\"image.default\">\n\t\t\t\t<div class=\"elementor-widget-container\">\n\t\t\t\t\t\t\t\t\t\t\t\t\t<img fetchpriority=\"high\" decoding=\"async\" width=\"1024\" height=\"576\" src=\"https:\/\/stunet.com.au\/ES\/wp-content\/uploads\/2019\/10\/1500x844_buena_relacion_inversionista-1024x576.jpg\" class=\"attachment-large size-large wp-image-2630\" alt=\"\" srcset=\"https:\/\/stunet.com.au\/ES\/wp-content\/uploads\/2019\/10\/1500x844_buena_relacion_inversionista-1024x576.jpg 1024w, https:\/\/stunet.com.au\/ES\/wp-content\/uploads\/2019\/10\/1500x844_buena_relacion_inversionista-300x169.jpg 300w, https:\/\/stunet.com.au\/ES\/wp-content\/uploads\/2019\/10\/1500x844_buena_relacion_inversionista-768x432.jpg 768w, https:\/\/stunet.com.au\/ES\/wp-content\/uploads\/2019\/10\/1500x844_buena_relacion_inversionista.jpg 1500w\" sizes=\"(max-width: 1024px) 100vw, 1024px\" \/>\t\t\t\t\t\t\t\t\t\t\t\t\t<\/div>\n\t\t\t\t<\/div>\n\t\t\t\t\t<\/div>\n\t\t<\/div>\n\t\t\t\t\t<\/div>\n\t\t<\/section>\n\t\t\t\t<section class=\"elementor-section elementor-top-section elementor-element elementor-element-5557b15 elementor-section-boxed elementor-section-height-default elementor-section-height-default\" data-id=\"5557b15\" data-element_type=\"section\">\n\t\t\t\t\t\t<div class=\"elementor-container elementor-column-gap-default\">\n\t\t\t\t\t<div class=\"elementor-column elementor-col-100 elementor-top-column elementor-element elementor-element-a78560c\" data-id=\"a78560c\" data-element_type=\"column\">\n\t\t\t<div class=\"elementor-widget-wrap elementor-element-populated\">\n\t\t\t\t\t\t<div class=\"elementor-element elementor-element-d538f16 elementor-widget elementor-widget-spacer\" data-id=\"d538f16\" data-element_type=\"widget\" data-widget_type=\"spacer.default\">\n\t\t\t\t<div class=\"elementor-widget-container\">\n\t\t\t\t\t<div class=\"elementor-spacer\">\n\t\t\t<div class=\"elementor-spacer-inner\"><\/div>\n\t\t<\/div>\n\t\t\t\t<\/div>\n\t\t\t\t<\/div>\n\t\t\t\t\t<\/div>\n\t\t<\/div>\n\t\t\t\t\t<\/div>\n\t\t<\/section>\n\t\t\t\t<\/div>\n\t\t","protected":false},"excerpt":{"rendered":"<p>Franquicias Stunet est\u00e1 creciendo a un ritmo r\u00e1pido, la compa\u00f1\u00eda est\u00e1 recibiendo consultas de inversores de todo el mundo debido a su modelo de crecimiento centralizado. Stunet desarroll\u00f3 modelos de franquicias, licencias y empresas conjuntas para su uso a escala mundial. La educaci\u00f3n es una gran industria, en Australia vale 32,4 mil millones de d\u00f3lares. &hellip;<\/p>\n<p class=\"read-more\"> <a class=\"\" href=\"https:\/\/stunet.com.au\/ES\/franquicias\/\"> <span class=\"screen-reader-text\">Franquicias<\/span> Leer m\u00e1s &raquo;<\/a><\/p>\n","protected":false},"author":1,"featured_media":0,"parent":0,"menu_order":0,"comment_status":"closed","ping_status":"closed","template":"","meta":{"site-sidebar-layout":"default","site-content-layout":"default","ast-global-header-display":"","ast-main-header-display":"","ast-hfb-above-header-display":"","ast-hfb-below-header-display":"","ast-hfb-mobile-header-display":"","site-post-title":"disabled","ast-breadcrumbs-content":"","ast-featured-img":"","footer-sml-layout":"","theme-transparent-header-meta":"default","adv-header-id-meta":"","stick-header-meta":"","header-above-stick-meta":"","header-main-stick-meta":"","header-below-stick-meta":"","footnotes":""},"class_list":["post-2619","page","type-page","status-publish","hentry"],"yoast_head":"<!-- This site is optimized with the Yoast SEO plugin v23.1 - https:\/\/yoast.com\/wordpress\/plugins\/seo\/ -->\n<title>Franquicias - Stunet<\/title>\n<meta name=\"robots\" content=\"index, follow, max-snippet:-1, max-image-preview:large, max-video-preview:-1\" \/>\n<link rel=\"canonical\" href=\"https:\/\/stunet.com.au\/ES\/franquicias\/\" \/>\n<meta property=\"og:locale\" content=\"es_ES\" \/>\n<meta property=\"og:type\" content=\"article\" \/>\n<meta property=\"og:title\" content=\"Franquicias - Stunet\" \/>\n<meta property=\"og:description\" content=\"Franquicias Stunet est\u00e1 creciendo a un ritmo r\u00e1pido, la compa\u00f1\u00eda est\u00e1 recibiendo consultas de inversores de todo el mundo debido a su modelo de crecimiento centralizado. Stunet desarroll\u00f3 modelos de franquicias, licencias y empresas conjuntas para su uso a escala mundial. La educaci\u00f3n es una gran industria, en Australia vale 32,4 mil millones de d\u00f3lares. &hellip; Franquicias Leer m\u00e1s &raquo;\" \/>\n<meta property=\"og:url\" content=\"https:\/\/stunet.com.au\/ES\/franquicias\/\" \/>\n<meta property=\"og:site_name\" content=\"Stunet\" \/>\n<meta property=\"article:publisher\" content=\"https:\/\/www.facebook.com\/stuneteducation\" \/>\n<meta property=\"article:modified_time\" content=\"2020-11-12T07:16:48+00:00\" \/>\n<meta property=\"og:image\" content=\"https:\/\/stunet.com.au\/ES\/wp-content\/uploads\/2019\/10\/1500x844_buena_relacion_inversionista-1024x576.jpg\" \/>\n<meta name=\"twitter:card\" content=\"summary_large_image\" \/>\n<meta name=\"twitter:label1\" content=\"Tiempo de lectura\" \/>\n\t<meta name=\"twitter:data1\" content=\"1 minuto\" \/>\n<script type=\"application\/ld+json\" class=\"yoast-schema-graph\">{\"@context\":\"https:\/\/schema.org\",\"@graph\":[{\"@type\":\"WebPage\",\"@id\":\"https:\/\/stunet.com.au\/ES\/franquicias\/\",\"url\":\"https:\/\/stunet.com.au\/ES\/franquicias\/\",\"name\":\"Franquicias - Stunet\",\"isPartOf\":{\"@id\":\"https:\/\/stunet.com.au\/ES\/#website\"},\"primaryImageOfPage\":{\"@id\":\"https:\/\/stunet.com.au\/ES\/franquicias\/#primaryimage\"},\"image\":{\"@id\":\"https:\/\/stunet.com.au\/ES\/franquicias\/#primaryimage\"},\"thumbnailUrl\":\"https:\/\/stunet.com.au\/ES\/wp-content\/uploads\/2019\/10\/1500x844_buena_relacion_inversionista-1024x576.jpg\",\"datePublished\":\"2019-10-30T07:54:56+00:00\",\"dateModified\":\"2020-11-12T07:16:48+00:00\",\"breadcrumb\":{\"@id\":\"https:\/\/stunet.com.au\/ES\/franquicias\/#breadcrumb\"},\"inLanguage\":\"es\",\"potentialAction\":[{\"@type\":\"ReadAction\",\"target\":[\"https:\/\/stunet.com.au\/ES\/franquicias\/\"]}]},{\"@type\":\"ImageObject\",\"inLanguage\":\"es\",\"@id\":\"https:\/\/stunet.com.au\/ES\/franquicias\/#primaryimage\",\"url\":\"https:\/\/stunet.com.au\/ES\/wp-content\/uploads\/2019\/10\/1500x844_buena_relacion_inversionista.jpg\",\"contentUrl\":\"https:\/\/stunet.com.au\/ES\/wp-content\/uploads\/2019\/10\/1500x844_buena_relacion_inversionista.jpg\",\"width\":1500,\"height\":844},{\"@type\":\"BreadcrumbList\",\"@id\":\"https:\/\/stunet.com.au\/ES\/franquicias\/#breadcrumb\",\"itemListElement\":[{\"@type\":\"ListItem\",\"position\":1,\"name\":\"Portada\",\"item\":\"https:\/\/stunet.com.au\/ES\/\"},{\"@type\":\"ListItem\",\"position\":2,\"name\":\"Franquicias\"}]},{\"@type\":\"WebSite\",\"@id\":\"https:\/\/stunet.com.au\/ES\/#website\",\"url\":\"https:\/\/stunet.com.au\/ES\/\",\"name\":\"Stunet\",\"description\":\"\",\"publisher\":{\"@id\":\"https:\/\/stunet.com.au\/ES\/#organization\"},\"potentialAction\":[{\"@type\":\"SearchAction\",\"target\":{\"@type\":\"EntryPoint\",\"urlTemplate\":\"https:\/\/stunet.com.au\/ES\/?s={search_term_string}\"},\"query-input\":\"required name=search_term_string\"}],\"inLanguage\":\"es\"},{\"@type\":\"Organization\",\"@id\":\"https:\/\/stunet.com.au\/ES\/#organization\",\"name\":\"Stunet\",\"url\":\"https:\/\/stunet.com.au\/ES\/\",\"logo\":{\"@type\":\"ImageObject\",\"inLanguage\":\"es\",\"@id\":\"https:\/\/stunet.com.au\/ES\/#\/schema\/logo\/image\/\",\"url\":\"https:\/\/stunet.com.au\/ES\/wp-content\/uploads\/2019\/04\/logo_transparent_background-1.png\",\"contentUrl\":\"https:\/\/stunet.com.au\/ES\/wp-content\/uploads\/2019\/04\/logo_transparent_background-1.png\",\"width\":3400,\"height\":912,\"caption\":\"Stunet\"},\"image\":{\"@id\":\"https:\/\/stunet.com.au\/ES\/#\/schema\/logo\/image\/\"},\"sameAs\":[\"https:\/\/www.facebook.com\/stuneteducation\",\"https:\/\/www.instagram.com\/stuneteducation\"]}]}<\/script>\n<!-- \/ Yoast SEO plugin. -->","yoast_head_json":{"title":"Franquicias - Stunet","robots":{"index":"index","follow":"follow","max-snippet":"max-snippet:-1","max-image-preview":"max-image-preview:large","max-video-preview":"max-video-preview:-1"},"canonical":"https:\/\/stunet.com.au\/ES\/franquicias\/","og_locale":"es_ES","og_type":"article","og_title":"Franquicias - Stunet","og_description":"Franquicias Stunet est\u00e1 creciendo a un ritmo r\u00e1pido, la compa\u00f1\u00eda est\u00e1 recibiendo consultas de inversores de todo el mundo debido a su modelo de crecimiento centralizado. Stunet desarroll\u00f3 modelos de franquicias, licencias y empresas conjuntas para su uso a escala mundial. La educaci\u00f3n es una gran industria, en Australia vale 32,4 mil millones de d\u00f3lares. &hellip; Franquicias Leer m\u00e1s &raquo;","og_url":"https:\/\/stunet.com.au\/ES\/franquicias\/","og_site_name":"Stunet","article_publisher":"https:\/\/www.facebook.com\/stuneteducation","article_modified_time":"2020-11-12T07:16:48+00:00","og_image":[{"url":"https:\/\/stunet.com.au\/ES\/wp-content\/uploads\/2019\/10\/1500x844_buena_relacion_inversionista-1024x576.jpg"}],"twitter_card":"summary_large_image","twitter_misc":{"Tiempo de lectura":"1 minuto"},"schema":{"@context":"https:\/\/schema.org","@graph":[{"@type":"WebPage","@id":"https:\/\/stunet.com.au\/ES\/franquicias\/","url":"https:\/\/stunet.com.au\/ES\/franquicias\/","name":"Franquicias - Stunet","isPartOf":{"@id":"https:\/\/stunet.com.au\/ES\/#website"},"primaryImageOfPage":{"@id":"https:\/\/stunet.com.au\/ES\/franquicias\/#primaryimage"},"image":{"@id":"https:\/\/stunet.com.au\/ES\/franquicias\/#primaryimage"},"thumbnailUrl":"https:\/\/stunet.com.au\/ES\/wp-content\/uploads\/2019\/10\/1500x844_buena_relacion_inversionista-1024x576.jpg","datePublished":"2019-10-30T07:54:56+00:00","dateModified":"2020-11-12T07:16:48+00:00","breadcrumb":{"@id":"https:\/\/stunet.com.au\/ES\/franquicias\/#breadcrumb"},"inLanguage":"es","potentialAction":[{"@type":"ReadAction","target":["https:\/\/stunet.com.au\/ES\/franquicias\/"]}]},{"@type":"ImageObject","inLanguage":"es","@id":"https:\/\/stunet.com.au\/ES\/franquicias\/#primaryimage","url":"https:\/\/stunet.com.au\/ES\/wp-content\/uploads\/2019\/10\/1500x844_buena_relacion_inversionista.jpg","contentUrl":"https:\/\/stunet.com.au\/ES\/wp-content\/uploads\/2019\/10\/1500x844_buena_relacion_inversionista.jpg","width":1500,"height":844},{"@type":"BreadcrumbList","@id":"https:\/\/stunet.com.au\/ES\/franquicias\/#breadcrumb","itemListElement":[{"@type":"ListItem","position":1,"name":"Portada","item":"https:\/\/stunet.com.au\/ES\/"},{"@type":"ListItem","position":2,"name":"Franquicias"}]},{"@type":"WebSite","@id":"https:\/\/stunet.com.au\/ES\/#website","url":"https:\/\/stunet.com.au\/ES\/","name":"Stunet","description":"","publisher":{"@id":"https:\/\/stunet.com.au\/ES\/#organization"},"potentialAction":[{"@type":"SearchAction","target":{"@type":"EntryPoint","urlTemplate":"https:\/\/stunet.com.au\/ES\/?s={search_term_string}"},"query-input":"required name=search_term_string"}],"inLanguage":"es"},{"@type":"Organization","@id":"https:\/\/stunet.com.au\/ES\/#organization","name":"Stunet","url":"https:\/\/stunet.com.au\/ES\/","logo":{"@type":"ImageObject","inLanguage":"es","@id":"https:\/\/stunet.com.au\/ES\/#\/schema\/logo\/image\/","url":"https:\/\/stunet.com.au\/ES\/wp-content\/uploads\/2019\/04\/logo_transparent_background-1.png","contentUrl":"https:\/\/stunet.com.au\/ES\/wp-content\/uploads\/2019\/04\/logo_transparent_background-1.png","width":3400,"height":912,"caption":"Stunet"},"image":{"@id":"https:\/\/stunet.com.au\/ES\/#\/schema\/logo\/image\/"},"sameAs":["https:\/\/www.facebook.com\/stuneteducation","https:\/\/www.instagram.com\/stuneteducation"]}]}},"_links":{"self":[{"href":"https:\/\/stunet.com.au\/ES\/wp-json\/wp\/v2\/pages\/2619"}],"collection":[{"href":"https:\/\/stunet.com.au\/ES\/wp-json\/wp\/v2\/pages"}],"about":[{"href":"https:\/\/stunet.com.au\/ES\/wp-json\/wp\/v2\/types\/page"}],"author":[{"embeddable":true,"href":"https:\/\/stunet.com.au\/ES\/wp-json\/wp\/v2\/users\/1"}],"replies":[{"embeddable":true,"href":"https:\/\/stunet.com.au\/ES\/wp-json\/wp\/v2\/comments?post=2619"}],"version-history":[{"count":33,"href":"https:\/\/stunet.com.au\/ES\/wp-json\/wp\/v2\/pages\/2619\/revisions"}],"predecessor-version":[{"id":4578,"href":"https:\/\/stunet.com.au\/ES\/wp-json\/wp\/v2\/pages\/2619\/revisions\/4578"}],"wp:attachment":[{"href":"https:\/\/stunet.com.au\/ES\/wp-json\/wp\/v2\/media?parent=2619"}],"curies":[{"name":"wp","href":"https:\/\/api.w.org\/{rel}","templated":true}]}}