{"id":1509,"date":"2019-06-05T20:02:31","date_gmt":"2019-06-05T20:02:31","guid":{"rendered":"https:\/\/stunet.com.au\/ES\/?page_id=1509"},"modified":"2023-10-23T17:30:34","modified_gmt":"2023-10-23T17:30:34","slug":"adelaide","status":"publish","type":"page","link":"https:\/\/stunet.com.au\/ES\/destinos-de-australia\/adelaide\/","title":{"rendered":"Adelaide"},"content":{"rendered":"\t\t<div data-elementor-type=\"wp-post\" data-elementor-id=\"1509\" class=\"elementor elementor-1509\">\n\t\t\t\t\t\t<section class=\"elementor-section elementor-top-section elementor-element elementor-element-aafacb0 elementor-section-height-min-height elementor-section-stretched elementor-section-boxed elementor-section-height-default elementor-section-items-middle\" data-id=\"aafacb0\" data-element_type=\"section\" data-settings=\"{&quot;stretch_section&quot;:&quot;section-stretched&quot;,&quot;background_background&quot;:&quot;classic&quot;,&quot;shape_divider_top&quot;:&quot;tilt&quot;,&quot;shape_divider_bottom&quot;:&quot;tilt&quot;}\">\n\t\t\t\t\t\t\t<div class=\"elementor-background-overlay\"><\/div>\n\t\t\t\t\t\t<div class=\"elementor-shape elementor-shape-top\" data-negative=\"false\">\n\t\t\t<svg xmlns=\"http:\/\/www.w3.org\/2000\/svg\" viewBox=\"0 0 1000 100\" preserveAspectRatio=\"none\">\n\t<path class=\"elementor-shape-fill\" d=\"M0,6V0h1000v100L0,6z\"\/>\n<\/svg>\t\t<\/div>\n\t\t\t\t<div class=\"elementor-shape elementor-shape-bottom\" data-negative=\"false\">\n\t\t\t<svg xmlns=\"http:\/\/www.w3.org\/2000\/svg\" viewBox=\"0 0 1000 100\" preserveAspectRatio=\"none\">\n\t<path class=\"elementor-shape-fill\" d=\"M0,6V0h1000v100L0,6z\"\/>\n<\/svg>\t\t<\/div>\n\t\t\t\t\t<div class=\"elementor-container elementor-column-gap-default\">\n\t\t\t\t\t<div class=\"elementor-column elementor-col-50 elementor-top-column elementor-element elementor-element-5ca6434\" data-id=\"5ca6434\" data-element_type=\"column\">\n\t\t\t<div class=\"elementor-widget-wrap\">\n\t\t\t\t\t\t\t<\/div>\n\t\t<\/div>\n\t\t\t\t<div class=\"elementor-column elementor-col-50 elementor-top-column elementor-element elementor-element-dd4ffe5\" data-id=\"dd4ffe5\" data-element_type=\"column\">\n\t\t\t<div class=\"elementor-widget-wrap elementor-element-populated\">\n\t\t\t\t\t\t<div class=\"elementor-element elementor-element-2b9bc55 elementor-widget elementor-widget-heading\" data-id=\"2b9bc55\" data-element_type=\"widget\" data-widget_type=\"heading.default\">\n\t\t\t\t<div class=\"elementor-widget-container\">\n\t\t\t<h1 class=\"elementor-heading-title elementor-size-default\">Adelaide<\/h1>\t\t<\/div>\n\t\t\t\t<\/div>\n\t\t\t\t\t<\/div>\n\t\t<\/div>\n\t\t\t\t\t<\/div>\n\t\t<\/section>\n\t\t\t\t<section class=\"elementor-section elementor-top-section elementor-element elementor-element-5283eb4 elementor-section-boxed elementor-section-height-default elementor-section-height-default\" data-id=\"5283eb4\" data-element_type=\"section\" data-settings=\"{&quot;background_background&quot;:&quot;classic&quot;}\">\n\t\t\t\t\t\t<div class=\"elementor-container elementor-column-gap-default\">\n\t\t\t\t\t<div class=\"elementor-column elementor-col-50 elementor-top-column elementor-element elementor-element-e28dbd9\" data-id=\"e28dbd9\" data-element_type=\"column\">\n\t\t\t<div class=\"elementor-widget-wrap elementor-element-populated\">\n\t\t\t\t\t\t<div class=\"elementor-element elementor-element-a8d3a03 elementor-widget elementor-widget-text-editor\" data-id=\"a8d3a03\" data-element_type=\"widget\" data-widget_type=\"text-editor.default\">\n\t\t\t\t<div class=\"elementor-widget-container\">\n\t\t\t\t\t\t\t<p>Adelaida alberga a m\u00e1s del 75 por ciento de la poblaci\u00f3n de Australia del Sur, lo que la convierte en la poblaci\u00f3n m\u00e1s centralizada de cualquier estado de Australia. Adelaide se encuentra al norte de la pen\u00ednsula de Fleurieu, en las llanuras de Adelaide entre el golfo de San Vicente y las monta\u00f1as bajas de Mount Lofty que rodean la ciudad. Los beneficios de la migraci\u00f3n de Adelaide est\u00e1n haciendo de la ciudad uno de los destinos m\u00e1s interesantes para los estudiantes internacionales.<\/p>\t\t\t\t\t\t<\/div>\n\t\t\t\t<\/div>\n\t\t\t\t<section class=\"elementor-section elementor-inner-section elementor-element elementor-element-0085243 elementor-section-boxed elementor-section-height-default elementor-section-height-default\" data-id=\"0085243\" data-element_type=\"section\" data-settings=\"{&quot;background_background&quot;:&quot;classic&quot;}\">\n\t\t\t\t\t\t\t<div class=\"elementor-background-overlay\"><\/div>\n\t\t\t\t\t\t\t<div class=\"elementor-container elementor-column-gap-default\">\n\t\t\t\t\t<div class=\"elementor-column elementor-col-100 elementor-inner-column elementor-element elementor-element-a0ae46c\" data-id=\"a0ae46c\" data-element_type=\"column\">\n\t\t\t<div class=\"elementor-widget-wrap elementor-element-populated\">\n\t\t\t\t\t\t<div class=\"elementor-element elementor-element-eefbba9 elementor-widget elementor-widget-heading\" data-id=\"eefbba9\" data-element_type=\"widget\" data-widget_type=\"heading.default\">\n\t\t\t\t<div class=\"elementor-widget-container\">\n\t\t\t<h2 class=\"elementor-heading-title elementor-size-default\">Lugares de inter\u00e9s\n<\/h2>\t\t<\/div>\n\t\t\t\t<\/div>\n\t\t\t\t<div class=\"elementor-element elementor-element-0b6e048 elementor-arrows-position-inside elementor-widget elementor-widget-image-carousel\" data-id=\"0b6e048\" data-element_type=\"widget\" data-settings=\"{&quot;slides_to_show&quot;:&quot;2&quot;,&quot;navigation&quot;:&quot;arrows&quot;,&quot;autoplay&quot;:&quot;yes&quot;,&quot;pause_on_hover&quot;:&quot;yes&quot;,&quot;pause_on_interaction&quot;:&quot;yes&quot;,&quot;autoplay_speed&quot;:5000,&quot;infinite&quot;:&quot;yes&quot;,&quot;speed&quot;:500}\" data-widget_type=\"image-carousel.default\">\n\t\t\t\t<div class=\"elementor-widget-container\">\n\t\t\t\t\t<div class=\"elementor-image-carousel-wrapper swiper\" dir=\"ltr\">\n\t\t\t<div class=\"elementor-image-carousel swiper-wrapper\" aria-live=\"off\">\n\t\t\t\t\t\t\t\t<div class=\"swiper-slide\" role=\"group\" aria-roledescription=\"slide\" aria-label=\"1 de 5\"><figure class=\"swiper-slide-inner\"><img decoding=\"async\" class=\"swiper-slide-image\" src=\"https:\/\/stunet.com.au\/ES\/wp-content\/uploads\/2019\/06\/Que-ver-en-Melbourne-1.jpg\" alt=\"Botanical Garden: a break in the center of the city\" \/><figcaption class=\"elementor-image-carousel-caption\">Botanical Garden: a break in the center of the city<\/figcaption><\/figure><\/div><div class=\"swiper-slide\" role=\"group\" aria-roledescription=\"slide\" aria-label=\"2 de 5\"><figure class=\"swiper-slide-inner\"><img decoding=\"async\" class=\"swiper-slide-image\" src=\"https:\/\/stunet.com.au\/ES\/wp-content\/uploads\/2019\/06\/Que-ver-en-Melbourne-9.jpg\" alt=\"Fitzroy and Chapel Street, trendy neighborhoods\" \/><figcaption class=\"elementor-image-carousel-caption\">Fitzroy and Chapel Street, trendy neighborhoods<\/figcaption><\/figure><\/div><div class=\"swiper-slide\" role=\"group\" aria-roledescription=\"slide\" aria-label=\"3 de 5\"><figure class=\"swiper-slide-inner\"><img decoding=\"async\" class=\"swiper-slide-image\" src=\"https:\/\/stunet.com.au\/ES\/wp-content\/uploads\/2019\/06\/Que-ver-en-Melbourne-4-1.jpg\" alt=\"Luna Park, to have a great time\" \/><figcaption class=\"elementor-image-carousel-caption\">Luna Park, to have a great time<\/figcaption><\/figure><\/div><div class=\"swiper-slide\" role=\"group\" aria-roledescription=\"slide\" aria-label=\"4 de 5\"><figure class=\"swiper-slide-inner\"><img decoding=\"async\" class=\"swiper-slide-image\" src=\"https:\/\/stunet.com.au\/ES\/wp-content\/uploads\/2019\/06\/Que\u0301-ver-en-Melbourne-2.jpg\" alt=\"The beach of St Kilda and its mini penguins\" \/><figcaption class=\"elementor-image-carousel-caption\">The beach of St Kilda and its mini penguins<\/figcaption><\/figure><\/div><div class=\"swiper-slide\" role=\"group\" aria-roledescription=\"slide\" aria-label=\"5 de 5\"><figure class=\"swiper-slide-inner\"><img decoding=\"async\" class=\"swiper-slide-image\" src=\"https:\/\/stunet.com.au\/ES\/wp-content\/uploads\/2019\/06\/Que-ver-en-Melbourne-4.jpg\" alt=\"Que-ver-en-Melbourne-4\" \/><figcaption class=\"elementor-image-carousel-caption\">Que-ver-en-Melbourne-4<\/figcaption><\/figure><\/div>\t\t\t<\/div>\n\t\t\t\t\t\t\t\t\t\t\t\t<div class=\"elementor-swiper-button elementor-swiper-button-prev\" role=\"button\" tabindex=\"0\">\n\t\t\t\t\t\t<i aria-hidden=\"true\" class=\"eicon-chevron-left\"><\/i>\t\t\t\t\t<\/div>\n\t\t\t\t\t<div class=\"elementor-swiper-button elementor-swiper-button-next\" role=\"button\" tabindex=\"0\">\n\t\t\t\t\t\t<i aria-hidden=\"true\" class=\"eicon-chevron-right\"><\/i>\t\t\t\t\t<\/div>\n\t\t\t\t\n\t\t\t\t\t\t\t\t\t<\/div>\n\t\t\t\t<\/div>\n\t\t\t\t<\/div>\n\t\t\t\t\t<\/div>\n\t\t<\/div>\n\t\t\t\t\t<\/div>\n\t\t<\/section>\n\t\t\t\t\t<\/div>\n\t\t<\/div>\n\t\t\t\t<div class=\"elementor-column elementor-col-50 elementor-top-column elementor-element elementor-element-f130ec2\" data-id=\"f130ec2\" data-element_type=\"column\">\n\t\t\t<div class=\"elementor-widget-wrap elementor-element-populated\">\n\t\t\t\t\t\t<section class=\"elementor-section elementor-inner-section elementor-element elementor-element-7b5fdb0 elementor-section-boxed elementor-section-height-default elementor-section-height-default\" data-id=\"7b5fdb0\" data-element_type=\"section\">\n\t\t\t\t\t\t<div class=\"elementor-container elementor-column-gap-default\">\n\t\t\t\t\t<div class=\"elementor-column elementor-col-100 elementor-inner-column elementor-element elementor-element-5dd567a\" data-id=\"5dd567a\" data-element_type=\"column\">\n\t\t\t<div class=\"elementor-widget-wrap elementor-element-populated\">\n\t\t\t\t\t\t<div class=\"elementor-element elementor-element-c4d2b15 elementor-widget elementor-widget-video\" data-id=\"c4d2b15\" data-element_type=\"widget\" data-settings=\"{&quot;youtube_url&quot;:&quot;https:\\\/\\\/www.youtube.com\\\/watch?v=kf3_U0MLs9A&quot;,&quot;video_type&quot;:&quot;youtube&quot;,&quot;controls&quot;:&quot;yes&quot;}\" data-widget_type=\"video.default\">\n\t\t\t\t<div class=\"elementor-widget-container\">\n\t\t\t\t\t<div class=\"elementor-wrapper elementor-open-inline\">\n\t\t\t<div class=\"elementor-video\"><\/div>\t\t<\/div>\n\t\t\t\t<\/div>\n\t\t\t\t<\/div>\n\t\t\t\t<div class=\"elementor-element elementor-element-51a0c98 elementor-align-center elementor-widget elementor-widget-button\" data-id=\"51a0c98\" data-element_type=\"widget\" data-widget_type=\"button.default\">\n\t\t\t\t<div class=\"elementor-widget-container\">\n\t\t\t\t\t<div class=\"elementor-button-wrapper\">\n\t\t\t<a class=\"elementor-button elementor-button-link elementor-size-sm\" href=\"https:\/\/stunet.com.au\/ES\/contact\">\n\t\t\t\t\t\t<span class=\"elementor-button-content-wrapper\">\n\t\t\t\t\t\t\t\t\t<span class=\"elementor-button-text\">Solicite informaci\u00f3n<\/span>\n\t\t\t\t\t<\/span>\n\t\t\t\t\t<\/a>\n\t\t<\/div>\n\t\t\t\t<\/div>\n\t\t\t\t<\/div>\n\t\t\t\t<div class=\"elementor-element elementor-element-03b05d3 elementor-widget elementor-widget-google_maps\" data-id=\"03b05d3\" data-element_type=\"widget\" data-widget_type=\"google_maps.default\">\n\t\t\t\t<div class=\"elementor-widget-container\">\n\t\t\t\t\t<div class=\"elementor-custom-embed\">\n\t\t\t<iframe loading=\"lazy\"\n\t\t\t\t\tsrc=\"https:\/\/maps.google.com\/maps?q=adelaide&#038;t=m&#038;z=10&#038;output=embed&#038;iwloc=near\"\n\t\t\t\t\ttitle=\"adelaide\"\n\t\t\t\t\taria-label=\"adelaide\"\n\t\t\t><\/iframe>\n\t\t<\/div>\n\t\t\t\t<\/div>\n\t\t\t\t<\/div>\n\t\t\t\t<div class=\"elementor-element elementor-element-d7df431 elementor-widget elementor-widget-html\" data-id=\"d7df431\" data-element_type=\"widget\" data-widget_type=\"html.default\">\n\t\t\t\t<div class=\"elementor-widget-container\">\n\t\t\t<div class=\"cleanslate w24tz-current-time w24tz-middle\" style=\"display: inline-block !important; visibility: hidden !important; min-width:300px !important; min-height:145px !important;\"><p><a href=\"\/\/24timezones.com\/world_directory\/time_in_adelaide.php\" style=\"text-decoration: none\" class=\"clock24\" id=\"tz24-1559766312-c15-eyJob3VydHlwZSI6MTIsInNob3dkYXRlIjoiMSIsInNob3dzZWNvbmRzIjoiMSIsImNvbnRhaW5lcl9pZCI6ImNsb2NrX2Jsb2NrX2NiNWNmODI1Mjg1Y2Y5OSIsInR5cGUiOiJkYiIsImxhbmciOiJlbiJ9\" title=\"Adelaide time now\" target=\"_blank\" rel=\"nofollow\">Current time in Adelaide<\/a><\/p><div id=\"clock_block_cb5cf825285cf99\"><\/div><\/div>\r\n<script type=\"text\/javascript\" src=\"\/\/w.24timezones.com\/l.js\" async><\/script>\t\t<\/div>\n\t\t\t\t<\/div>\n\t\t\t\t<div class=\"elementor-element elementor-element-b31e6bc elementor-align-center elementor-widget elementor-widget-button\" data-id=\"b31e6bc\" data-element_type=\"widget\" data-widget_type=\"button.default\">\n\t\t\t\t<div class=\"elementor-widget-container\">\n\t\t\t\t\t<div class=\"elementor-button-wrapper\">\n\t\t\t<a class=\"elementor-button elementor-button-link elementor-size-sm\" href=\"#\">\n\t\t\t\t\t\t<span class=\"elementor-button-content-wrapper\">\n\t\t\t\t\t\t\t\t\t<span class=\"elementor-button-text\">Quiero ir ahora...<\/span>\n\t\t\t\t\t<\/span>\n\t\t\t\t\t<\/a>\n\t\t<\/div>\n\t\t\t\t<\/div>\n\t\t\t\t<\/div>\n\t\t\t\t<div class=\"elementor-element elementor-element-c713522 elementor-widget elementor-widget-image\" data-id=\"c713522\" data-element_type=\"widget\" data-widget_type=\"image.default\">\n\t\t\t\t<div class=\"elementor-widget-container\">\n\t\t\t\t\t\t\t\t\t\t<figure class=\"wp-caption\">\n\t\t\t\t\t\t\t\t\t\t<img decoding=\"async\" width=\"150\" height=\"150\" src=\"https:\/\/stunet.com.au\/ES\/wp-content\/uploads\/2023\/10\/Iconos-estaciones-150x150.png\" class=\"attachment-thumbnail size-thumbnail wp-image-6096\" alt=\"\" srcset=\"https:\/\/stunet.com.au\/ES\/wp-content\/uploads\/2023\/10\/Iconos-estaciones-150x150.png 150w, https:\/\/stunet.com.au\/ES\/wp-content\/uploads\/2023\/10\/Iconos-estaciones-300x300.png 300w, https:\/\/stunet.com.au\/ES\/wp-content\/uploads\/2023\/10\/Iconos-estaciones-768x768.png 768w, https:\/\/stunet.com.au\/ES\/wp-content\/uploads\/2023\/10\/Iconos-estaciones.png 801w\" sizes=\"(max-width: 150px) 100vw, 150px\" \/>\t\t\t\t\t\t\t\t\t\t\t<figcaption class=\"widget-image-caption wp-caption-text\">Estaciones del a\u00f1o<\/figcaption>\n\t\t\t\t\t\t\t\t\t\t<\/figure>\n\t\t\t\t\t\t\t<\/div>\n\t\t\t\t<\/div>\n\t\t\t\t<div class=\"elementor-element elementor-element-8698d92 elementor-widget elementor-widget-text-editor\" data-id=\"8698d92\" data-element_type=\"widget\" data-widget_type=\"text-editor.default\">\n\t\t\t\t<div class=\"elementor-widget-container\">\n\t\t\t\t\t\t\t<p style=\"text-align: left;\">El clima de<strong> Adelaide<\/strong> es seco y templado, aunque resulta un poco m\u00e1s \u201cfr\u00edo\u201d de lo que la mayor\u00eda de la gente espera. En<strong> verano<\/strong> la media gira en torno a los 30\u00ba y en <strong>invierno<\/strong> va desde m\u00ednimas de 7\u00ba a m\u00e1ximas de 15\u00ba.<\/p>\t\t\t\t\t\t<\/div>\n\t\t\t\t<\/div>\n\t\t\t\t<div class=\"elementor-element elementor-element-c633ad0 elementor-view-default elementor-position-top elementor-mobile-position-top elementor-widget elementor-widget-icon-box\" data-id=\"c633ad0\" data-element_type=\"widget\" data-widget_type=\"icon-box.default\">\n\t\t\t\t<div class=\"elementor-widget-container\">\n\t\t\t\t\t<div class=\"elementor-icon-box-wrapper\">\n\n\t\t\t\t\t\t<div class=\"elementor-icon-box-icon\">\n\t\t\t\t<span  class=\"elementor-icon elementor-animation-\">\n\t\t\t\t<i class=\"fa fa-group\" aria-hidden=\"true\"><\/i>\t\t\t\t<\/span>\n\t\t\t<\/div>\n\t\t\t\n\t\t\t\n\t\t<\/div>\n\t\t\t\t<\/div>\n\t\t\t\t<\/div>\n\t\t\t\t<div class=\"elementor-element elementor-element-19a5b6b elementor-widget elementor-widget-counter\" data-id=\"19a5b6b\" data-element_type=\"widget\" data-widget_type=\"counter.default\">\n\t\t\t\t<div class=\"elementor-widget-container\">\n\t\t\t\t\t<div class=\"elementor-counter\">\n\t\t\t<div class=\"elementor-counter-title\">Poblaci\u00f3n<\/div>\t\t\t<div class=\"elementor-counter-number-wrapper\">\n\t\t\t\t<span class=\"elementor-counter-number-prefix\"><\/span>\n\t\t\t\t<span class=\"elementor-counter-number\" data-duration=\"2000\" data-to-value=\"1300000\" data-from-value=\"0\" data-delimiter=\",\">0<\/span>\n\t\t\t\t<span class=\"elementor-counter-number-suffix\"><\/span>\n\t\t\t<\/div>\n\t\t<\/div>\n\t\t\t\t<\/div>\n\t\t\t\t<\/div>\n\t\t\t\t\t<\/div>\n\t\t<\/div>\n\t\t\t\t\t<\/div>\n\t\t<\/section>\n\t\t\t\t\t<\/div>\n\t\t<\/div>\n\t\t\t\t\t<\/div>\n\t\t<\/section>\n\t\t\t\t<\/div>\n\t\t","protected":false},"excerpt":{"rendered":"<p>Adelaide Adelaida alberga a m\u00e1s del 75 por ciento de la poblaci\u00f3n de Australia del Sur, lo que la convierte en la poblaci\u00f3n m\u00e1s centralizada de cualquier estado de Australia. Adelaide se encuentra al norte de la pen\u00ednsula de Fleurieu, en las llanuras de Adelaide entre el golfo de San Vicente y las monta\u00f1as bajas &hellip;<\/p>\n<p class=\"read-more\"> <a class=\"\" href=\"https:\/\/stunet.com.au\/ES\/destinos-de-australia\/adelaide\/\"> <span class=\"screen-reader-text\">Adelaide<\/span> Leer m\u00e1s &raquo;<\/a><\/p>\n","protected":false},"author":1,"featured_media":0,"parent":37,"menu_order":0,"comment_status":"closed","ping_status":"closed","template":"","meta":{"site-sidebar-layout":"default","site-content-layout":"default","ast-global-header-display":"","ast-main-header-display":"","ast-hfb-above-header-display":"","ast-hfb-below-header-display":"","ast-hfb-mobile-header-display":"","site-post-title":"disabled","ast-breadcrumbs-content":"","ast-featured-img":"","footer-sml-layout":"","theme-transparent-header-meta":"default","adv-header-id-meta":"","stick-header-meta":"","header-above-stick-meta":"","header-main-stick-meta":"","header-below-stick-meta":"","footnotes":""},"class_list":["post-1509","page","type-page","status-publish","hentry"],"yoast_head":"<!-- This site is optimized with the Yoast SEO plugin v23.1 - https:\/\/yoast.com\/wordpress\/plugins\/seo\/ -->\n<title>Adelaide - Stunet<\/title>\n<meta name=\"robots\" content=\"index, follow, max-snippet:-1, max-image-preview:large, max-video-preview:-1\" \/>\n<link rel=\"canonical\" href=\"https:\/\/stunet.com.au\/ES\/destinos-de-australia\/adelaide\/\" \/>\n<meta property=\"og:locale\" content=\"es_ES\" \/>\n<meta property=\"og:type\" content=\"article\" \/>\n<meta property=\"og:title\" content=\"Adelaide - Stunet\" \/>\n<meta property=\"og:description\" content=\"Adelaide Adelaida alberga a m\u00e1s del 75 por ciento de la poblaci\u00f3n de Australia del Sur, lo que la convierte en la poblaci\u00f3n m\u00e1s centralizada de cualquier estado de Australia. Adelaide se encuentra al norte de la pen\u00ednsula de Fleurieu, en las llanuras de Adelaide entre el golfo de San Vicente y las monta\u00f1as bajas &hellip; Adelaide Leer m\u00e1s &raquo;\" \/>\n<meta property=\"og:url\" content=\"https:\/\/stunet.com.au\/ES\/destinos-de-australia\/adelaide\/\" \/>\n<meta property=\"og:site_name\" content=\"Stunet\" \/>\n<meta property=\"article:publisher\" content=\"https:\/\/www.facebook.com\/stuneteducation\" \/>\n<meta property=\"article:modified_time\" content=\"2023-10-23T17:30:34+00:00\" \/>\n<meta property=\"og:image\" content=\"https:\/\/stunet.com.au\/ES\/wp-content\/uploads\/2019\/06\/Que-ver-en-Melbourne-1.jpg\" \/>\n<meta name=\"twitter:card\" content=\"summary_large_image\" \/>\n<meta name=\"twitter:label1\" content=\"Tiempo de lectura\" \/>\n\t<meta name=\"twitter:data1\" content=\"3 minutos\" \/>\n<script type=\"application\/ld+json\" class=\"yoast-schema-graph\">{\"@context\":\"https:\/\/schema.org\",\"@graph\":[{\"@type\":\"WebPage\",\"@id\":\"https:\/\/stunet.com.au\/ES\/destinos-de-australia\/adelaide\/\",\"url\":\"https:\/\/stunet.com.au\/ES\/destinos-de-australia\/adelaide\/\",\"name\":\"Adelaide - Stunet\",\"isPartOf\":{\"@id\":\"https:\/\/stunet.com.au\/ES\/#website\"},\"primaryImageOfPage\":{\"@id\":\"https:\/\/stunet.com.au\/ES\/destinos-de-australia\/adelaide\/#primaryimage\"},\"image\":{\"@id\":\"https:\/\/stunet.com.au\/ES\/destinos-de-australia\/adelaide\/#primaryimage\"},\"thumbnailUrl\":\"https:\/\/stunet.com.au\/ES\/wp-content\/uploads\/2019\/06\/Que-ver-en-Melbourne-1.jpg\",\"datePublished\":\"2019-06-05T20:02:31+00:00\",\"dateModified\":\"2023-10-23T17:30:34+00:00\",\"breadcrumb\":{\"@id\":\"https:\/\/stunet.com.au\/ES\/destinos-de-australia\/adelaide\/#breadcrumb\"},\"inLanguage\":\"es\",\"potentialAction\":[{\"@type\":\"ReadAction\",\"target\":[\"https:\/\/stunet.com.au\/ES\/destinos-de-australia\/adelaide\/\"]}]},{\"@type\":\"ImageObject\",\"inLanguage\":\"es\",\"@id\":\"https:\/\/stunet.com.au\/ES\/destinos-de-australia\/adelaide\/#primaryimage\",\"url\":\"https:\/\/stunet.com.au\/ES\/wp-content\/uploads\/2019\/06\/Que-ver-en-Melbourne-1.jpg\",\"contentUrl\":\"https:\/\/stunet.com.au\/ES\/wp-content\/uploads\/2019\/06\/Que-ver-en-Melbourne-1.jpg\",\"width\":700,\"height\":330},{\"@type\":\"BreadcrumbList\",\"@id\":\"https:\/\/stunet.com.au\/ES\/destinos-de-australia\/adelaide\/#breadcrumb\",\"itemListElement\":[{\"@type\":\"ListItem\",\"position\":1,\"name\":\"Portada\",\"item\":\"https:\/\/stunet.com.au\/ES\/\"},{\"@type\":\"ListItem\",\"position\":2,\"name\":\"Destinos de Australia\",\"item\":\"https:\/\/stunet.com.au\/ES\/destinos-de-australia\/\"},{\"@type\":\"ListItem\",\"position\":3,\"name\":\"Adelaide\"}]},{\"@type\":\"WebSite\",\"@id\":\"https:\/\/stunet.com.au\/ES\/#website\",\"url\":\"https:\/\/stunet.com.au\/ES\/\",\"name\":\"Stunet\",\"description\":\"\",\"publisher\":{\"@id\":\"https:\/\/stunet.com.au\/ES\/#organization\"},\"potentialAction\":[{\"@type\":\"SearchAction\",\"target\":{\"@type\":\"EntryPoint\",\"urlTemplate\":\"https:\/\/stunet.com.au\/ES\/?s={search_term_string}\"},\"query-input\":\"required name=search_term_string\"}],\"inLanguage\":\"es\"},{\"@type\":\"Organization\",\"@id\":\"https:\/\/stunet.com.au\/ES\/#organization\",\"name\":\"Stunet\",\"url\":\"https:\/\/stunet.com.au\/ES\/\",\"logo\":{\"@type\":\"ImageObject\",\"inLanguage\":\"es\",\"@id\":\"https:\/\/stunet.com.au\/ES\/#\/schema\/logo\/image\/\",\"url\":\"https:\/\/stunet.com.au\/ES\/wp-content\/uploads\/2019\/04\/logo_transparent_background-1.png\",\"contentUrl\":\"https:\/\/stunet.com.au\/ES\/wp-content\/uploads\/2019\/04\/logo_transparent_background-1.png\",\"width\":3400,\"height\":912,\"caption\":\"Stunet\"},\"image\":{\"@id\":\"https:\/\/stunet.com.au\/ES\/#\/schema\/logo\/image\/\"},\"sameAs\":[\"https:\/\/www.facebook.com\/stuneteducation\",\"https:\/\/www.instagram.com\/stuneteducation\"]}]}<\/script>\n<!-- \/ Yoast SEO plugin. -->","yoast_head_json":{"title":"Adelaide - Stunet","robots":{"index":"index","follow":"follow","max-snippet":"max-snippet:-1","max-image-preview":"max-image-preview:large","max-video-preview":"max-video-preview:-1"},"canonical":"https:\/\/stunet.com.au\/ES\/destinos-de-australia\/adelaide\/","og_locale":"es_ES","og_type":"article","og_title":"Adelaide - Stunet","og_description":"Adelaide Adelaida alberga a m\u00e1s del 75 por ciento de la poblaci\u00f3n de Australia del Sur, lo que la convierte en la poblaci\u00f3n m\u00e1s centralizada de cualquier estado de Australia. Adelaide se encuentra al norte de la pen\u00ednsula de Fleurieu, en las llanuras de Adelaide entre el golfo de San Vicente y las monta\u00f1as bajas &hellip; Adelaide Leer m\u00e1s &raquo;","og_url":"https:\/\/stunet.com.au\/ES\/destinos-de-australia\/adelaide\/","og_site_name":"Stunet","article_publisher":"https:\/\/www.facebook.com\/stuneteducation","article_modified_time":"2023-10-23T17:30:34+00:00","og_image":[{"url":"https:\/\/stunet.com.au\/ES\/wp-content\/uploads\/2019\/06\/Que-ver-en-Melbourne-1.jpg"}],"twitter_card":"summary_large_image","twitter_misc":{"Tiempo de lectura":"3 minutos"},"schema":{"@context":"https:\/\/schema.org","@graph":[{"@type":"WebPage","@id":"https:\/\/stunet.com.au\/ES\/destinos-de-australia\/adelaide\/","url":"https:\/\/stunet.com.au\/ES\/destinos-de-australia\/adelaide\/","name":"Adelaide - Stunet","isPartOf":{"@id":"https:\/\/stunet.com.au\/ES\/#website"},"primaryImageOfPage":{"@id":"https:\/\/stunet.com.au\/ES\/destinos-de-australia\/adelaide\/#primaryimage"},"image":{"@id":"https:\/\/stunet.com.au\/ES\/destinos-de-australia\/adelaide\/#primaryimage"},"thumbnailUrl":"https:\/\/stunet.com.au\/ES\/wp-content\/uploads\/2019\/06\/Que-ver-en-Melbourne-1.jpg","datePublished":"2019-06-05T20:02:31+00:00","dateModified":"2023-10-23T17:30:34+00:00","breadcrumb":{"@id":"https:\/\/stunet.com.au\/ES\/destinos-de-australia\/adelaide\/#breadcrumb"},"inLanguage":"es","potentialAction":[{"@type":"ReadAction","target":["https:\/\/stunet.com.au\/ES\/destinos-de-australia\/adelaide\/"]}]},{"@type":"ImageObject","inLanguage":"es","@id":"https:\/\/stunet.com.au\/ES\/destinos-de-australia\/adelaide\/#primaryimage","url":"https:\/\/stunet.com.au\/ES\/wp-content\/uploads\/2019\/06\/Que-ver-en-Melbourne-1.jpg","contentUrl":"https:\/\/stunet.com.au\/ES\/wp-content\/uploads\/2019\/06\/Que-ver-en-Melbourne-1.jpg","width":700,"height":330},{"@type":"BreadcrumbList","@id":"https:\/\/stunet.com.au\/ES\/destinos-de-australia\/adelaide\/#breadcrumb","itemListElement":[{"@type":"ListItem","position":1,"name":"Portada","item":"https:\/\/stunet.com.au\/ES\/"},{"@type":"ListItem","position":2,"name":"Destinos de Australia","item":"https:\/\/stunet.com.au\/ES\/destinos-de-australia\/"},{"@type":"ListItem","position":3,"name":"Adelaide"}]},{"@type":"WebSite","@id":"https:\/\/stunet.com.au\/ES\/#website","url":"https:\/\/stunet.com.au\/ES\/","name":"Stunet","description":"","publisher":{"@id":"https:\/\/stunet.com.au\/ES\/#organization"},"potentialAction":[{"@type":"SearchAction","target":{"@type":"EntryPoint","urlTemplate":"https:\/\/stunet.com.au\/ES\/?s={search_term_string}"},"query-input":"required name=search_term_string"}],"inLanguage":"es"},{"@type":"Organization","@id":"https:\/\/stunet.com.au\/ES\/#organization","name":"Stunet","url":"https:\/\/stunet.com.au\/ES\/","logo":{"@type":"ImageObject","inLanguage":"es","@id":"https:\/\/stunet.com.au\/ES\/#\/schema\/logo\/image\/","url":"https:\/\/stunet.com.au\/ES\/wp-content\/uploads\/2019\/04\/logo_transparent_background-1.png","contentUrl":"https:\/\/stunet.com.au\/ES\/wp-content\/uploads\/2019\/04\/logo_transparent_background-1.png","width":3400,"height":912,"caption":"Stunet"},"image":{"@id":"https:\/\/stunet.com.au\/ES\/#\/schema\/logo\/image\/"},"sameAs":["https:\/\/www.facebook.com\/stuneteducation","https:\/\/www.instagram.com\/stuneteducation"]}]}},"_links":{"self":[{"href":"https:\/\/stunet.com.au\/ES\/wp-json\/wp\/v2\/pages\/1509"}],"collection":[{"href":"https:\/\/stunet.com.au\/ES\/wp-json\/wp\/v2\/pages"}],"about":[{"href":"https:\/\/stunet.com.au\/ES\/wp-json\/wp\/v2\/types\/page"}],"author":[{"embeddable":true,"href":"https:\/\/stunet.com.au\/ES\/wp-json\/wp\/v2\/users\/1"}],"replies":[{"embeddable":true,"href":"https:\/\/stunet.com.au\/ES\/wp-json\/wp\/v2\/comments?post=1509"}],"version-history":[{"count":13,"href":"https:\/\/stunet.com.au\/ES\/wp-json\/wp\/v2\/pages\/1509\/revisions"}],"predecessor-version":[{"id":6119,"href":"https:\/\/stunet.com.au\/ES\/wp-json\/wp\/v2\/pages\/1509\/revisions\/6119"}],"up":[{"embeddable":true,"href":"https:\/\/stunet.com.au\/ES\/wp-json\/wp\/v2\/pages\/37"}],"wp:attachment":[{"href":"https:\/\/stunet.com.au\/ES\/wp-json\/wp\/v2\/media?parent=1509"}],"curies":[{"name":"wp","href":"https:\/\/api.w.org\/{rel}","templated":true}]}}