{"id":1490,"date":"2019-06-05T19:42:57","date_gmt":"2019-06-05T19:42:57","guid":{"rendered":"https:\/\/stunet.com.au\/ES\/?page_id=1490"},"modified":"2023-10-23T17:25:14","modified_gmt":"2023-10-23T17:25:14","slug":"goldcoast","status":"publish","type":"page","link":"https:\/\/stunet.com.au\/ES\/destinos-de-australia\/goldcoast\/","title":{"rendered":"Goldcoast"},"content":{"rendered":"\t\t<div data-elementor-type=\"wp-post\" data-elementor-id=\"1490\" class=\"elementor elementor-1490\">\n\t\t\t\t\t\t<section class=\"elementor-section elementor-top-section elementor-element elementor-element-58698eb elementor-section-height-min-height elementor-section-stretched elementor-section-boxed elementor-section-height-default elementor-section-items-middle\" data-id=\"58698eb\" data-element_type=\"section\" data-settings=\"{&quot;stretch_section&quot;:&quot;section-stretched&quot;,&quot;background_background&quot;:&quot;classic&quot;,&quot;shape_divider_top&quot;:&quot;tilt&quot;,&quot;shape_divider_bottom&quot;:&quot;tilt&quot;}\">\n\t\t\t\t\t\t\t<div class=\"elementor-background-overlay\"><\/div>\n\t\t\t\t\t\t<div class=\"elementor-shape elementor-shape-top\" data-negative=\"false\">\n\t\t\t<svg xmlns=\"http:\/\/www.w3.org\/2000\/svg\" viewBox=\"0 0 1000 100\" preserveAspectRatio=\"none\">\n\t<path class=\"elementor-shape-fill\" d=\"M0,6V0h1000v100L0,6z\"\/>\n<\/svg>\t\t<\/div>\n\t\t\t\t<div class=\"elementor-shape elementor-shape-bottom\" data-negative=\"false\">\n\t\t\t<svg xmlns=\"http:\/\/www.w3.org\/2000\/svg\" viewBox=\"0 0 1000 100\" preserveAspectRatio=\"none\">\n\t<path class=\"elementor-shape-fill\" d=\"M0,6V0h1000v100L0,6z\"\/>\n<\/svg>\t\t<\/div>\n\t\t\t\t\t<div class=\"elementor-container elementor-column-gap-default\">\n\t\t\t\t\t<div class=\"elementor-column elementor-col-50 elementor-top-column elementor-element elementor-element-4914682\" data-id=\"4914682\" data-element_type=\"column\">\n\t\t\t<div class=\"elementor-widget-wrap\">\n\t\t\t\t\t\t\t<\/div>\n\t\t<\/div>\n\t\t\t\t<div class=\"elementor-column elementor-col-50 elementor-top-column elementor-element elementor-element-fb1c33d\" data-id=\"fb1c33d\" data-element_type=\"column\">\n\t\t\t<div class=\"elementor-widget-wrap elementor-element-populated\">\n\t\t\t\t\t\t<div class=\"elementor-element elementor-element-cad638f elementor-widget elementor-widget-heading\" data-id=\"cad638f\" data-element_type=\"widget\" data-widget_type=\"heading.default\">\n\t\t\t\t<div class=\"elementor-widget-container\">\n\t\t\t<h1 class=\"elementor-heading-title elementor-size-default\">Goldcoast\n<\/h1>\t\t<\/div>\n\t\t\t\t<\/div>\n\t\t\t\t\t<\/div>\n\t\t<\/div>\n\t\t\t\t\t<\/div>\n\t\t<\/section>\n\t\t\t\t<section class=\"elementor-section elementor-top-section elementor-element elementor-element-6720d33 elementor-section-boxed elementor-section-height-default elementor-section-height-default\" data-id=\"6720d33\" data-element_type=\"section\" data-settings=\"{&quot;background_background&quot;:&quot;classic&quot;}\">\n\t\t\t\t\t\t<div class=\"elementor-container elementor-column-gap-default\">\n\t\t\t\t\t<div class=\"elementor-column elementor-col-50 elementor-top-column elementor-element elementor-element-31ab27c\" data-id=\"31ab27c\" data-element_type=\"column\">\n\t\t\t<div class=\"elementor-widget-wrap elementor-element-populated\">\n\t\t\t\t\t\t<div class=\"elementor-element elementor-element-ed0fa77 elementor-widget elementor-widget-text-editor\" data-id=\"ed0fa77\" data-element_type=\"widget\" data-widget_type=\"text-editor.default\">\n\t\t\t\t<div class=\"elementor-widget-container\">\n\t\t\t\t\t\t\t<p>La Gold Coast de Australia es un \u00e1rea de unos 80 kil\u00f3metros que encontramos en el estado de Queensland, a unos 70 kil\u00f3metros al sur de Brisbane. Es uno de los destinos tur\u00edsticos m\u00e1s grandes y destacados de Australia. Es una zona de diferentes localidades habitada por m\u00e1s de medio mill\u00f3n de personas dedicadas en gran parte al turismo, siendo una de las zonas m\u00e1s pobladas de Australia. El clima subtropical, sus atractivas playas para la pr\u00e1ctica del surf (las m\u00e1s cercanas a Brisbane), sus parques tem\u00e1ticos y su marketing econ\u00f3mico ha atra\u00eddo a millones de turistas nacionales e internacionales, lo que ha permitido el nacimiento de una industria tur\u00edstica lista para recibir visitantes.<\/p>\t\t\t\t\t\t<\/div>\n\t\t\t\t<\/div>\n\t\t\t\t<section class=\"elementor-section elementor-inner-section elementor-element elementor-element-f13489c elementor-section-boxed elementor-section-height-default elementor-section-height-default\" data-id=\"f13489c\" data-element_type=\"section\" data-settings=\"{&quot;background_background&quot;:&quot;classic&quot;}\">\n\t\t\t\t\t\t<div class=\"elementor-container elementor-column-gap-default\">\n\t\t\t\t\t<div class=\"elementor-column elementor-col-100 elementor-inner-column elementor-element elementor-element-ca5c881\" data-id=\"ca5c881\" data-element_type=\"column\">\n\t\t\t<div class=\"elementor-widget-wrap elementor-element-populated\">\n\t\t\t\t\t\t<div class=\"elementor-element elementor-element-8d72db6 elementor-widget elementor-widget-heading\" data-id=\"8d72db6\" data-element_type=\"widget\" data-widget_type=\"heading.default\">\n\t\t\t\t<div class=\"elementor-widget-container\">\n\t\t\t<h2 class=\"elementor-heading-title elementor-size-default\">lugares de inter\u00e9s\n<\/h2>\t\t<\/div>\n\t\t\t\t<\/div>\n\t\t\t\t\t<\/div>\n\t\t<\/div>\n\t\t\t\t\t<\/div>\n\t\t<\/section>\n\t\t\t\t<div class=\"elementor-element elementor-element-20c7aec elementor-arrows-position-inside elementor-widget elementor-widget-image-carousel\" data-id=\"20c7aec\" data-element_type=\"widget\" data-settings=\"{&quot;slides_to_show&quot;:&quot;2&quot;,&quot;navigation&quot;:&quot;arrows&quot;,&quot;autoplay&quot;:&quot;yes&quot;,&quot;pause_on_hover&quot;:&quot;yes&quot;,&quot;pause_on_interaction&quot;:&quot;yes&quot;,&quot;autoplay_speed&quot;:5000,&quot;infinite&quot;:&quot;yes&quot;,&quot;speed&quot;:500}\" data-widget_type=\"image-carousel.default\">\n\t\t\t\t<div class=\"elementor-widget-container\">\n\t\t\t\t\t<div class=\"elementor-image-carousel-wrapper swiper\" dir=\"ltr\">\n\t\t\t<div class=\"elementor-image-carousel swiper-wrapper\" aria-live=\"off\">\n\t\t\t\t\t\t\t\t<div class=\"swiper-slide\" role=\"group\" aria-roledescription=\"slide\" aria-label=\"1 de 5\"><figure class=\"swiper-slide-inner\"><img decoding=\"async\" class=\"swiper-slide-image\" src=\"https:\/\/stunet.com.au\/ES\/wp-content\/uploads\/2019\/06\/Que-ver-en-Melbourne-1.jpg\" alt=\"Botanical Garden: a break in the center of the city\" \/><figcaption class=\"elementor-image-carousel-caption\">Botanical Garden: a break in the center of the city<\/figcaption><\/figure><\/div><div class=\"swiper-slide\" role=\"group\" aria-roledescription=\"slide\" aria-label=\"2 de 5\"><figure class=\"swiper-slide-inner\"><img decoding=\"async\" class=\"swiper-slide-image\" src=\"https:\/\/stunet.com.au\/ES\/wp-content\/uploads\/2019\/06\/Que-ver-en-Melbourne-9.jpg\" alt=\"Fitzroy and Chapel Street, trendy neighborhoods\" \/><figcaption class=\"elementor-image-carousel-caption\">Fitzroy and Chapel Street, trendy neighborhoods<\/figcaption><\/figure><\/div><div class=\"swiper-slide\" role=\"group\" aria-roledescription=\"slide\" aria-label=\"3 de 5\"><figure class=\"swiper-slide-inner\"><img decoding=\"async\" class=\"swiper-slide-image\" src=\"https:\/\/stunet.com.au\/ES\/wp-content\/uploads\/2019\/06\/Que-ver-en-Melbourne-4-1.jpg\" alt=\"Luna Park, to have a great time\" \/><figcaption class=\"elementor-image-carousel-caption\">Luna Park, to have a great time<\/figcaption><\/figure><\/div><div class=\"swiper-slide\" role=\"group\" aria-roledescription=\"slide\" aria-label=\"4 de 5\"><figure class=\"swiper-slide-inner\"><img decoding=\"async\" class=\"swiper-slide-image\" src=\"https:\/\/stunet.com.au\/ES\/wp-content\/uploads\/2019\/06\/Que\u0301-ver-en-Melbourne-2.jpg\" alt=\"The beach of St Kilda and its mini penguins\" \/><figcaption class=\"elementor-image-carousel-caption\">The beach of St Kilda and its mini penguins<\/figcaption><\/figure><\/div><div class=\"swiper-slide\" role=\"group\" aria-roledescription=\"slide\" aria-label=\"5 de 5\"><figure class=\"swiper-slide-inner\"><img decoding=\"async\" class=\"swiper-slide-image\" src=\"https:\/\/stunet.com.au\/ES\/wp-content\/uploads\/2019\/06\/Que-ver-en-Melbourne-4.jpg\" alt=\"Que-ver-en-Melbourne-4\" \/><figcaption class=\"elementor-image-carousel-caption\">Que-ver-en-Melbourne-4<\/figcaption><\/figure><\/div>\t\t\t<\/div>\n\t\t\t\t\t\t\t\t\t\t\t\t<div class=\"elementor-swiper-button elementor-swiper-button-prev\" role=\"button\" tabindex=\"0\">\n\t\t\t\t\t\t<i aria-hidden=\"true\" class=\"eicon-chevron-left\"><\/i>\t\t\t\t\t<\/div>\n\t\t\t\t\t<div class=\"elementor-swiper-button elementor-swiper-button-next\" role=\"button\" tabindex=\"0\">\n\t\t\t\t\t\t<i aria-hidden=\"true\" class=\"eicon-chevron-right\"><\/i>\t\t\t\t\t<\/div>\n\t\t\t\t\n\t\t\t\t\t\t\t\t\t<\/div>\n\t\t\t\t<\/div>\n\t\t\t\t<\/div>\n\t\t\t\t\t<\/div>\n\t\t<\/div>\n\t\t\t\t<div class=\"elementor-column elementor-col-50 elementor-top-column elementor-element elementor-element-4a6813c\" data-id=\"4a6813c\" data-element_type=\"column\">\n\t\t\t<div class=\"elementor-widget-wrap elementor-element-populated\">\n\t\t\t\t\t\t<section class=\"elementor-section elementor-inner-section elementor-element elementor-element-8dbbf5c elementor-section-boxed elementor-section-height-default elementor-section-height-default\" data-id=\"8dbbf5c\" data-element_type=\"section\">\n\t\t\t\t\t\t<div class=\"elementor-container elementor-column-gap-default\">\n\t\t\t\t\t<div class=\"elementor-column elementor-col-100 elementor-inner-column elementor-element elementor-element-838f848\" data-id=\"838f848\" data-element_type=\"column\">\n\t\t\t<div class=\"elementor-widget-wrap elementor-element-populated\">\n\t\t\t\t\t\t<div class=\"elementor-element elementor-element-21a9952 elementor-widget elementor-widget-video\" data-id=\"21a9952\" data-element_type=\"widget\" data-settings=\"{&quot;youtube_url&quot;:&quot;https:\\\/\\\/www.youtube.com\\\/watch?v=HpwtMAlZzEU&quot;,&quot;video_type&quot;:&quot;youtube&quot;,&quot;controls&quot;:&quot;yes&quot;}\" data-widget_type=\"video.default\">\n\t\t\t\t<div class=\"elementor-widget-container\">\n\t\t\t\t\t<div class=\"elementor-wrapper elementor-open-inline\">\n\t\t\t<div class=\"elementor-video\"><\/div>\t\t<\/div>\n\t\t\t\t<\/div>\n\t\t\t\t<\/div>\n\t\t\t\t<div class=\"elementor-element elementor-element-25ab938 elementor-align-center elementor-widget elementor-widget-button\" data-id=\"25ab938\" data-element_type=\"widget\" data-widget_type=\"button.default\">\n\t\t\t\t<div class=\"elementor-widget-container\">\n\t\t\t\t\t<div class=\"elementor-button-wrapper\">\n\t\t\t<a class=\"elementor-button elementor-button-link elementor-size-sm\" href=\"https:\/\/stunet.com.au\/ES\/contacto\/\">\n\t\t\t\t\t\t<span class=\"elementor-button-content-wrapper\">\n\t\t\t\t\t\t\t\t\t<span class=\"elementor-button-text\">Solicite informaci\u00f3n<\/span>\n\t\t\t\t\t<\/span>\n\t\t\t\t\t<\/a>\n\t\t<\/div>\n\t\t\t\t<\/div>\n\t\t\t\t<\/div>\n\t\t\t\t<div class=\"elementor-element elementor-element-9debe91 elementor-align-center elementor-widget elementor-widget-button\" data-id=\"9debe91\" data-element_type=\"widget\" data-widget_type=\"button.default\">\n\t\t\t\t<div class=\"elementor-widget-container\">\n\t\t\t\t\t<div class=\"elementor-button-wrapper\">\n\t\t\t<a class=\"elementor-button elementor-button-link elementor-size-sm\" href=\"#\">\n\t\t\t\t\t\t<span class=\"elementor-button-content-wrapper\">\n\t\t\t\t\t\t\t\t\t<span class=\"elementor-button-text\">Quiero ir ahora...<\/span>\n\t\t\t\t\t<\/span>\n\t\t\t\t\t<\/a>\n\t\t<\/div>\n\t\t\t\t<\/div>\n\t\t\t\t<\/div>\n\t\t\t\t<div class=\"elementor-element elementor-element-9b14232 elementor-widget elementor-widget-google_maps\" data-id=\"9b14232\" data-element_type=\"widget\" data-widget_type=\"google_maps.default\">\n\t\t\t\t<div class=\"elementor-widget-container\">\n\t\t\t\t\t<div class=\"elementor-custom-embed\">\n\t\t\t<iframe loading=\"lazy\"\n\t\t\t\t\tsrc=\"https:\/\/maps.google.com\/maps?q=gold%20coast&#038;t=m&#038;z=10&#038;output=embed&#038;iwloc=near\"\n\t\t\t\t\ttitle=\"gold coast\"\n\t\t\t\t\taria-label=\"gold coast\"\n\t\t\t><\/iframe>\n\t\t<\/div>\n\t\t\t\t<\/div>\n\t\t\t\t<\/div>\n\t\t\t\t<div class=\"elementor-element elementor-element-cd233f9 elementor-widget elementor-widget-html\" data-id=\"cd233f9\" data-element_type=\"widget\" data-widget_type=\"html.default\">\n\t\t\t\t<div class=\"elementor-widget-container\">\n\t\t\t<div class=\"cleanslate w24tz-current-time w24tz-middle\" style=\"display: inline-block !important; visibility: hidden !important; min-width:300px !important; min-height:145px !important;\"><p><a href=\"\/\/24timezones.com\/time-zone\/aest\" style=\"text-decoration: none\" class=\"clock24\" id=\"tz24-1559714014-tzaest-eyJob3VydHlwZSI6IjEyIiwic2hvd2RhdGUiOiIxIiwic2hvd3NlY29uZHMiOiIxIiwiY29udGFpbmVyX2lkIjoiY2xvY2tfYmxvY2tfY2I1Y2Y3NThkZTI3MGQ4IiwidHlwZSI6ImRiIiwibGFuZyI6ImVuIn0=\" title=\"AEST what time is now\" target=\"_blank\" rel=\"nofollow\">Current time in AEST<\/a><\/p><div id=\"clock_block_cb5cf758de270d8\"><\/div><\/div>\r\n<script type=\"text\/javascript\" src=\"\/\/w.24timezones.com\/l.js\" async><\/script>\t\t<\/div>\n\t\t\t\t<\/div>\n\t\t\t\t<div class=\"elementor-element elementor-element-a4962be elementor-widget elementor-widget-image\" data-id=\"a4962be\" data-element_type=\"widget\" data-widget_type=\"image.default\">\n\t\t\t\t<div class=\"elementor-widget-container\">\n\t\t\t\t\t\t\t\t\t\t<figure class=\"wp-caption\">\n\t\t\t\t\t\t\t\t\t\t<img decoding=\"async\" width=\"150\" height=\"150\" src=\"https:\/\/stunet.com.au\/ES\/wp-content\/uploads\/2023\/10\/Iconos-estaciones-150x150.png\" class=\"attachment-thumbnail size-thumbnail wp-image-6096\" alt=\"\" srcset=\"https:\/\/stunet.com.au\/ES\/wp-content\/uploads\/2023\/10\/Iconos-estaciones-150x150.png 150w, https:\/\/stunet.com.au\/ES\/wp-content\/uploads\/2023\/10\/Iconos-estaciones-300x300.png 300w, https:\/\/stunet.com.au\/ES\/wp-content\/uploads\/2023\/10\/Iconos-estaciones-768x768.png 768w, https:\/\/stunet.com.au\/ES\/wp-content\/uploads\/2023\/10\/Iconos-estaciones.png 801w\" sizes=\"(max-width: 150px) 100vw, 150px\" \/>\t\t\t\t\t\t\t\t\t\t\t<figcaption class=\"widget-image-caption wp-caption-text\">Estaciones del a\u00f1o<\/figcaption>\n\t\t\t\t\t\t\t\t\t\t<\/figure>\n\t\t\t\t\t\t\t<\/div>\n\t\t\t\t<\/div>\n\t\t\t\t<div class=\"elementor-element elementor-element-ff6a2f2 elementor-widget elementor-widget-text-editor\" data-id=\"ff6a2f2\" data-element_type=\"widget\" data-widget_type=\"text-editor.default\">\n\t\t\t\t<div class=\"elementor-widget-container\">\n\t\t\t\t\t\t\t<p style=\"text-align: left;\"><strong>Gold Coast<\/strong> tiene un clima subtropical con una media de 245 dias soleados al a\u00f1os. Las temperatura media en <strong>verano<\/strong> es de 25\u00baC y en <strong>invierno<\/strong> es de 16\u00baC con un ambiente fresco y seco. Un destino ideal para disfrutar de actividades al aire libre.<\/p>\t\t\t\t\t\t<\/div>\n\t\t\t\t<\/div>\n\t\t\t\t<div class=\"elementor-element elementor-element-e3bbbd7 elementor-view-default elementor-position-top elementor-mobile-position-top elementor-widget elementor-widget-icon-box\" data-id=\"e3bbbd7\" data-element_type=\"widget\" data-widget_type=\"icon-box.default\">\n\t\t\t\t<div class=\"elementor-widget-container\">\n\t\t\t\t\t<div class=\"elementor-icon-box-wrapper\">\n\n\t\t\t\t\t\t<div class=\"elementor-icon-box-icon\">\n\t\t\t\t<span  class=\"elementor-icon elementor-animation-\">\n\t\t\t\t<i class=\"fa fa-group\" aria-hidden=\"true\"><\/i>\t\t\t\t<\/span>\n\t\t\t<\/div>\n\t\t\t\n\t\t\t\n\t\t<\/div>\n\t\t\t\t<\/div>\n\t\t\t\t<\/div>\n\t\t\t\t<div class=\"elementor-element elementor-element-85ccf33 elementor-widget elementor-widget-counter\" data-id=\"85ccf33\" data-element_type=\"widget\" data-widget_type=\"counter.default\">\n\t\t\t\t<div class=\"elementor-widget-container\">\n\t\t\t\t\t<div class=\"elementor-counter\">\n\t\t\t<div class=\"elementor-counter-title\">Poblaci\u00f3n<\/div>\t\t\t<div class=\"elementor-counter-number-wrapper\">\n\t\t\t\t<span class=\"elementor-counter-number-prefix\"><\/span>\n\t\t\t\t<span class=\"elementor-counter-number\" data-duration=\"2000\" data-to-value=\"638000\" data-from-value=\"0\" data-delimiter=\",\">0<\/span>\n\t\t\t\t<span class=\"elementor-counter-number-suffix\"><\/span>\n\t\t\t<\/div>\n\t\t<\/div>\n\t\t\t\t<\/div>\n\t\t\t\t<\/div>\n\t\t\t\t\t<\/div>\n\t\t<\/div>\n\t\t\t\t\t<\/div>\n\t\t<\/section>\n\t\t\t\t\t<\/div>\n\t\t<\/div>\n\t\t\t\t\t<\/div>\n\t\t<\/section>\n\t\t\t\t<\/div>\n\t\t","protected":false},"excerpt":{"rendered":"<p>Goldcoast La Gold Coast de Australia es un \u00e1rea de unos 80 kil\u00f3metros que encontramos en el estado de Queensland, a unos 70 kil\u00f3metros al sur de Brisbane. Es uno de los destinos tur\u00edsticos m\u00e1s grandes y destacados de Australia. Es una zona de diferentes localidades habitada por m\u00e1s de medio mill\u00f3n de personas dedicadas &hellip;<\/p>\n<p class=\"read-more\"> <a class=\"\" href=\"https:\/\/stunet.com.au\/ES\/destinos-de-australia\/goldcoast\/\"> <span class=\"screen-reader-text\">Goldcoast<\/span> Leer m\u00e1s &raquo;<\/a><\/p>\n","protected":false},"author":1,"featured_media":0,"parent":37,"menu_order":0,"comment_status":"closed","ping_status":"closed","template":"","meta":{"site-sidebar-layout":"default","site-content-layout":"default","ast-global-header-display":"","ast-main-header-display":"","ast-hfb-above-header-display":"","ast-hfb-below-header-display":"","ast-hfb-mobile-header-display":"","site-post-title":"disabled","ast-breadcrumbs-content":"","ast-featured-img":"","footer-sml-layout":"","theme-transparent-header-meta":"default","adv-header-id-meta":"","stick-header-meta":"","header-above-stick-meta":"","header-main-stick-meta":"","header-below-stick-meta":"","footnotes":""},"class_list":["post-1490","page","type-page","status-publish","hentry"],"yoast_head":"<!-- This site is optimized with the Yoast SEO plugin v23.1 - https:\/\/yoast.com\/wordpress\/plugins\/seo\/ -->\n<title>Goldcoast - Stunet<\/title>\n<meta name=\"robots\" content=\"index, follow, max-snippet:-1, max-image-preview:large, max-video-preview:-1\" \/>\n<link rel=\"canonical\" href=\"https:\/\/stunet.com.au\/ES\/destinos-de-australia\/goldcoast\/\" \/>\n<meta property=\"og:locale\" content=\"es_ES\" \/>\n<meta property=\"og:type\" content=\"article\" \/>\n<meta property=\"og:title\" content=\"Goldcoast - Stunet\" \/>\n<meta property=\"og:description\" content=\"Goldcoast La Gold Coast de Australia es un \u00e1rea de unos 80 kil\u00f3metros que encontramos en el estado de Queensland, a unos 70 kil\u00f3metros al sur de Brisbane. Es uno de los destinos tur\u00edsticos m\u00e1s grandes y destacados de Australia. Es una zona de diferentes localidades habitada por m\u00e1s de medio mill\u00f3n de personas dedicadas &hellip; Goldcoast Leer m\u00e1s &raquo;\" \/>\n<meta property=\"og:url\" content=\"https:\/\/stunet.com.au\/ES\/destinos-de-australia\/goldcoast\/\" \/>\n<meta property=\"og:site_name\" content=\"Stunet\" \/>\n<meta property=\"article:publisher\" content=\"https:\/\/www.facebook.com\/stuneteducation\" \/>\n<meta property=\"article:modified_time\" content=\"2023-10-23T17:25:14+00:00\" \/>\n<meta property=\"og:image\" content=\"https:\/\/stunet.com.au\/ES\/wp-content\/uploads\/2019\/06\/Que-ver-en-Melbourne-1.jpg\" \/>\n<meta name=\"twitter:card\" content=\"summary_large_image\" \/>\n<meta name=\"twitter:label1\" content=\"Tiempo de lectura\" \/>\n\t<meta name=\"twitter:data1\" content=\"4 minutos\" \/>\n<script type=\"application\/ld+json\" class=\"yoast-schema-graph\">{\"@context\":\"https:\/\/schema.org\",\"@graph\":[{\"@type\":\"WebPage\",\"@id\":\"https:\/\/stunet.com.au\/ES\/destinos-de-australia\/goldcoast\/\",\"url\":\"https:\/\/stunet.com.au\/ES\/destinos-de-australia\/goldcoast\/\",\"name\":\"Goldcoast - Stunet\",\"isPartOf\":{\"@id\":\"https:\/\/stunet.com.au\/ES\/#website\"},\"primaryImageOfPage\":{\"@id\":\"https:\/\/stunet.com.au\/ES\/destinos-de-australia\/goldcoast\/#primaryimage\"},\"image\":{\"@id\":\"https:\/\/stunet.com.au\/ES\/destinos-de-australia\/goldcoast\/#primaryimage\"},\"thumbnailUrl\":\"https:\/\/stunet.com.au\/ES\/wp-content\/uploads\/2019\/06\/Que-ver-en-Melbourne-1.jpg\",\"datePublished\":\"2019-06-05T19:42:57+00:00\",\"dateModified\":\"2023-10-23T17:25:14+00:00\",\"breadcrumb\":{\"@id\":\"https:\/\/stunet.com.au\/ES\/destinos-de-australia\/goldcoast\/#breadcrumb\"},\"inLanguage\":\"es\",\"potentialAction\":[{\"@type\":\"ReadAction\",\"target\":[\"https:\/\/stunet.com.au\/ES\/destinos-de-australia\/goldcoast\/\"]}]},{\"@type\":\"ImageObject\",\"inLanguage\":\"es\",\"@id\":\"https:\/\/stunet.com.au\/ES\/destinos-de-australia\/goldcoast\/#primaryimage\",\"url\":\"https:\/\/stunet.com.au\/ES\/wp-content\/uploads\/2019\/06\/Que-ver-en-Melbourne-1.jpg\",\"contentUrl\":\"https:\/\/stunet.com.au\/ES\/wp-content\/uploads\/2019\/06\/Que-ver-en-Melbourne-1.jpg\",\"width\":700,\"height\":330},{\"@type\":\"BreadcrumbList\",\"@id\":\"https:\/\/stunet.com.au\/ES\/destinos-de-australia\/goldcoast\/#breadcrumb\",\"itemListElement\":[{\"@type\":\"ListItem\",\"position\":1,\"name\":\"Portada\",\"item\":\"https:\/\/stunet.com.au\/ES\/\"},{\"@type\":\"ListItem\",\"position\":2,\"name\":\"Destinos de Australia\",\"item\":\"https:\/\/stunet.com.au\/ES\/destinos-de-australia\/\"},{\"@type\":\"ListItem\",\"position\":3,\"name\":\"Goldcoast\"}]},{\"@type\":\"WebSite\",\"@id\":\"https:\/\/stunet.com.au\/ES\/#website\",\"url\":\"https:\/\/stunet.com.au\/ES\/\",\"name\":\"Stunet\",\"description\":\"\",\"publisher\":{\"@id\":\"https:\/\/stunet.com.au\/ES\/#organization\"},\"potentialAction\":[{\"@type\":\"SearchAction\",\"target\":{\"@type\":\"EntryPoint\",\"urlTemplate\":\"https:\/\/stunet.com.au\/ES\/?s={search_term_string}\"},\"query-input\":\"required name=search_term_string\"}],\"inLanguage\":\"es\"},{\"@type\":\"Organization\",\"@id\":\"https:\/\/stunet.com.au\/ES\/#organization\",\"name\":\"Stunet\",\"url\":\"https:\/\/stunet.com.au\/ES\/\",\"logo\":{\"@type\":\"ImageObject\",\"inLanguage\":\"es\",\"@id\":\"https:\/\/stunet.com.au\/ES\/#\/schema\/logo\/image\/\",\"url\":\"https:\/\/stunet.com.au\/ES\/wp-content\/uploads\/2019\/04\/logo_transparent_background-1.png\",\"contentUrl\":\"https:\/\/stunet.com.au\/ES\/wp-content\/uploads\/2019\/04\/logo_transparent_background-1.png\",\"width\":3400,\"height\":912,\"caption\":\"Stunet\"},\"image\":{\"@id\":\"https:\/\/stunet.com.au\/ES\/#\/schema\/logo\/image\/\"},\"sameAs\":[\"https:\/\/www.facebook.com\/stuneteducation\",\"https:\/\/www.instagram.com\/stuneteducation\"]}]}<\/script>\n<!-- \/ Yoast SEO plugin. -->","yoast_head_json":{"title":"Goldcoast - Stunet","robots":{"index":"index","follow":"follow","max-snippet":"max-snippet:-1","max-image-preview":"max-image-preview:large","max-video-preview":"max-video-preview:-1"},"canonical":"https:\/\/stunet.com.au\/ES\/destinos-de-australia\/goldcoast\/","og_locale":"es_ES","og_type":"article","og_title":"Goldcoast - Stunet","og_description":"Goldcoast La Gold Coast de Australia es un \u00e1rea de unos 80 kil\u00f3metros que encontramos en el estado de Queensland, a unos 70 kil\u00f3metros al sur de Brisbane. Es uno de los destinos tur\u00edsticos m\u00e1s grandes y destacados de Australia. Es una zona de diferentes localidades habitada por m\u00e1s de medio mill\u00f3n de personas dedicadas &hellip; Goldcoast Leer m\u00e1s &raquo;","og_url":"https:\/\/stunet.com.au\/ES\/destinos-de-australia\/goldcoast\/","og_site_name":"Stunet","article_publisher":"https:\/\/www.facebook.com\/stuneteducation","article_modified_time":"2023-10-23T17:25:14+00:00","og_image":[{"url":"https:\/\/stunet.com.au\/ES\/wp-content\/uploads\/2019\/06\/Que-ver-en-Melbourne-1.jpg"}],"twitter_card":"summary_large_image","twitter_misc":{"Tiempo de lectura":"4 minutos"},"schema":{"@context":"https:\/\/schema.org","@graph":[{"@type":"WebPage","@id":"https:\/\/stunet.com.au\/ES\/destinos-de-australia\/goldcoast\/","url":"https:\/\/stunet.com.au\/ES\/destinos-de-australia\/goldcoast\/","name":"Goldcoast - Stunet","isPartOf":{"@id":"https:\/\/stunet.com.au\/ES\/#website"},"primaryImageOfPage":{"@id":"https:\/\/stunet.com.au\/ES\/destinos-de-australia\/goldcoast\/#primaryimage"},"image":{"@id":"https:\/\/stunet.com.au\/ES\/destinos-de-australia\/goldcoast\/#primaryimage"},"thumbnailUrl":"https:\/\/stunet.com.au\/ES\/wp-content\/uploads\/2019\/06\/Que-ver-en-Melbourne-1.jpg","datePublished":"2019-06-05T19:42:57+00:00","dateModified":"2023-10-23T17:25:14+00:00","breadcrumb":{"@id":"https:\/\/stunet.com.au\/ES\/destinos-de-australia\/goldcoast\/#breadcrumb"},"inLanguage":"es","potentialAction":[{"@type":"ReadAction","target":["https:\/\/stunet.com.au\/ES\/destinos-de-australia\/goldcoast\/"]}]},{"@type":"ImageObject","inLanguage":"es","@id":"https:\/\/stunet.com.au\/ES\/destinos-de-australia\/goldcoast\/#primaryimage","url":"https:\/\/stunet.com.au\/ES\/wp-content\/uploads\/2019\/06\/Que-ver-en-Melbourne-1.jpg","contentUrl":"https:\/\/stunet.com.au\/ES\/wp-content\/uploads\/2019\/06\/Que-ver-en-Melbourne-1.jpg","width":700,"height":330},{"@type":"BreadcrumbList","@id":"https:\/\/stunet.com.au\/ES\/destinos-de-australia\/goldcoast\/#breadcrumb","itemListElement":[{"@type":"ListItem","position":1,"name":"Portada","item":"https:\/\/stunet.com.au\/ES\/"},{"@type":"ListItem","position":2,"name":"Destinos de Australia","item":"https:\/\/stunet.com.au\/ES\/destinos-de-australia\/"},{"@type":"ListItem","position":3,"name":"Goldcoast"}]},{"@type":"WebSite","@id":"https:\/\/stunet.com.au\/ES\/#website","url":"https:\/\/stunet.com.au\/ES\/","name":"Stunet","description":"","publisher":{"@id":"https:\/\/stunet.com.au\/ES\/#organization"},"potentialAction":[{"@type":"SearchAction","target":{"@type":"EntryPoint","urlTemplate":"https:\/\/stunet.com.au\/ES\/?s={search_term_string}"},"query-input":"required name=search_term_string"}],"inLanguage":"es"},{"@type":"Organization","@id":"https:\/\/stunet.com.au\/ES\/#organization","name":"Stunet","url":"https:\/\/stunet.com.au\/ES\/","logo":{"@type":"ImageObject","inLanguage":"es","@id":"https:\/\/stunet.com.au\/ES\/#\/schema\/logo\/image\/","url":"https:\/\/stunet.com.au\/ES\/wp-content\/uploads\/2019\/04\/logo_transparent_background-1.png","contentUrl":"https:\/\/stunet.com.au\/ES\/wp-content\/uploads\/2019\/04\/logo_transparent_background-1.png","width":3400,"height":912,"caption":"Stunet"},"image":{"@id":"https:\/\/stunet.com.au\/ES\/#\/schema\/logo\/image\/"},"sameAs":["https:\/\/www.facebook.com\/stuneteducation","https:\/\/www.instagram.com\/stuneteducation"]}]}},"_links":{"self":[{"href":"https:\/\/stunet.com.au\/ES\/wp-json\/wp\/v2\/pages\/1490"}],"collection":[{"href":"https:\/\/stunet.com.au\/ES\/wp-json\/wp\/v2\/pages"}],"about":[{"href":"https:\/\/stunet.com.au\/ES\/wp-json\/wp\/v2\/types\/page"}],"author":[{"embeddable":true,"href":"https:\/\/stunet.com.au\/ES\/wp-json\/wp\/v2\/users\/1"}],"replies":[{"embeddable":true,"href":"https:\/\/stunet.com.au\/ES\/wp-json\/wp\/v2\/comments?post=1490"}],"version-history":[{"count":15,"href":"https:\/\/stunet.com.au\/ES\/wp-json\/wp\/v2\/pages\/1490\/revisions"}],"predecessor-version":[{"id":6113,"href":"https:\/\/stunet.com.au\/ES\/wp-json\/wp\/v2\/pages\/1490\/revisions\/6113"}],"up":[{"embeddable":true,"href":"https:\/\/stunet.com.au\/ES\/wp-json\/wp\/v2\/pages\/37"}],"wp:attachment":[{"href":"https:\/\/stunet.com.au\/ES\/wp-json\/wp\/v2\/media?parent=1490"}],"curies":[{"name":"wp","href":"https:\/\/api.w.org\/{rel}","templated":true}]}}